{"id":20300,"date":"2021-10-15T15:54:15","date_gmt":"2021-10-15T18:54:15","guid":{"rendered":"https:\/\/jugueterialudico.com.ar\/?post_type=product&#038;p=20300"},"modified":"2026-03-16T10:44:06","modified_gmt":"2026-03-16T13:44:06","slug":"dame-una-pista-amigos-del-mar","status":"publish","type":"product","link":"https:\/\/jugueterialudico.com.ar\/?product=dame-una-pista-amigos-del-mar","title":{"rendered":"DAME UNA PISTA! AMIGOS DEL MAR -064"},"content":{"rendered":"<p>DAME UNA PISTA! AMIGOS DEL MAR<\/p>\n<p><strong> A partir de los 7 a\u00f1os.<\/strong><\/p>\n<p>Mini enciclopedia visual de animales marinos.<\/p>\n<p>Observar, comparar y \u00a1descubrir!<\/p>\n<p>A trav\u00e9s de la lectura de las im\u00e1genes y la informaci\u00f3n que las acompa\u00f1a se comparte un tiempo de descubrimiento y de acercamiento a la diversidad del fascinante mundo animal.<\/p>\n<p>Las tarjetas que se incluyen generan preguntas y respuestas que estimulan la curiosidad y el aprendizaje entre pares.<\/p>\n<p>Con las tarjetas que se suministran \u00abvac\u00edas\u00bb los ni\u00f1os podr\u00e1n ampliar el material con sus propias creaciones.<\/p>\n<p>&nbsp;<\/p>\n","protected":false},"excerpt":{"rendered":"<p>DAME UNA PISTA! AMIGOS DEL MAR A partir de los 7 a\u00f1os. Mini enciclopedia visual de animales marinos. Observar, comparar y \u00a1descubrir! A trav\u00e9s de la lectura de las im\u00e1genes y la informaci\u00f3n que las acompa\u00f1a se comparte un tiempo de descubrimiento y de acercamiento a la diversidad del fascinante mundo animal. Las tarjetas que [&hellip;]<\/p>\n","protected":false},"featured_media":20437,"comment_status":"open","ping_status":"closed","template":"","meta":{"site-sidebar-layout":"default","site-content-layout":"","ast-site-content-layout":"","site-content-style":"default","site-sidebar-style":"default","ast-global-header-display":"","ast-banner-title-visibility":"","ast-main-header-display":"","ast-hfb-above-header-display":"","ast-hfb-below-header-display":"","ast-hfb-mobile-header-display":"","site-post-title":"","ast-breadcrumbs-content":"","ast-featured-img":"","footer-sml-layout":"","theme-transparent-header-meta":"","adv-header-id-meta":"","stick-header-meta":"","header-above-stick-meta":"","header-main-stick-meta":"","header-below-stick-meta":"","astra-migrate-meta-layouts":"default","ast-page-background-enabled":"default","ast-page-background-meta":{"desktop":{"background-color":"","background-image":"","background-repeat":"repeat","background-position":"center center","background-size":"auto","background-attachment":"scroll","background-type":"","background-media":"","overlay-type":"","overlay-color":"","overlay-opacity":"","overlay-gradient":""},"tablet":{"background-color":"","background-image":"","background-repeat":"repeat","background-position":"center center","background-size":"auto","background-attachment":"scroll","background-type":"","background-media":"","overlay-type":"","overlay-color":"","overlay-opacity":"","overlay-gradient":""},"mobile":{"background-color":"","background-image":"","background-repeat":"repeat","background-position":"center center","background-size":"auto","background-attachment":"scroll","background-type":"","background-media":"","overlay-type":"","overlay-color":"","overlay-opacity":"","overlay-gradient":""}},"ast-content-background-meta":{"desktop":{"background-color":"var(--ast-global-color-5)","background-image":"","background-repeat":"repeat","background-position":"center center","background-size":"auto","background-attachment":"scroll","background-type":"","background-media":"","overlay-type":"","overlay-color":"","overlay-opacity":"","overlay-gradient":""},"tablet":{"background-color":"var(--ast-global-color-5)","background-image":"","background-repeat":"repeat","background-position":"center center","background-size":"auto","background-attachment":"scroll","background-type":"","background-media":"","overlay-type":"","overlay-color":"","overlay-opacity":"","overlay-gradient":""},"mobile":{"background-color":"var(--ast-global-color-5)","background-image":"","background-repeat":"repeat","background-position":"center center","background-size":"auto","background-attachment":"scroll","background-type":"","background-media":"","overlay-type":"","overlay-color":"","overlay-opacity":"","overlay-gradient":""}},"spay_email":""},"product_cat":[166,167,151,74,145],"product_tag":[],"_links":{"self":[{"href":"https:\/\/jugueterialudico.com.ar\/index.php?rest_route=\/wp\/v2\/product\/20300"}],"collection":[{"href":"https:\/\/jugueterialudico.com.ar\/index.php?rest_route=\/wp\/v2\/product"}],"about":[{"href":"https:\/\/jugueterialudico.com.ar\/index.php?rest_route=\/wp\/v2\/types\/product"}],"replies":[{"embeddable":true,"href":"https:\/\/jugueterialudico.com.ar\/index.php?rest_route=%2Fwp%2Fv2%2Fcomments&post=20300"}],"wp:featuredmedia":[{"embeddable":true,"href":"https:\/\/jugueterialudico.com.ar\/index.php?rest_route=\/wp\/v2\/media\/20437"}],"wp:attachment":[{"href":"https:\/\/jugueterialudico.com.ar\/index.php?rest_route=%2Fwp%2Fv2%2Fmedia&parent=20300"}],"wp:term":[{"taxonomy":"product_cat","embeddable":true,"href":"https:\/\/jugueterialudico.com.ar\/index.php?rest_route=%2Fwp%2Fv2%2Fproduct_cat&post=20300"},{"taxonomy":"product_tag","embeddable":true,"href":"https:\/\/jugueterialudico.com.ar\/index.php?rest_route=%2Fwp%2Fv2%2Fproduct_tag&post=20300"}],"curies":[{"name":"wp","href":"https:\/\/api.w.org\/{rel}","templated":true}]}}