{"id":20303,"date":"2021-10-15T16:06:53","date_gmt":"2021-10-15T19:06:53","guid":{"rendered":"https:\/\/jugueterialudico.com.ar\/?post_type=product&#038;p=20303"},"modified":"2026-03-16T10:43:33","modified_gmt":"2026-03-16T13:43:33","slug":"alebrijes","status":"publish","type":"product","link":"https:\/\/jugueterialudico.com.ar\/?product=alebrijes","title":{"rendered":"ALEBRIJES -064"},"content":{"rendered":"<p>ALEBRIJES<\/p>\n<p><strong>A partir de los 8 a\u00f1os\u00a0<\/strong><\/p>\n<p>\u00bfQu\u00e9 es un alebrije? Es un tipo de escultura realizada generalmente con cart\u00f3n y decorada con texturas visuales multicolores. Originarios de M\u00e9xico, los alebrijes representan animales reales e imaginarios combinados de modo tal que dan vida a figuras fant\u00e1sticas.<\/p>\n<p>&nbsp;<\/p>\n<p>En este juego de estrategia tu misi\u00f3n es armar tr\u00edos de cartas para crear fabulosos personajes.<\/p>\n<p>Tendr\u00e1s que usar tu sagacidad y ser el primero en construir tres tr\u00edos distintos. Tus decisiones, mas un poco de azar, te har\u00e1n ganar la partida.<\/p>\n<p><strong>Contiene:<\/strong> 70 cartas ilustradas<\/p>\n","protected":false},"excerpt":{"rendered":"<p>ALEBRIJES A partir de los 8 a\u00f1os\u00a0 \u00bfQu\u00e9 es un alebrije? Es un tipo de escultura realizada generalmente con cart\u00f3n y decorada con texturas visuales multicolores. Originarios de M\u00e9xico, los alebrijes representan animales reales e imaginarios combinados de modo tal que dan vida a figuras fant\u00e1sticas. &nbsp; En este juego de estrategia tu misi\u00f3n es [&hellip;]<\/p>\n","protected":false},"featured_media":20439,"comment_status":"open","ping_status":"closed","template":"","meta":{"site-sidebar-layout":"default","site-content-layout":"","ast-site-content-layout":"","site-content-style":"default","site-sidebar-style":"default","ast-global-header-display":"","ast-banner-title-visibility":"","ast-main-header-display":"","ast-hfb-above-header-display":"","ast-hfb-below-header-display":"","ast-hfb-mobile-header-display":"","site-post-title":"","ast-breadcrumbs-content":"","ast-featured-img":"","footer-sml-layout":"","theme-transparent-header-meta":"","adv-header-id-meta":"","stick-header-meta":"","header-above-stick-meta":"","header-main-stick-meta":"","header-below-stick-meta":"","astra-migrate-meta-layouts":"default","ast-page-background-enabled":"default","ast-page-background-meta":{"desktop":{"background-color":"","background-image":"","background-repeat":"repeat","background-position":"center center","background-size":"auto","background-attachment":"scroll","background-type":"","background-media":"","overlay-type":"","overlay-color":"","overlay-opacity":"","overlay-gradient":""},"tablet":{"background-color":"","background-image":"","background-repeat":"repeat","background-position":"center center","background-size":"auto","background-attachment":"scroll","background-type":"","background-media":"","overlay-type":"","overlay-color":"","overlay-opacity":"","overlay-gradient":""},"mobile":{"background-color":"","background-image":"","background-repeat":"repeat","background-position":"center center","background-size":"auto","background-attachment":"scroll","background-type":"","background-media":"","overlay-type":"","overlay-color":"","overlay-opacity":"","overlay-gradient":""}},"ast-content-background-meta":{"desktop":{"background-color":"var(--ast-global-color-5)","background-image":"","background-repeat":"repeat","background-position":"center center","background-size":"auto","background-attachment":"scroll","background-type":"","background-media":"","overlay-type":"","overlay-color":"","overlay-opacity":"","overlay-gradient":""},"tablet":{"background-color":"var(--ast-global-color-5)","background-image":"","background-repeat":"repeat","background-position":"center center","background-size":"auto","background-attachment":"scroll","background-type":"","background-media":"","overlay-type":"","overlay-color":"","overlay-opacity":"","overlay-gradient":""},"mobile":{"background-color":"var(--ast-global-color-5)","background-image":"","background-repeat":"repeat","background-position":"center center","background-size":"auto","background-attachment":"scroll","background-type":"","background-media":"","overlay-type":"","overlay-color":"","overlay-opacity":"","overlay-gradient":""}},"spay_email":""},"product_cat":[166,167,151,74],"product_tag":[],"_links":{"self":[{"href":"https:\/\/jugueterialudico.com.ar\/index.php?rest_route=\/wp\/v2\/product\/20303"}],"collection":[{"href":"https:\/\/jugueterialudico.com.ar\/index.php?rest_route=\/wp\/v2\/product"}],"about":[{"href":"https:\/\/jugueterialudico.com.ar\/index.php?rest_route=\/wp\/v2\/types\/product"}],"replies":[{"embeddable":true,"href":"https:\/\/jugueterialudico.com.ar\/index.php?rest_route=%2Fwp%2Fv2%2Fcomments&post=20303"}],"wp:featuredmedia":[{"embeddable":true,"href":"https:\/\/jugueterialudico.com.ar\/index.php?rest_route=\/wp\/v2\/media\/20439"}],"wp:attachment":[{"href":"https:\/\/jugueterialudico.com.ar\/index.php?rest_route=%2Fwp%2Fv2%2Fmedia&parent=20303"}],"wp:term":[{"taxonomy":"product_cat","embeddable":true,"href":"https:\/\/jugueterialudico.com.ar\/index.php?rest_route=%2Fwp%2Fv2%2Fproduct_cat&post=20303"},{"taxonomy":"product_tag","embeddable":true,"href":"https:\/\/jugueterialudico.com.ar\/index.php?rest_route=%2Fwp%2Fv2%2Fproduct_tag&post=20303"}],"curies":[{"name":"wp","href":"https:\/\/api.w.org\/{rel}","templated":true}]}}