{"id":20311,"date":"2021-10-15T16:32:42","date_gmt":"2021-10-15T19:32:42","guid":{"rendered":"https:\/\/jugueterialudico.com.ar\/?post_type=product&#038;p=20311"},"modified":"2026-04-01T19:16:35","modified_gmt":"2026-04-01T22:16:35","slug":"mis-trompos","status":"publish","type":"product","link":"https:\/\/jugueterialudico.com.ar\/?product=mis-trompos","title":{"rendered":"MIS TROMPOS -060"},"content":{"rendered":"<p>MIS TROMPOS<\/p>\n<p><strong>A partir de 4 a\u00f1os<\/strong><\/p>\n<p>Es un juego de destreza y experimentaci\u00f3n.<\/p>\n<p>Donde podr\u00e1s observar el efecto que provocan las ilusiones \u00f3pticas al hacer girar los trompos, crear tus propias ilusiones y juega diferentes juegos con los trompos, como por ejemplo una carrera o ver qui\u00e9n puede hacerlos girar por m\u00e1s tiempo, entre otros desaf\u00edos.<\/p>\n<p>Contiene:<\/p>\n<p>2 trompos de madera<\/p>\n<p>3 discos con ilusiones \u00f3pticas impresas y de la otra cara en blanco<\/p>\n<p>3 discos con ambas caras en blanco para crear ilusiones \u00f3pticas nuevas<\/p>\n<p>marcadores<\/p>\n<p>stickers para recortar y seguir armando ilusiones \u00f3pticas.<\/p>\n<p>Instrucciones con distintas formas de jugar con los trompos.<\/p>\n<p>\u00a1Regalo sorpresa!<\/p>\n","protected":false},"excerpt":{"rendered":"<p>MIS TROMPOS A partir de 4 a\u00f1os Es un juego de destreza y experimentaci\u00f3n. Donde podr\u00e1s observar el efecto que provocan las ilusiones \u00f3pticas al hacer girar los trompos, crear tus propias ilusiones y juega diferentes juegos con los trompos, como por ejemplo una carrera o ver qui\u00e9n puede hacerlos girar por m\u00e1s tiempo, entre [&hellip;]<\/p>\n","protected":false},"featured_media":20312,"comment_status":"open","ping_status":"closed","template":"","meta":{"site-sidebar-layout":"default","site-content-layout":"","ast-site-content-layout":"","site-content-style":"default","site-sidebar-style":"default","ast-global-header-display":"","ast-banner-title-visibility":"","ast-main-header-display":"","ast-hfb-above-header-display":"","ast-hfb-below-header-display":"","ast-hfb-mobile-header-display":"","site-post-title":"","ast-breadcrumbs-content":"","ast-featured-img":"","footer-sml-layout":"","theme-transparent-header-meta":"","adv-header-id-meta":"","stick-header-meta":"","header-above-stick-meta":"","header-main-stick-meta":"","header-below-stick-meta":"","astra-migrate-meta-layouts":"default","ast-page-background-enabled":"default","ast-page-background-meta":{"desktop":{"background-color":"","background-image":"","background-repeat":"repeat","background-position":"center center","background-size":"auto","background-attachment":"scroll","background-type":"","background-media":"","overlay-type":"","overlay-color":"","overlay-opacity":"","overlay-gradient":""},"tablet":{"background-color":"","background-image":"","background-repeat":"repeat","background-position":"center center","background-size":"auto","background-attachment":"scroll","background-type":"","background-media":"","overlay-type":"","overlay-color":"","overlay-opacity":"","overlay-gradient":""},"mobile":{"background-color":"","background-image":"","background-repeat":"repeat","background-position":"center center","background-size":"auto","background-attachment":"scroll","background-type":"","background-media":"","overlay-type":"","overlay-color":"","overlay-opacity":"","overlay-gradient":""}},"ast-content-background-meta":{"desktop":{"background-color":"var(--ast-global-color-5)","background-image":"","background-repeat":"repeat","background-position":"center center","background-size":"auto","background-attachment":"scroll","background-type":"","background-media":"","overlay-type":"","overlay-color":"","overlay-opacity":"","overlay-gradient":""},"tablet":{"background-color":"var(--ast-global-color-5)","background-image":"","background-repeat":"repeat","background-position":"center center","background-size":"auto","background-attachment":"scroll","background-type":"","background-media":"","overlay-type":"","overlay-color":"","overlay-opacity":"","overlay-gradient":""},"mobile":{"background-color":"var(--ast-global-color-5)","background-image":"","background-repeat":"repeat","background-position":"center center","background-size":"auto","background-attachment":"scroll","background-type":"","background-media":"","overlay-type":"","overlay-color":"","overlay-opacity":"","overlay-gradient":""}},"spay_email":""},"product_cat":[165,166,78],"product_tag":[],"_links":{"self":[{"href":"https:\/\/jugueterialudico.com.ar\/index.php?rest_route=\/wp\/v2\/product\/20311"}],"collection":[{"href":"https:\/\/jugueterialudico.com.ar\/index.php?rest_route=\/wp\/v2\/product"}],"about":[{"href":"https:\/\/jugueterialudico.com.ar\/index.php?rest_route=\/wp\/v2\/types\/product"}],"replies":[{"embeddable":true,"href":"https:\/\/jugueterialudico.com.ar\/index.php?rest_route=%2Fwp%2Fv2%2Fcomments&post=20311"}],"wp:featuredmedia":[{"embeddable":true,"href":"https:\/\/jugueterialudico.com.ar\/index.php?rest_route=\/wp\/v2\/media\/20312"}],"wp:attachment":[{"href":"https:\/\/jugueterialudico.com.ar\/index.php?rest_route=%2Fwp%2Fv2%2Fmedia&parent=20311"}],"wp:term":[{"taxonomy":"product_cat","embeddable":true,"href":"https:\/\/jugueterialudico.com.ar\/index.php?rest_route=%2Fwp%2Fv2%2Fproduct_cat&post=20311"},{"taxonomy":"product_tag","embeddable":true,"href":"https:\/\/jugueterialudico.com.ar\/index.php?rest_route=%2Fwp%2Fv2%2Fproduct_tag&post=20311"}],"curies":[{"name":"wp","href":"https:\/\/api.w.org\/{rel}","templated":true}]}}