{"id":20315,"date":"2021-10-15T16:50:29","date_gmt":"2021-10-15T19:50:29","guid":{"rendered":"https:\/\/jugueterialudico.com.ar\/?post_type=product&#038;p=20315"},"modified":"2026-03-26T10:29:36","modified_gmt":"2026-03-26T13:29:36","slug":"creaciones-pipas","status":"publish","type":"product","link":"https:\/\/jugueterialudico.com.ar\/?product=creaciones-pipas","title":{"rendered":"CREACIONES PIPAS -060"},"content":{"rendered":"<p>CREACIONES PIPAS<\/p>\n<p><strong>A partir de 4 a\u00f1os<\/strong><\/p>\n<p>Para estimular la imaginaci\u00f3n y la motricidad fina<\/p>\n<p>Con este kit podr\u00e1s crear mu\u00f1ecos, formas o aquello que tu imaginaci\u00f3n desee a trav\u00e9s de la utilizaci\u00f3n de limpiapipas y elementos decorativo incluido.<\/p>\n<p>Los limpiapipas son muy flexibles, con pelitos suaves agradables al tacto y f\u00e1ciles de manipular.<\/p>\n<p>A jugar y crear!!!!<\/p>\n<p>Contiene:<\/p>\n<p>-Pipas de colores<\/p>\n<p>-Pelotitas de madera de colores<\/p>\n<p>-Pompones<\/p>\n<p>-Ojos m\u00f3viles<\/p>\n<p>-Manual de instrucciones e ideas<\/p>\n","protected":false},"excerpt":{"rendered":"<p>CREACIONES PIPAS A partir de 4 a\u00f1os Para estimular la imaginaci\u00f3n y la motricidad fina Con este kit podr\u00e1s crear mu\u00f1ecos, formas o aquello que tu imaginaci\u00f3n desee a trav\u00e9s de la utilizaci\u00f3n de limpiapipas y elementos decorativo incluido. Los limpiapipas son muy flexibles, con pelitos suaves agradables al tacto y f\u00e1ciles de manipular. A [&hellip;]<\/p>\n","protected":false},"featured_media":20316,"comment_status":"open","ping_status":"closed","template":"","meta":{"site-sidebar-layout":"default","site-content-layout":"","ast-site-content-layout":"","site-content-style":"default","site-sidebar-style":"default","ast-global-header-display":"","ast-banner-title-visibility":"","ast-main-header-display":"","ast-hfb-above-header-display":"","ast-hfb-below-header-display":"","ast-hfb-mobile-header-display":"","site-post-title":"","ast-breadcrumbs-content":"","ast-featured-img":"","footer-sml-layout":"","theme-transparent-header-meta":"","adv-header-id-meta":"","stick-header-meta":"","header-above-stick-meta":"","header-main-stick-meta":"","header-below-stick-meta":"","astra-migrate-meta-layouts":"default","ast-page-background-enabled":"default","ast-page-background-meta":{"desktop":{"background-color":"","background-image":"","background-repeat":"repeat","background-position":"center center","background-size":"auto","background-attachment":"scroll","background-type":"","background-media":"","overlay-type":"","overlay-color":"","overlay-opacity":"","overlay-gradient":""},"tablet":{"background-color":"","background-image":"","background-repeat":"repeat","background-position":"center center","background-size":"auto","background-attachment":"scroll","background-type":"","background-media":"","overlay-type":"","overlay-color":"","overlay-opacity":"","overlay-gradient":""},"mobile":{"background-color":"","background-image":"","background-repeat":"repeat","background-position":"center center","background-size":"auto","background-attachment":"scroll","background-type":"","background-media":"","overlay-type":"","overlay-color":"","overlay-opacity":"","overlay-gradient":""}},"ast-content-background-meta":{"desktop":{"background-color":"var(--ast-global-color-5)","background-image":"","background-repeat":"repeat","background-position":"center center","background-size":"auto","background-attachment":"scroll","background-type":"","background-media":"","overlay-type":"","overlay-color":"","overlay-opacity":"","overlay-gradient":""},"tablet":{"background-color":"var(--ast-global-color-5)","background-image":"","background-repeat":"repeat","background-position":"center center","background-size":"auto","background-attachment":"scroll","background-type":"","background-media":"","overlay-type":"","overlay-color":"","overlay-opacity":"","overlay-gradient":""},"mobile":{"background-color":"var(--ast-global-color-5)","background-image":"","background-repeat":"repeat","background-position":"center center","background-size":"auto","background-attachment":"scroll","background-type":"","background-media":"","overlay-type":"","overlay-color":"","overlay-opacity":"","overlay-gradient":""}},"spay_email":""},"product_cat":[164,165,78],"product_tag":[],"_links":{"self":[{"href":"https:\/\/jugueterialudico.com.ar\/index.php?rest_route=\/wp\/v2\/product\/20315"}],"collection":[{"href":"https:\/\/jugueterialudico.com.ar\/index.php?rest_route=\/wp\/v2\/product"}],"about":[{"href":"https:\/\/jugueterialudico.com.ar\/index.php?rest_route=\/wp\/v2\/types\/product"}],"replies":[{"embeddable":true,"href":"https:\/\/jugueterialudico.com.ar\/index.php?rest_route=%2Fwp%2Fv2%2Fcomments&post=20315"}],"wp:featuredmedia":[{"embeddable":true,"href":"https:\/\/jugueterialudico.com.ar\/index.php?rest_route=\/wp\/v2\/media\/20316"}],"wp:attachment":[{"href":"https:\/\/jugueterialudico.com.ar\/index.php?rest_route=%2Fwp%2Fv2%2Fmedia&parent=20315"}],"wp:term":[{"taxonomy":"product_cat","embeddable":true,"href":"https:\/\/jugueterialudico.com.ar\/index.php?rest_route=%2Fwp%2Fv2%2Fproduct_cat&post=20315"},{"taxonomy":"product_tag","embeddable":true,"href":"https:\/\/jugueterialudico.com.ar\/index.php?rest_route=%2Fwp%2Fv2%2Fproduct_tag&post=20315"}],"curies":[{"name":"wp","href":"https:\/\/api.w.org\/{rel}","templated":true}]}}