{"id":20339,"date":"2021-10-15T18:25:13","date_gmt":"2021-10-15T21:25:13","guid":{"rendered":"https:\/\/jugueterialudico.com.ar\/?post_type=product&#038;p=20339"},"modified":"2025-12-29T10:33:44","modified_gmt":"2025-12-29T13:33:44","slug":"construyendo-mis-personajes","status":"publish","type":"product","link":"https:\/\/jugueterialudico.com.ar\/?product=construyendo-mis-personajes","title":{"rendered":"CONSTRUYENDO MIS PERSONAJES -060"},"content":{"rendered":"<p>CONSTRUYENDO MIS PERSONAJES<\/p>\n<p><strong>A partir de 4 a\u00f1os<\/strong><\/p>\n<p>&nbsp;<\/p>\n<p>Estos mu\u00f1ecos tambi\u00e9n conocidos como Peg Dolls, son un excelente recurso l\u00fadico para potenciar la fantas\u00eda e imaginaci\u00f3n en los\/as ni\u00f1os\/as.<\/p>\n<p>Est\u00e1n dise\u00f1ados de una forma gen\u00e9rica y simple, para que sea el\/la ni\u00f1o\/a quien le de vida a los personajes, diciendo el sexo, edad, tipo de vestimenta y estado de animo a trav\u00e9s de las expresiones faciales que le dibujen.<\/p>\n<p>&nbsp;<\/p>\n<p>Contiene:<\/p>\n<p>-4 mu\u00f1ecos de madera tallados en una sola pieza<\/p>\n<p>-Temperas<\/p>\n<p>-Pincel<\/p>\n<p>-Marcador negro<\/p>\n<p>-Papeles adhesivos para crear ropa o accesorios<\/p>\n<p>&nbsp;<\/p>\n<p>&nbsp;<\/p>\n","protected":false},"excerpt":{"rendered":"<p>CONSTRUYENDO MIS PERSONAJES A partir de 4 a\u00f1os &nbsp; Estos mu\u00f1ecos tambi\u00e9n conocidos como Peg Dolls, son un excelente recurso l\u00fadico para potenciar la fantas\u00eda e imaginaci\u00f3n en los\/as ni\u00f1os\/as. Est\u00e1n dise\u00f1ados de una forma gen\u00e9rica y simple, para que sea el\/la ni\u00f1o\/a quien le de vida a los personajes, diciendo el sexo, edad, tipo [&hellip;]<\/p>\n","protected":false},"featured_media":20340,"comment_status":"open","ping_status":"closed","template":"","meta":{"site-sidebar-layout":"default","site-content-layout":"","ast-site-content-layout":"","site-content-style":"default","site-sidebar-style":"default","ast-global-header-display":"","ast-banner-title-visibility":"","ast-main-header-display":"","ast-hfb-above-header-display":"","ast-hfb-below-header-display":"","ast-hfb-mobile-header-display":"","site-post-title":"","ast-breadcrumbs-content":"","ast-featured-img":"","footer-sml-layout":"","theme-transparent-header-meta":"","adv-header-id-meta":"","stick-header-meta":"","header-above-stick-meta":"","header-main-stick-meta":"","header-below-stick-meta":"","astra-migrate-meta-layouts":"default","ast-page-background-enabled":"default","ast-page-background-meta":{"desktop":{"background-color":"","background-image":"","background-repeat":"repeat","background-position":"center center","background-size":"auto","background-attachment":"scroll","background-type":"","background-media":"","overlay-type":"","overlay-color":"","overlay-opacity":"","overlay-gradient":""},"tablet":{"background-color":"","background-image":"","background-repeat":"repeat","background-position":"center center","background-size":"auto","background-attachment":"scroll","background-type":"","background-media":"","overlay-type":"","overlay-color":"","overlay-opacity":"","overlay-gradient":""},"mobile":{"background-color":"","background-image":"","background-repeat":"repeat","background-position":"center center","background-size":"auto","background-attachment":"scroll","background-type":"","background-media":"","overlay-type":"","overlay-color":"","overlay-opacity":"","overlay-gradient":""}},"ast-content-background-meta":{"desktop":{"background-color":"var(--ast-global-color-5)","background-image":"","background-repeat":"repeat","background-position":"center center","background-size":"auto","background-attachment":"scroll","background-type":"","background-media":"","overlay-type":"","overlay-color":"","overlay-opacity":"","overlay-gradient":""},"tablet":{"background-color":"var(--ast-global-color-5)","background-image":"","background-repeat":"repeat","background-position":"center center","background-size":"auto","background-attachment":"scroll","background-type":"","background-media":"","overlay-type":"","overlay-color":"","overlay-opacity":"","overlay-gradient":""},"mobile":{"background-color":"var(--ast-global-color-5)","background-image":"","background-repeat":"repeat","background-position":"center center","background-size":"auto","background-attachment":"scroll","background-type":"","background-media":"","overlay-type":"","overlay-color":"","overlay-opacity":"","overlay-gradient":""}},"spay_email":""},"product_cat":[164,165,77,78,160],"product_tag":[],"_links":{"self":[{"href":"https:\/\/jugueterialudico.com.ar\/index.php?rest_route=\/wp\/v2\/product\/20339"}],"collection":[{"href":"https:\/\/jugueterialudico.com.ar\/index.php?rest_route=\/wp\/v2\/product"}],"about":[{"href":"https:\/\/jugueterialudico.com.ar\/index.php?rest_route=\/wp\/v2\/types\/product"}],"replies":[{"embeddable":true,"href":"https:\/\/jugueterialudico.com.ar\/index.php?rest_route=%2Fwp%2Fv2%2Fcomments&post=20339"}],"wp:featuredmedia":[{"embeddable":true,"href":"https:\/\/jugueterialudico.com.ar\/index.php?rest_route=\/wp\/v2\/media\/20340"}],"wp:attachment":[{"href":"https:\/\/jugueterialudico.com.ar\/index.php?rest_route=%2Fwp%2Fv2%2Fmedia&parent=20339"}],"wp:term":[{"taxonomy":"product_cat","embeddable":true,"href":"https:\/\/jugueterialudico.com.ar\/index.php?rest_route=%2Fwp%2Fv2%2Fproduct_cat&post=20339"},{"taxonomy":"product_tag","embeddable":true,"href":"https:\/\/jugueterialudico.com.ar\/index.php?rest_route=%2Fwp%2Fv2%2Fproduct_tag&post=20339"}],"curies":[{"name":"wp","href":"https:\/\/api.w.org\/{rel}","templated":true}]}}