{"id":20346,"date":"2021-10-15T18:59:19","date_gmt":"2021-10-15T21:59:19","guid":{"rendered":"https:\/\/jugueterialudico.com.ar\/?post_type=product&#038;p=20346"},"modified":"2026-02-06T17:05:23","modified_gmt":"2026-02-06T20:05:23","slug":"joyero-y-joyas","status":"publish","type":"product","link":"https:\/\/jugueterialudico.com.ar\/?product=joyero-y-joyas","title":{"rendered":"JOYERO Y JOYAS -060"},"content":{"rendered":"<p>JOYERO Y JOYAS<\/p>\n<p><strong>A partir de 5 a\u00f1os\u00a0<\/strong><\/p>\n<div><\/div>\n<div>\n<div>Con este kit podr\u00e1n crear un joyero en yeso, para luego pintarlo y decorarlo; crear joyas con canutillos de distintos materiales y tambi\u00e9n te ense\u00f1aremos a crear tus propios canutillos de papel.<\/div>\n<div><\/div>\n<div>Contiene:<\/div>\n<div><\/div>\n<div>-Moldes de pl\u00e1stico para crear el joyero<\/div>\n<div>-Yeso<\/div>\n<div>-Cuchara<\/div>\n<div>-Recipiente de pl\u00e1stico<\/div>\n<div>-Temperas<\/div>\n<div>-Pincel<\/div>\n<div>-Cuencas de distintos colores e instructivo para crear las propias con papel y mucho m\u00e1s!!<\/div>\n<\/div>\n<p>&nbsp;<\/p>\n<p>&nbsp;<\/p>\n","protected":false},"excerpt":{"rendered":"<p>JOYERO Y JOYAS A partir de 5 a\u00f1os\u00a0 Con este kit podr\u00e1n crear un joyero en yeso, para luego pintarlo y decorarlo; crear joyas con canutillos de distintos materiales y tambi\u00e9n te ense\u00f1aremos a crear tus propios canutillos de papel. Contiene: -Moldes de pl\u00e1stico para crear el joyero -Yeso -Cuchara -Recipiente de pl\u00e1stico -Temperas -Pincel [&hellip;]<\/p>\n","protected":false},"featured_media":20347,"comment_status":"open","ping_status":"closed","template":"","meta":{"site-sidebar-layout":"default","site-content-layout":"","ast-site-content-layout":"","site-content-style":"default","site-sidebar-style":"default","ast-global-header-display":"","ast-banner-title-visibility":"","ast-main-header-display":"","ast-hfb-above-header-display":"","ast-hfb-below-header-display":"","ast-hfb-mobile-header-display":"","site-post-title":"","ast-breadcrumbs-content":"","ast-featured-img":"","footer-sml-layout":"","theme-transparent-header-meta":"","adv-header-id-meta":"","stick-header-meta":"","header-above-stick-meta":"","header-main-stick-meta":"","header-below-stick-meta":"","astra-migrate-meta-layouts":"default","ast-page-background-enabled":"default","ast-page-background-meta":{"desktop":{"background-color":"","background-image":"","background-repeat":"repeat","background-position":"center center","background-size":"auto","background-attachment":"scroll","background-type":"","background-media":"","overlay-type":"","overlay-color":"","overlay-opacity":"","overlay-gradient":""},"tablet":{"background-color":"","background-image":"","background-repeat":"repeat","background-position":"center center","background-size":"auto","background-attachment":"scroll","background-type":"","background-media":"","overlay-type":"","overlay-color":"","overlay-opacity":"","overlay-gradient":""},"mobile":{"background-color":"","background-image":"","background-repeat":"repeat","background-position":"center center","background-size":"auto","background-attachment":"scroll","background-type":"","background-media":"","overlay-type":"","overlay-color":"","overlay-opacity":"","overlay-gradient":""}},"ast-content-background-meta":{"desktop":{"background-color":"var(--ast-global-color-5)","background-image":"","background-repeat":"repeat","background-position":"center center","background-size":"auto","background-attachment":"scroll","background-type":"","background-media":"","overlay-type":"","overlay-color":"","overlay-opacity":"","overlay-gradient":""},"tablet":{"background-color":"var(--ast-global-color-5)","background-image":"","background-repeat":"repeat","background-position":"center center","background-size":"auto","background-attachment":"scroll","background-type":"","background-media":"","overlay-type":"","overlay-color":"","overlay-opacity":"","overlay-gradient":""},"mobile":{"background-color":"var(--ast-global-color-5)","background-image":"","background-repeat":"repeat","background-position":"center center","background-size":"auto","background-attachment":"scroll","background-type":"","background-media":"","overlay-type":"","overlay-color":"","overlay-opacity":"","overlay-gradient":""}},"spay_email":""},"product_cat":[166,78],"product_tag":[],"_links":{"self":[{"href":"https:\/\/jugueterialudico.com.ar\/index.php?rest_route=\/wp\/v2\/product\/20346"}],"collection":[{"href":"https:\/\/jugueterialudico.com.ar\/index.php?rest_route=\/wp\/v2\/product"}],"about":[{"href":"https:\/\/jugueterialudico.com.ar\/index.php?rest_route=\/wp\/v2\/types\/product"}],"replies":[{"embeddable":true,"href":"https:\/\/jugueterialudico.com.ar\/index.php?rest_route=%2Fwp%2Fv2%2Fcomments&post=20346"}],"wp:featuredmedia":[{"embeddable":true,"href":"https:\/\/jugueterialudico.com.ar\/index.php?rest_route=\/wp\/v2\/media\/20347"}],"wp:attachment":[{"href":"https:\/\/jugueterialudico.com.ar\/index.php?rest_route=%2Fwp%2Fv2%2Fmedia&parent=20346"}],"wp:term":[{"taxonomy":"product_cat","embeddable":true,"href":"https:\/\/jugueterialudico.com.ar\/index.php?rest_route=%2Fwp%2Fv2%2Fproduct_cat&post=20346"},{"taxonomy":"product_tag","embeddable":true,"href":"https:\/\/jugueterialudico.com.ar\/index.php?rest_route=%2Fwp%2Fv2%2Fproduct_tag&post=20346"}],"curies":[{"name":"wp","href":"https:\/\/api.w.org\/{rel}","templated":true}]}}