{"id":20350,"date":"2021-10-15T19:11:09","date_gmt":"2021-10-15T22:11:09","guid":{"rendered":"https:\/\/jugueterialudico.com.ar\/?post_type=product&#038;p=20350"},"modified":"2026-02-06T17:04:03","modified_gmt":"2026-02-06T20:04:03","slug":"futgool","status":"publish","type":"product","link":"https:\/\/jugueterialudico.com.ar\/?product=futgool","title":{"rendered":"FUTGOOL -060"},"content":{"rendered":"<p>&nbsp;<\/p>\n<p>FUTGOOL<\/p>\n<p><strong>A partir de 5 a\u00f1os\u00a0<\/strong><\/p>\n<div>\n<div>Con este kit vas a jugar y divertirte con amigos o incluso entrenar s\u00f3lo.<\/div>\n<div><\/div>\n<div>Vas a poder darle vida a los jugadores con los stickers y crear tu propio equipo.<\/div>\n<div><\/div>\n<div>Tambi\u00e9n vas a poder pintar los arcos.<\/div>\n<div><\/div>\n<div>Contiene:<\/div>\n<div><\/div>\n<div>-2 arcos de f\u00fatbol con tope<\/div>\n<div>-kit de arcos de entrenamiento (3 unid. de distintos tama\u00f1os)<\/div>\n<div>-2 mu\u00f1ecos de madera<\/div>\n<div>-1 pelota de madera<\/div>\n<div>-tempera<\/div>\n<div>-pincel<\/div>\n<div>stickers de camisetas y shorts para vestir a tus mu\u00f1ecos<\/div>\n<div>-tiza<\/div>\n<div>-tarjetas e ideas de juego!<\/div>\n<div><\/div>\n<\/div>\n","protected":false},"excerpt":{"rendered":"<p>&nbsp; FUTGOOL A partir de 5 a\u00f1os\u00a0 Con este kit vas a jugar y divertirte con amigos o incluso entrenar s\u00f3lo. Vas a poder darle vida a los jugadores con los stickers y crear tu propio equipo. Tambi\u00e9n vas a poder pintar los arcos. Contiene: -2 arcos de f\u00fatbol con tope -kit de arcos de [&hellip;]<\/p>\n","protected":false},"featured_media":20379,"comment_status":"open","ping_status":"closed","template":"","meta":{"site-sidebar-layout":"default","site-content-layout":"","ast-site-content-layout":"","site-content-style":"default","site-sidebar-style":"default","ast-global-header-display":"","ast-banner-title-visibility":"","ast-main-header-display":"","ast-hfb-above-header-display":"","ast-hfb-below-header-display":"","ast-hfb-mobile-header-display":"","site-post-title":"","ast-breadcrumbs-content":"","ast-featured-img":"","footer-sml-layout":"","theme-transparent-header-meta":"","adv-header-id-meta":"","stick-header-meta":"","header-above-stick-meta":"","header-main-stick-meta":"","header-below-stick-meta":"","astra-migrate-meta-layouts":"default","ast-page-background-enabled":"default","ast-page-background-meta":{"desktop":{"background-color":"","background-image":"","background-repeat":"repeat","background-position":"center center","background-size":"auto","background-attachment":"scroll","background-type":"","background-media":"","overlay-type":"","overlay-color":"","overlay-opacity":"","overlay-gradient":""},"tablet":{"background-color":"","background-image":"","background-repeat":"repeat","background-position":"center center","background-size":"auto","background-attachment":"scroll","background-type":"","background-media":"","overlay-type":"","overlay-color":"","overlay-opacity":"","overlay-gradient":""},"mobile":{"background-color":"","background-image":"","background-repeat":"repeat","background-position":"center center","background-size":"auto","background-attachment":"scroll","background-type":"","background-media":"","overlay-type":"","overlay-color":"","overlay-opacity":"","overlay-gradient":""}},"ast-content-background-meta":{"desktop":{"background-color":"var(--ast-global-color-5)","background-image":"","background-repeat":"repeat","background-position":"center center","background-size":"auto","background-attachment":"scroll","background-type":"","background-media":"","overlay-type":"","overlay-color":"","overlay-opacity":"","overlay-gradient":""},"tablet":{"background-color":"var(--ast-global-color-5)","background-image":"","background-repeat":"repeat","background-position":"center center","background-size":"auto","background-attachment":"scroll","background-type":"","background-media":"","overlay-type":"","overlay-color":"","overlay-opacity":"","overlay-gradient":""},"mobile":{"background-color":"var(--ast-global-color-5)","background-image":"","background-repeat":"repeat","background-position":"center center","background-size":"auto","background-attachment":"scroll","background-type":"","background-media":"","overlay-type":"","overlay-color":"","overlay-opacity":"","overlay-gradient":""}},"spay_email":""},"product_cat":[165,166,78],"product_tag":[],"_links":{"self":[{"href":"https:\/\/jugueterialudico.com.ar\/index.php?rest_route=\/wp\/v2\/product\/20350"}],"collection":[{"href":"https:\/\/jugueterialudico.com.ar\/index.php?rest_route=\/wp\/v2\/product"}],"about":[{"href":"https:\/\/jugueterialudico.com.ar\/index.php?rest_route=\/wp\/v2\/types\/product"}],"replies":[{"embeddable":true,"href":"https:\/\/jugueterialudico.com.ar\/index.php?rest_route=%2Fwp%2Fv2%2Fcomments&post=20350"}],"wp:featuredmedia":[{"embeddable":true,"href":"https:\/\/jugueterialudico.com.ar\/index.php?rest_route=\/wp\/v2\/media\/20379"}],"wp:attachment":[{"href":"https:\/\/jugueterialudico.com.ar\/index.php?rest_route=%2Fwp%2Fv2%2Fmedia&parent=20350"}],"wp:term":[{"taxonomy":"product_cat","embeddable":true,"href":"https:\/\/jugueterialudico.com.ar\/index.php?rest_route=%2Fwp%2Fv2%2Fproduct_cat&post=20350"},{"taxonomy":"product_tag","embeddable":true,"href":"https:\/\/jugueterialudico.com.ar\/index.php?rest_route=%2Fwp%2Fv2%2Fproduct_tag&post=20350"}],"curies":[{"name":"wp","href":"https:\/\/api.w.org\/{rel}","templated":true}]}}