{"id":20351,"date":"2021-10-15T19:16:09","date_gmt":"2021-10-15T22:16:09","guid":{"rendered":"https:\/\/jugueterialudico.com.ar\/?post_type=product&#038;p=20351"},"modified":"2026-02-06T17:03:44","modified_gmt":"2026-02-06T20:03:44","slug":"buscando-peces","status":"publish","type":"product","link":"https:\/\/jugueterialudico.com.ar\/?product=buscando-peces","title":{"rendered":"BUSCANDO PECES -060"},"content":{"rendered":"<p>BUSCANDO PECES<\/p>\n<p><strong>A partir de 4 a\u00f1os\u00a0<\/strong><\/p>\n<div>\n<div>Es un juego din\u00e1mico y divertido, d\u00f3nde ganar\u00e1 aquel jugador que est\u00e9 m\u00e1s atento y r\u00e1pido.<\/div>\n<div>El objetivo es encontrar entre todos los peces del fondo del mar, aquel que tenga en su cuerpo los colores que salen en los dados.<\/div>\n<div>Ganar\u00e1 el jugador que a trav\u00e9s de las distintas partidas logr\u00e9 recolectar 5 peces multicolor<\/div>\n<div>A abrir bien grande los ojos y disfrutar de esta aventura en el fondo del mar,<\/div>\n<div>llena de color y de peces ex\u00f3ticos y divertidos!<\/div>\n<div><\/div>\n<\/div>\n","protected":false},"excerpt":{"rendered":"<p>BUSCANDO PECES A partir de 4 a\u00f1os\u00a0 Es un juego din\u00e1mico y divertido, d\u00f3nde ganar\u00e1 aquel jugador que est\u00e9 m\u00e1s atento y r\u00e1pido. El objetivo es encontrar entre todos los peces del fondo del mar, aquel que tenga en su cuerpo los colores que salen en los dados. Ganar\u00e1 el jugador que a trav\u00e9s de [&hellip;]<\/p>\n","protected":false},"featured_media":20352,"comment_status":"open","ping_status":"closed","template":"","meta":{"site-sidebar-layout":"default","site-content-layout":"","ast-site-content-layout":"","site-content-style":"default","site-sidebar-style":"default","ast-global-header-display":"","ast-banner-title-visibility":"","ast-main-header-display":"","ast-hfb-above-header-display":"","ast-hfb-below-header-display":"","ast-hfb-mobile-header-display":"","site-post-title":"","ast-breadcrumbs-content":"","ast-featured-img":"","footer-sml-layout":"","theme-transparent-header-meta":"","adv-header-id-meta":"","stick-header-meta":"","header-above-stick-meta":"","header-main-stick-meta":"","header-below-stick-meta":"","astra-migrate-meta-layouts":"default","ast-page-background-enabled":"default","ast-page-background-meta":{"desktop":{"background-color":"","background-image":"","background-repeat":"repeat","background-position":"center center","background-size":"auto","background-attachment":"scroll","background-type":"","background-media":"","overlay-type":"","overlay-color":"","overlay-opacity":"","overlay-gradient":""},"tablet":{"background-color":"","background-image":"","background-repeat":"repeat","background-position":"center center","background-size":"auto","background-attachment":"scroll","background-type":"","background-media":"","overlay-type":"","overlay-color":"","overlay-opacity":"","overlay-gradient":""},"mobile":{"background-color":"","background-image":"","background-repeat":"repeat","background-position":"center center","background-size":"auto","background-attachment":"scroll","background-type":"","background-media":"","overlay-type":"","overlay-color":"","overlay-opacity":"","overlay-gradient":""}},"ast-content-background-meta":{"desktop":{"background-color":"var(--ast-global-color-5)","background-image":"","background-repeat":"repeat","background-position":"center center","background-size":"auto","background-attachment":"scroll","background-type":"","background-media":"","overlay-type":"","overlay-color":"","overlay-opacity":"","overlay-gradient":""},"tablet":{"background-color":"var(--ast-global-color-5)","background-image":"","background-repeat":"repeat","background-position":"center center","background-size":"auto","background-attachment":"scroll","background-type":"","background-media":"","overlay-type":"","overlay-color":"","overlay-opacity":"","overlay-gradient":""},"mobile":{"background-color":"var(--ast-global-color-5)","background-image":"","background-repeat":"repeat","background-position":"center center","background-size":"auto","background-attachment":"scroll","background-type":"","background-media":"","overlay-type":"","overlay-color":"","overlay-opacity":"","overlay-gradient":""}},"spay_email":""},"product_cat":[165,166,151,74],"product_tag":[],"_links":{"self":[{"href":"https:\/\/jugueterialudico.com.ar\/index.php?rest_route=\/wp\/v2\/product\/20351"}],"collection":[{"href":"https:\/\/jugueterialudico.com.ar\/index.php?rest_route=\/wp\/v2\/product"}],"about":[{"href":"https:\/\/jugueterialudico.com.ar\/index.php?rest_route=\/wp\/v2\/types\/product"}],"replies":[{"embeddable":true,"href":"https:\/\/jugueterialudico.com.ar\/index.php?rest_route=%2Fwp%2Fv2%2Fcomments&post=20351"}],"wp:featuredmedia":[{"embeddable":true,"href":"https:\/\/jugueterialudico.com.ar\/index.php?rest_route=\/wp\/v2\/media\/20352"}],"wp:attachment":[{"href":"https:\/\/jugueterialudico.com.ar\/index.php?rest_route=%2Fwp%2Fv2%2Fmedia&parent=20351"}],"wp:term":[{"taxonomy":"product_cat","embeddable":true,"href":"https:\/\/jugueterialudico.com.ar\/index.php?rest_route=%2Fwp%2Fv2%2Fproduct_cat&post=20351"},{"taxonomy":"product_tag","embeddable":true,"href":"https:\/\/jugueterialudico.com.ar\/index.php?rest_route=%2Fwp%2Fv2%2Fproduct_tag&post=20351"}],"curies":[{"name":"wp","href":"https:\/\/api.w.org\/{rel}","templated":true}]}}