{"id":20359,"date":"2021-10-15T19:59:48","date_gmt":"2021-10-15T22:59:48","guid":{"rendered":"https:\/\/jugueterialudico.com.ar\/?post_type=product&#038;p=20359"},"modified":"2026-02-06T17:02:10","modified_gmt":"2026-02-06T20:02:10","slug":"anteojos-calavera","status":"publish","type":"product","link":"https:\/\/jugueterialudico.com.ar\/?product=anteojos-calavera","title":{"rendered":"ANTEOJOS- CALAVERA -060"},"content":{"rendered":"<div><\/div>\n<div>ANTEOJOS- CALAVERA<\/div>\n<div><strong>A partir de 4 a\u00f1os\u00a0<\/strong><\/div>\n<div><\/div>\n<div>Este kit tiene como objetivo armar y decorar tus propios anteojos de madera!<\/div>\n<div><\/div>\n<div>Disfrazarse no es solo una forma de jugar, sino tambi\u00e9n de aprender, desarrollando habilidades sociales, la relaci\u00f3n con otros, la teatralidad, la imaginaci\u00f3n, la simbolizaci\u00f3n y el pensamiento abstracto.<\/div>\n<div><\/div>\n<div>Contiene:<\/div>\n<div>-Marco y patillas de madera<\/div>\n<div>-Temperas<\/div>\n<div>-Pincel<\/div>\n<div>-Adhesivo vin\u00edlico<\/div>\n<div>-Apliques para decorar<\/div>\n<div>\n<div><\/div>\n<\/div>\n","protected":false},"excerpt":{"rendered":"<p>ANTEOJOS- CALAVERA A partir de 4 a\u00f1os\u00a0 Este kit tiene como objetivo armar y decorar tus propios anteojos de madera! Disfrazarse no es solo una forma de jugar, sino tambi\u00e9n de aprender, desarrollando habilidades sociales, la relaci\u00f3n con otros, la teatralidad, la imaginaci\u00f3n, la simbolizaci\u00f3n y el pensamiento abstracto. Contiene: -Marco y patillas de madera [&hellip;]<\/p>\n","protected":false},"featured_media":20360,"comment_status":"open","ping_status":"closed","template":"","meta":{"site-sidebar-layout":"default","site-content-layout":"","ast-site-content-layout":"","site-content-style":"default","site-sidebar-style":"default","ast-global-header-display":"","ast-banner-title-visibility":"","ast-main-header-display":"","ast-hfb-above-header-display":"","ast-hfb-below-header-display":"","ast-hfb-mobile-header-display":"","site-post-title":"","ast-breadcrumbs-content":"","ast-featured-img":"","footer-sml-layout":"","theme-transparent-header-meta":"","adv-header-id-meta":"","stick-header-meta":"","header-above-stick-meta":"","header-main-stick-meta":"","header-below-stick-meta":"","astra-migrate-meta-layouts":"default","ast-page-background-enabled":"default","ast-page-background-meta":{"desktop":{"background-color":"","background-image":"","background-repeat":"repeat","background-position":"center center","background-size":"auto","background-attachment":"scroll","background-type":"","background-media":"","overlay-type":"","overlay-color":"","overlay-opacity":"","overlay-gradient":""},"tablet":{"background-color":"","background-image":"","background-repeat":"repeat","background-position":"center center","background-size":"auto","background-attachment":"scroll","background-type":"","background-media":"","overlay-type":"","overlay-color":"","overlay-opacity":"","overlay-gradient":""},"mobile":{"background-color":"","background-image":"","background-repeat":"repeat","background-position":"center center","background-size":"auto","background-attachment":"scroll","background-type":"","background-media":"","overlay-type":"","overlay-color":"","overlay-opacity":"","overlay-gradient":""}},"ast-content-background-meta":{"desktop":{"background-color":"var(--ast-global-color-5)","background-image":"","background-repeat":"repeat","background-position":"center center","background-size":"auto","background-attachment":"scroll","background-type":"","background-media":"","overlay-type":"","overlay-color":"","overlay-opacity":"","overlay-gradient":""},"tablet":{"background-color":"var(--ast-global-color-5)","background-image":"","background-repeat":"repeat","background-position":"center center","background-size":"auto","background-attachment":"scroll","background-type":"","background-media":"","overlay-type":"","overlay-color":"","overlay-opacity":"","overlay-gradient":""},"mobile":{"background-color":"var(--ast-global-color-5)","background-image":"","background-repeat":"repeat","background-position":"center center","background-size":"auto","background-attachment":"scroll","background-type":"","background-media":"","overlay-type":"","overlay-color":"","overlay-opacity":"","overlay-gradient":""}},"spay_email":""},"product_cat":[166,78],"product_tag":[],"_links":{"self":[{"href":"https:\/\/jugueterialudico.com.ar\/index.php?rest_route=\/wp\/v2\/product\/20359"}],"collection":[{"href":"https:\/\/jugueterialudico.com.ar\/index.php?rest_route=\/wp\/v2\/product"}],"about":[{"href":"https:\/\/jugueterialudico.com.ar\/index.php?rest_route=\/wp\/v2\/types\/product"}],"replies":[{"embeddable":true,"href":"https:\/\/jugueterialudico.com.ar\/index.php?rest_route=%2Fwp%2Fv2%2Fcomments&post=20359"}],"wp:featuredmedia":[{"embeddable":true,"href":"https:\/\/jugueterialudico.com.ar\/index.php?rest_route=\/wp\/v2\/media\/20360"}],"wp:attachment":[{"href":"https:\/\/jugueterialudico.com.ar\/index.php?rest_route=%2Fwp%2Fv2%2Fmedia&parent=20359"}],"wp:term":[{"taxonomy":"product_cat","embeddable":true,"href":"https:\/\/jugueterialudico.com.ar\/index.php?rest_route=%2Fwp%2Fv2%2Fproduct_cat&post=20359"},{"taxonomy":"product_tag","embeddable":true,"href":"https:\/\/jugueterialudico.com.ar\/index.php?rest_route=%2Fwp%2Fv2%2Fproduct_tag&post=20359"}],"curies":[{"name":"wp","href":"https:\/\/api.w.org\/{rel}","templated":true}]}}