{"id":20365,"date":"2021-10-15T20:10:50","date_gmt":"2021-10-15T23:10:50","guid":{"rendered":"https:\/\/jugueterialudico.com.ar\/?post_type=product&#038;p=20365"},"modified":"2026-02-06T17:01:32","modified_gmt":"2026-02-06T20:01:32","slug":"catapulta","status":"publish","type":"product","link":"https:\/\/jugueterialudico.com.ar\/?product=catapulta","title":{"rendered":"CATAPULTA -060"},"content":{"rendered":"<div><\/div>\n<div>CATAPULTA<\/div>\n<div><strong>A partir de 4 a\u00f1os\u00a0<\/strong><\/div>\n<div><\/div>\n<div>Con este kit vas a poder armar tu propia catapulta de madera!<\/div>\n<div>Con practica podr\u00e1s ir mejorando tu punter\u00eda y experimentar distintos lanzamientos de acuerdo al tipo de juego que quieras realizar: Distancia, punter\u00eda, derribe o emboque.<\/div>\n<div>Llego la hora de divertirse!<\/div>\n<div><\/div>\n<div>Contiene:<\/div>\n<div>-Kit para armar tu catapulta<\/div>\n<div>-Kit para armar tu mini catapulta<\/div>\n<div>-Cubos de carton para armar<\/div>\n<div>-Elementos para lanzar<\/div>\n<div>-adhesivo vinilico<\/div>\n<div>-instructivo de armado con fotos e ideas de juego<\/div>\n<div><\/div>\n<div><\/div>\n<div><\/div>\n<div>\n<div><\/div>\n<\/div>\n","protected":false},"excerpt":{"rendered":"<p>CATAPULTA A partir de 4 a\u00f1os\u00a0 Con este kit vas a poder armar tu propia catapulta de madera! Con practica podr\u00e1s ir mejorando tu punter\u00eda y experimentar distintos lanzamientos de acuerdo al tipo de juego que quieras realizar: Distancia, punter\u00eda, derribe o emboque. Llego la hora de divertirse! Contiene: -Kit para armar tu catapulta -Kit [&hellip;]<\/p>\n","protected":false},"featured_media":20366,"comment_status":"open","ping_status":"closed","template":"","meta":{"site-sidebar-layout":"default","site-content-layout":"default","ast-site-content-layout":"","site-content-style":"default","site-sidebar-style":"default","ast-global-header-display":"","ast-banner-title-visibility":"","ast-main-header-display":"","ast-hfb-above-header-display":"","ast-hfb-below-header-display":"","ast-hfb-mobile-header-display":"","site-post-title":"","ast-breadcrumbs-content":"","ast-featured-img":"","footer-sml-layout":"","theme-transparent-header-meta":"default","adv-header-id-meta":"","stick-header-meta":"","header-above-stick-meta":"","header-main-stick-meta":"","header-below-stick-meta":"","astra-migrate-meta-layouts":"default","ast-page-background-enabled":"default","ast-page-background-meta":{"desktop":{"background-color":"","background-image":"","background-repeat":"repeat","background-position":"center center","background-size":"auto","background-attachment":"scroll","background-type":"","background-media":"","overlay-type":"","overlay-color":"","overlay-opacity":"","overlay-gradient":""},"tablet":{"background-color":"","background-image":"","background-repeat":"repeat","background-position":"center center","background-size":"auto","background-attachment":"scroll","background-type":"","background-media":"","overlay-type":"","overlay-color":"","overlay-opacity":"","overlay-gradient":""},"mobile":{"background-color":"","background-image":"","background-repeat":"repeat","background-position":"center center","background-size":"auto","background-attachment":"scroll","background-type":"","background-media":"","overlay-type":"","overlay-color":"","overlay-opacity":"","overlay-gradient":""}},"ast-content-background-meta":{"desktop":{"background-color":"var(--ast-global-color-5)","background-image":"","background-repeat":"repeat","background-position":"center center","background-size":"auto","background-attachment":"scroll","background-type":"","background-media":"","overlay-type":"","overlay-color":"","overlay-opacity":"","overlay-gradient":""},"tablet":{"background-color":"var(--ast-global-color-5)","background-image":"","background-repeat":"repeat","background-position":"center center","background-size":"auto","background-attachment":"scroll","background-type":"","background-media":"","overlay-type":"","overlay-color":"","overlay-opacity":"","overlay-gradient":""},"mobile":{"background-color":"var(--ast-global-color-5)","background-image":"","background-repeat":"repeat","background-position":"center center","background-size":"auto","background-attachment":"scroll","background-type":"","background-media":"","overlay-type":"","overlay-color":"","overlay-opacity":"","overlay-gradient":""}},"spay_email":""},"product_cat":[165,166,78],"product_tag":[],"_links":{"self":[{"href":"https:\/\/jugueterialudico.com.ar\/index.php?rest_route=\/wp\/v2\/product\/20365"}],"collection":[{"href":"https:\/\/jugueterialudico.com.ar\/index.php?rest_route=\/wp\/v2\/product"}],"about":[{"href":"https:\/\/jugueterialudico.com.ar\/index.php?rest_route=\/wp\/v2\/types\/product"}],"replies":[{"embeddable":true,"href":"https:\/\/jugueterialudico.com.ar\/index.php?rest_route=%2Fwp%2Fv2%2Fcomments&post=20365"}],"wp:featuredmedia":[{"embeddable":true,"href":"https:\/\/jugueterialudico.com.ar\/index.php?rest_route=\/wp\/v2\/media\/20366"}],"wp:attachment":[{"href":"https:\/\/jugueterialudico.com.ar\/index.php?rest_route=%2Fwp%2Fv2%2Fmedia&parent=20365"}],"wp:term":[{"taxonomy":"product_cat","embeddable":true,"href":"https:\/\/jugueterialudico.com.ar\/index.php?rest_route=%2Fwp%2Fv2%2Fproduct_cat&post=20365"},{"taxonomy":"product_tag","embeddable":true,"href":"https:\/\/jugueterialudico.com.ar\/index.php?rest_route=%2Fwp%2Fv2%2Fproduct_tag&post=20365"}],"curies":[{"name":"wp","href":"https:\/\/api.w.org\/{rel}","templated":true}]}}