{"id":20552,"date":"2020-08-21T12:35:16","date_gmt":"2020-08-21T15:35:16","guid":{"rendered":"https:\/\/jugueterialudico.com.ar\/?post_type=product&#038;p=20552"},"modified":"2026-04-10T17:13:08","modified_gmt":"2026-04-10T20:13:08","slug":"autos-al-agua","status":"publish","type":"product","link":"https:\/\/jugueterialudico.com.ar\/?product=autos-al-agua","title":{"rendered":"AUTOS AL AGUA S\/RED -001"},"content":{"rendered":"<p>AUTOS AL AGUA<\/p>\n<p><strong>DESDE LOS 6 MESES\u00a0<\/strong><\/p>\n<p><strong>En sus marcas, preparados YAA!!!<\/strong><\/p>\n<p>Con nuestros autos Al agua pod\u00e9s armar una carrera de autos donde quieras!<\/p>\n<p>Los juegos de figuras ayudan a desarrollar habilidades motrices, de ubicaci\u00f3n espacial, del habla y la creatividad.<\/p>\n<p>&nbsp;<\/p>\n<p>Incluye 20 Figuras: autos motos y carretera.<\/p>\n<p>&nbsp;<\/p>\n<p>Tama\u00f1o de caja: 19x30cm<\/p>\n<p>Peso: 70g<\/p>\n<p>&nbsp;<\/p>\n<p><strong>Habilidades que desarrolla: habla,\u00a0motricidad, creatividad y espacio.<\/strong><\/p>\n","protected":false},"excerpt":{"rendered":"<div><strong>DINOS AL AGUA<\/strong><\/div>\n<div>\n<p>Existieron hace millones de a\u00f1os pero AMABAN el agua \u00a1\u00a1Pegalos en los azulejos, dejalos flotar y hac\u00e9 del ba\u00f1o el momento m\u00e1s divertido del d\u00eda!<br \/>\nLos juegos de figuras para el agua ayudan a desarrollar habilidades motrices, de ubicaci\u00f3n espacial, del habla y la creatividad.<br \/>\n<span style=\"color: #0eb2b2;\">Incluye 20 figuras + bolsa de red para colgar<br \/>\n<\/span>Tama\u00f1o de caja: 19x30cm<br \/>\nPeso: 68g<br \/>\n<strong>Habilidades que desarrolla: espacio, habla y lecto-escritura.<\/strong><\/p>\n<\/div>\n<p>&nbsp;<\/p>\n","protected":false},"featured_media":20553,"comment_status":"closed","ping_status":"closed","template":"","meta":{"site-sidebar-layout":"default","site-content-layout":"","ast-site-content-layout":"","site-content-style":"default","site-sidebar-style":"default","ast-global-header-display":"","ast-banner-title-visibility":"","ast-main-header-display":"","ast-hfb-above-header-display":"","ast-hfb-below-header-display":"","ast-hfb-mobile-header-display":"","site-post-title":"","ast-breadcrumbs-content":"","ast-featured-img":"","footer-sml-layout":"","theme-transparent-header-meta":"","adv-header-id-meta":"","stick-header-meta":"","header-above-stick-meta":"","header-main-stick-meta":"","header-below-stick-meta":"","astra-migrate-meta-layouts":"default","ast-page-background-enabled":"default","ast-page-background-meta":{"desktop":{"background-color":"","background-image":"","background-repeat":"repeat","background-position":"center center","background-size":"auto","background-attachment":"scroll","background-type":"","background-media":"","overlay-type":"","overlay-color":"","overlay-opacity":"","overlay-gradient":""},"tablet":{"background-color":"","background-image":"","background-repeat":"repeat","background-position":"center center","background-size":"auto","background-attachment":"scroll","background-type":"","background-media":"","overlay-type":"","overlay-color":"","overlay-opacity":"","overlay-gradient":""},"mobile":{"background-color":"","background-image":"","background-repeat":"repeat","background-position":"center center","background-size":"auto","background-attachment":"scroll","background-type":"","background-media":"","overlay-type":"","overlay-color":"","overlay-opacity":"","overlay-gradient":""}},"ast-content-background-meta":{"desktop":{"background-color":"var(--ast-global-color-5)","background-image":"","background-repeat":"repeat","background-position":"center center","background-size":"auto","background-attachment":"scroll","background-type":"","background-media":"","overlay-type":"","overlay-color":"","overlay-opacity":"","overlay-gradient":""},"tablet":{"background-color":"var(--ast-global-color-5)","background-image":"","background-repeat":"repeat","background-position":"center center","background-size":"auto","background-attachment":"scroll","background-type":"","background-media":"","overlay-type":"","overlay-color":"","overlay-opacity":"","overlay-gradient":""},"mobile":{"background-color":"var(--ast-global-color-5)","background-image":"","background-repeat":"repeat","background-position":"center center","background-size":"auto","background-attachment":"scroll","background-type":"","background-media":"","overlay-type":"","overlay-color":"","overlay-opacity":"","overlay-gradient":""}},"spay_email":""},"product_cat":[161,155,153,159],"product_tag":[],"_links":{"self":[{"href":"https:\/\/jugueterialudico.com.ar\/index.php?rest_route=\/wp\/v2\/product\/20552"}],"collection":[{"href":"https:\/\/jugueterialudico.com.ar\/index.php?rest_route=\/wp\/v2\/product"}],"about":[{"href":"https:\/\/jugueterialudico.com.ar\/index.php?rest_route=\/wp\/v2\/types\/product"}],"replies":[{"embeddable":true,"href":"https:\/\/jugueterialudico.com.ar\/index.php?rest_route=%2Fwp%2Fv2%2Fcomments&post=20552"}],"wp:featuredmedia":[{"embeddable":true,"href":"https:\/\/jugueterialudico.com.ar\/index.php?rest_route=\/wp\/v2\/media\/20553"}],"wp:attachment":[{"href":"https:\/\/jugueterialudico.com.ar\/index.php?rest_route=%2Fwp%2Fv2%2Fmedia&parent=20552"}],"wp:term":[{"taxonomy":"product_cat","embeddable":true,"href":"https:\/\/jugueterialudico.com.ar\/index.php?rest_route=%2Fwp%2Fv2%2Fproduct_cat&post=20552"},{"taxonomy":"product_tag","embeddable":true,"href":"https:\/\/jugueterialudico.com.ar\/index.php?rest_route=%2Fwp%2Fv2%2Fproduct_tag&post=20552"}],"curies":[{"name":"wp","href":"https:\/\/api.w.org\/{rel}","templated":true}]}}