{"id":20619,"date":"2020-07-27T01:23:35","date_gmt":"2020-07-27T04:23:35","guid":{"rendered":"https:\/\/jugueterialudico.com.ar\/?post_type=product&#038;p=20619"},"modified":"2026-03-09T11:59:07","modified_gmt":"2026-03-09T14:59:07","slug":"quimica-divertida","status":"publish","type":"product","link":"https:\/\/jugueterialudico.com.ar\/?product=quimica-divertida","title":{"rendered":"QUIMICA DIVERTIDA -044"},"content":{"rendered":"<p><strong>QUIMICA DIVERTIDA<\/strong><\/p>\n<p><strong>Desde los 8 A\u00d1OS<\/strong><\/p>\n<div class=\"prod-info\">\n<div class=\"prod-descripcion\">\n<div class=\"prod-info\">\n<div class=\"prod-descripcion\">\n<div class=\"prod-info\">\n<div class=\"prod-descripcion\">\n<p>Podr\u00e1s fabricar pelotas saltarinas, masas pegajosas y ruidos graciosos! Con el kit adem\u00e1s podr\u00e1s cultivar tu propio jard\u00edn qu\u00edmico y predecir el clima descubriendo el fascinante mundo de la qu\u00edmica. No contiene elementos de vidrio ni es necesario uso de fuego para realizar los experimentos.<\/p>\n<\/div>\n<div class=\"imgcont222\">\n<div class=\"imgcont22\">Instructivo<br \/>\nFrasco de<br \/>\nprecipitado<\/div>\n<div class=\"imgcont222\">\nTubos de<br \/>\nensayo<\/div>\n<div class=\"imgcont222\">\nPortatubos<br \/>\nEmbudo<br \/>\nPipetas<br \/>\nVasito<br \/>\nGradudo<\/div>\n<div class=\"imgcont222\">\nCuchara<br \/>\nGraduada<\/div>\n<div class=\"imgcont222\">\nFiltros<br \/>\nT\u00e9mperas<br \/>\nAgitadores<br \/>\nPapel de<br \/>\nCromatograf\u00eda<\/div>\n<div class=\"imgcont222\">\nGuantes de<br \/>\nlatex<\/div>\n<div class=\"imgcont222\">\nAnteojos de<br \/>\nseguridad<\/div>\n<div class=\"imgcont222\">\nSilicato<br \/>\nde Sodio<\/div>\n<div class=\"imgcont222\">\nAlcohol<br \/>\nEt\u00edlico<\/div>\n<div class=\"imgcont222\">\nAcido<br \/>\nAc\u00e9tico<\/div>\n<div class=\"imgcont222\">\nCola<br \/>\nVin\u00edlica<\/div>\n<div class=\"imgcont222\">\nSulfato de<br \/>\nCobre<\/div>\n<div class=\"imgcont222\">\nCloruro<br \/>\nde Cobalto<\/div>\n<div class=\"imgcont222\">\nBorax<br \/>\nGoma Guar<\/div>\n<\/div>\n<\/div>\n<\/div>\n<\/div>\n<\/div>\n<\/div>\n","protected":false},"excerpt":{"rendered":"<p>&nbsp;<\/p>\n<p>&nbsp;<\/p>\n<p>&nbsp;<\/p>\n<p>&nbsp;<\/p>\n<p>&nbsp;<\/p>\n","protected":false},"featured_media":20620,"comment_status":"closed","ping_status":"closed","template":"","meta":{"site-sidebar-layout":"default","site-content-layout":"","ast-site-content-layout":"","site-content-style":"default","site-sidebar-style":"default","ast-global-header-display":"","ast-banner-title-visibility":"","ast-main-header-display":"","ast-hfb-above-header-display":"","ast-hfb-below-header-display":"","ast-hfb-mobile-header-display":"","site-post-title":"","ast-breadcrumbs-content":"","ast-featured-img":"","footer-sml-layout":"","theme-transparent-header-meta":"","adv-header-id-meta":"","stick-header-meta":"","header-above-stick-meta":"","header-main-stick-meta":"","header-below-stick-meta":"","astra-migrate-meta-layouts":"default","ast-page-background-enabled":"default","ast-page-background-meta":{"desktop":{"background-color":"","background-image":"","background-repeat":"repeat","background-position":"center center","background-size":"auto","background-attachment":"scroll","background-type":"","background-media":"","overlay-type":"","overlay-color":"","overlay-opacity":"","overlay-gradient":""},"tablet":{"background-color":"","background-image":"","background-repeat":"repeat","background-position":"center center","background-size":"auto","background-attachment":"scroll","background-type":"","background-media":"","overlay-type":"","overlay-color":"","overlay-opacity":"","overlay-gradient":""},"mobile":{"background-color":"","background-image":"","background-repeat":"repeat","background-position":"center center","background-size":"auto","background-attachment":"scroll","background-type":"","background-media":"","overlay-type":"","overlay-color":"","overlay-opacity":"","overlay-gradient":""}},"ast-content-background-meta":{"desktop":{"background-color":"var(--ast-global-color-5)","background-image":"","background-repeat":"repeat","background-position":"center center","background-size":"auto","background-attachment":"scroll","background-type":"","background-media":"","overlay-type":"","overlay-color":"","overlay-opacity":"","overlay-gradient":""},"tablet":{"background-color":"var(--ast-global-color-5)","background-image":"","background-repeat":"repeat","background-position":"center center","background-size":"auto","background-attachment":"scroll","background-type":"","background-media":"","overlay-type":"","overlay-color":"","overlay-opacity":"","overlay-gradient":""},"mobile":{"background-color":"var(--ast-global-color-5)","background-image":"","background-repeat":"repeat","background-position":"center center","background-size":"auto","background-attachment":"scroll","background-type":"","background-media":"","overlay-type":"","overlay-color":"","overlay-opacity":"","overlay-gradient":""}},"spay_email":""},"product_cat":[167,75],"product_tag":[],"_links":{"self":[{"href":"https:\/\/jugueterialudico.com.ar\/index.php?rest_route=\/wp\/v2\/product\/20619"}],"collection":[{"href":"https:\/\/jugueterialudico.com.ar\/index.php?rest_route=\/wp\/v2\/product"}],"about":[{"href":"https:\/\/jugueterialudico.com.ar\/index.php?rest_route=\/wp\/v2\/types\/product"}],"replies":[{"embeddable":true,"href":"https:\/\/jugueterialudico.com.ar\/index.php?rest_route=%2Fwp%2Fv2%2Fcomments&post=20619"}],"wp:featuredmedia":[{"embeddable":true,"href":"https:\/\/jugueterialudico.com.ar\/index.php?rest_route=\/wp\/v2\/media\/20620"}],"wp:attachment":[{"href":"https:\/\/jugueterialudico.com.ar\/index.php?rest_route=%2Fwp%2Fv2%2Fmedia&parent=20619"}],"wp:term":[{"taxonomy":"product_cat","embeddable":true,"href":"https:\/\/jugueterialudico.com.ar\/index.php?rest_route=%2Fwp%2Fv2%2Fproduct_cat&post=20619"},{"taxonomy":"product_tag","embeddable":true,"href":"https:\/\/jugueterialudico.com.ar\/index.php?rest_route=%2Fwp%2Fv2%2Fproduct_tag&post=20619"}],"curies":[{"name":"wp","href":"https:\/\/api.w.org\/{rel}","templated":true}]}}