{"id":20953,"date":"2021-12-13T19:21:50","date_gmt":"2021-12-13T22:21:50","guid":{"rendered":"https:\/\/jugueterialudico.com.ar\/?post_type=product&#038;p=20953"},"modified":"2026-02-18T16:26:26","modified_gmt":"2026-02-18T19:26:26","slug":"va-y-viene","status":"publish","type":"product","link":"https:\/\/jugueterialudico.com.ar\/?product=va-y-viene","title":{"rendered":"VA Y VIENE -035"},"content":{"rendered":"<p>VA Y VIENE<\/p>\n<p><strong>Desde los 8 a\u00f1os<\/strong><\/p>\n<p>\u201cVa y viene\u201d es un juego de mesa de Reiner Knizia editado por Mald\u00f3n. Un juego de dados muy divertido, ideal para jugar en familia o party game para encuentros con amigos.<\/p>\n<p>Los jugadores tiran los cuatro dados para intentar lograr la mejor tirada y ganar alguno de los 9 objetivos que est\u00e1n en la mesa. Cuando cumplen alg\u00fan objetivo, los jugadores se lo pueden apropiar, pero solo por un breve tiempo.\u00a0 Si alg\u00fan otro jugador cumple ese objetivo \u00a1se lo puede robar! No conf\u00edes en tus \u00e9xitos, ni en tus rivales, porque los objetivos van y vienen y s\u00f3lo el que pueda mantener tres durante m\u00e1s de un turno, ser\u00e1 el ganador!<\/p>\n<p>&nbsp;<\/p>\n<p>&nbsp;<\/p>\n<p>&nbsp;<\/p>\n","protected":false},"excerpt":{"rendered":"<p>VA Y VIENE Desde los 8 a\u00f1os \u201cVa y viene\u201d es un juego de mesa de Reiner Knizia editado por Mald\u00f3n. Un juego de dados muy divertido, ideal para jugar en familia o party game para encuentros con amigos. Los jugadores tiran los cuatro dados para intentar lograr la mejor tirada y ganar alguno de [&hellip;]<\/p>\n","protected":false},"featured_media":20954,"comment_status":"closed","ping_status":"closed","template":"","meta":{"site-sidebar-layout":"default","site-content-layout":"default","ast-site-content-layout":"","site-content-style":"default","site-sidebar-style":"default","ast-global-header-display":"","ast-banner-title-visibility":"","ast-main-header-display":"","ast-hfb-above-header-display":"","ast-hfb-below-header-display":"","ast-hfb-mobile-header-display":"","site-post-title":"","ast-breadcrumbs-content":"","ast-featured-img":"","footer-sml-layout":"","theme-transparent-header-meta":"default","adv-header-id-meta":"","stick-header-meta":"","header-above-stick-meta":"","header-main-stick-meta":"","header-below-stick-meta":"","astra-migrate-meta-layouts":"default","ast-page-background-enabled":"default","ast-page-background-meta":{"desktop":{"background-color":"","background-image":"","background-repeat":"repeat","background-position":"center center","background-size":"auto","background-attachment":"scroll","background-type":"","background-media":"","overlay-type":"","overlay-color":"","overlay-opacity":"","overlay-gradient":""},"tablet":{"background-color":"","background-image":"","background-repeat":"repeat","background-position":"center center","background-size":"auto","background-attachment":"scroll","background-type":"","background-media":"","overlay-type":"","overlay-color":"","overlay-opacity":"","overlay-gradient":""},"mobile":{"background-color":"","background-image":"","background-repeat":"repeat","background-position":"center center","background-size":"auto","background-attachment":"scroll","background-type":"","background-media":"","overlay-type":"","overlay-color":"","overlay-opacity":"","overlay-gradient":""}},"ast-content-background-meta":{"desktop":{"background-color":"var(--ast-global-color-5)","background-image":"","background-repeat":"repeat","background-position":"center center","background-size":"auto","background-attachment":"scroll","background-type":"","background-media":"","overlay-type":"","overlay-color":"","overlay-opacity":"","overlay-gradient":""},"tablet":{"background-color":"var(--ast-global-color-5)","background-image":"","background-repeat":"repeat","background-position":"center center","background-size":"auto","background-attachment":"scroll","background-type":"","background-media":"","overlay-type":"","overlay-color":"","overlay-opacity":"","overlay-gradient":""},"mobile":{"background-color":"var(--ast-global-color-5)","background-image":"","background-repeat":"repeat","background-position":"center center","background-size":"auto","background-attachment":"scroll","background-type":"","background-media":"","overlay-type":"","overlay-color":"","overlay-opacity":"","overlay-gradient":""}},"spay_email":""},"product_cat":[167,74],"product_tag":[],"_links":{"self":[{"href":"https:\/\/jugueterialudico.com.ar\/index.php?rest_route=\/wp\/v2\/product\/20953"}],"collection":[{"href":"https:\/\/jugueterialudico.com.ar\/index.php?rest_route=\/wp\/v2\/product"}],"about":[{"href":"https:\/\/jugueterialudico.com.ar\/index.php?rest_route=\/wp\/v2\/types\/product"}],"replies":[{"embeddable":true,"href":"https:\/\/jugueterialudico.com.ar\/index.php?rest_route=%2Fwp%2Fv2%2Fcomments&post=20953"}],"wp:featuredmedia":[{"embeddable":true,"href":"https:\/\/jugueterialudico.com.ar\/index.php?rest_route=\/wp\/v2\/media\/20954"}],"wp:attachment":[{"href":"https:\/\/jugueterialudico.com.ar\/index.php?rest_route=%2Fwp%2Fv2%2Fmedia&parent=20953"}],"wp:term":[{"taxonomy":"product_cat","embeddable":true,"href":"https:\/\/jugueterialudico.com.ar\/index.php?rest_route=%2Fwp%2Fv2%2Fproduct_cat&post=20953"},{"taxonomy":"product_tag","embeddable":true,"href":"https:\/\/jugueterialudico.com.ar\/index.php?rest_route=%2Fwp%2Fv2%2Fproduct_tag&post=20953"}],"curies":[{"name":"wp","href":"https:\/\/api.w.org\/{rel}","templated":true}]}}