{"id":21179,"date":"2022-06-22T17:30:22","date_gmt":"2022-06-22T20:30:22","guid":{"rendered":"https:\/\/jugueterialudico.com.ar\/?post_type=product&#038;p=21179"},"modified":"2026-03-31T11:00:50","modified_gmt":"2026-03-31T14:00:50","slug":"dinos-lublocks-055","status":"publish","type":"product","link":"https:\/\/jugueterialudico.com.ar\/?product=dinos-lublocks-055","title":{"rendered":"DINOS LUBLOCKS &#8211; 055"},"content":{"rendered":"<p>JUEGOS EN GOMA EVA PARA EL PARQUE Y EL BA\u00d1O. FAVORECE LA CREATIVIDAD, LA MOTRICIDAD FINA, LA IMAGINACI\u00d3N Y LA INTERACCI\u00d3N CON OTROS NI\u00d1OS. SE PUEDEN PINTAR, Y SE ADHIEREN A SUPERFICIES LISAS CUANDO EST\u00c1N MOJADOS.<\/p>\n<p>CANTIDAD DE PIEZAS: 18<\/p>\n<p>-10 DINOSAURIOS<\/p>\n<p>-3 HUEVOS<\/p>\n<p>-3 HUESOS<\/p>\n<p>-2 PALMERAS<\/p>\n<p>NO T\u00d3XICO<\/p>\n<p>SET RECOMENDADO DESDE LOS 6 MESES.<\/p>\n","protected":false},"excerpt":{"rendered":"<p>JUEGOS EN GOMA EVA PARA EL PARQUE Y EL BA\u00d1O. FAVORECE LA CREATIVIDAD, LA MOTRICIDAD FINA, LA IMAGINACI\u00d3N Y LA INTERACCI\u00d3N CON OTROS NI\u00d1OS. SE PUEDEN PINTAR, Y SE ADHIEREN A SUPERFICIES LISAS CUANDO EST\u00c1N MOJADOS. CANTIDAD DE PIEZAS: 18 -10 DINOSAURIOS -3 HUEVOS -3 HUESOS -2 PALMERAS NO T\u00d3XICO SET RECOMENDADO DESDE LOS 6 [&hellip;]<\/p>\n","protected":false},"featured_media":21180,"comment_status":"open","ping_status":"closed","template":"","meta":{"site-sidebar-layout":"default","site-content-layout":"default","ast-site-content-layout":"","site-content-style":"default","site-sidebar-style":"default","ast-global-header-display":"","ast-banner-title-visibility":"","ast-main-header-display":"","ast-hfb-above-header-display":"","ast-hfb-below-header-display":"","ast-hfb-mobile-header-display":"","site-post-title":"","ast-breadcrumbs-content":"","ast-featured-img":"","footer-sml-layout":"","theme-transparent-header-meta":"default","adv-header-id-meta":"","stick-header-meta":"","header-above-stick-meta":"","header-main-stick-meta":"","header-below-stick-meta":"","astra-migrate-meta-layouts":"default","ast-page-background-enabled":"default","ast-page-background-meta":{"desktop":{"background-color":"","background-image":"","background-repeat":"repeat","background-position":"center center","background-size":"auto","background-attachment":"scroll","background-type":"","background-media":"","overlay-type":"","overlay-color":"","overlay-opacity":"","overlay-gradient":""},"tablet":{"background-color":"","background-image":"","background-repeat":"repeat","background-position":"center center","background-size":"auto","background-attachment":"scroll","background-type":"","background-media":"","overlay-type":"","overlay-color":"","overlay-opacity":"","overlay-gradient":""},"mobile":{"background-color":"","background-image":"","background-repeat":"repeat","background-position":"center center","background-size":"auto","background-attachment":"scroll","background-type":"","background-media":"","overlay-type":"","overlay-color":"","overlay-opacity":"","overlay-gradient":""}},"ast-content-background-meta":{"desktop":{"background-color":"var(--ast-global-color-5)","background-image":"","background-repeat":"repeat","background-position":"center center","background-size":"auto","background-attachment":"scroll","background-type":"","background-media":"","overlay-type":"","overlay-color":"","overlay-opacity":"","overlay-gradient":""},"tablet":{"background-color":"var(--ast-global-color-5)","background-image":"","background-repeat":"repeat","background-position":"center center","background-size":"auto","background-attachment":"scroll","background-type":"","background-media":"","overlay-type":"","overlay-color":"","overlay-opacity":"","overlay-gradient":""},"mobile":{"background-color":"var(--ast-global-color-5)","background-image":"","background-repeat":"repeat","background-position":"center center","background-size":"auto","background-attachment":"scroll","background-type":"","background-media":"","overlay-type":"","overlay-color":"","overlay-opacity":"","overlay-gradient":""}},"spay_email":""},"product_cat":[162,161,164,69,151,77,153,159],"product_tag":[],"_links":{"self":[{"href":"https:\/\/jugueterialudico.com.ar\/index.php?rest_route=\/wp\/v2\/product\/21179"}],"collection":[{"href":"https:\/\/jugueterialudico.com.ar\/index.php?rest_route=\/wp\/v2\/product"}],"about":[{"href":"https:\/\/jugueterialudico.com.ar\/index.php?rest_route=\/wp\/v2\/types\/product"}],"replies":[{"embeddable":true,"href":"https:\/\/jugueterialudico.com.ar\/index.php?rest_route=%2Fwp%2Fv2%2Fcomments&post=21179"}],"wp:featuredmedia":[{"embeddable":true,"href":"https:\/\/jugueterialudico.com.ar\/index.php?rest_route=\/wp\/v2\/media\/21180"}],"wp:attachment":[{"href":"https:\/\/jugueterialudico.com.ar\/index.php?rest_route=%2Fwp%2Fv2%2Fmedia&parent=21179"}],"wp:term":[{"taxonomy":"product_cat","embeddable":true,"href":"https:\/\/jugueterialudico.com.ar\/index.php?rest_route=%2Fwp%2Fv2%2Fproduct_cat&post=21179"},{"taxonomy":"product_tag","embeddable":true,"href":"https:\/\/jugueterialudico.com.ar\/index.php?rest_route=%2Fwp%2Fv2%2Fproduct_tag&post=21179"}],"curies":[{"name":"wp","href":"https:\/\/api.w.org\/{rel}","templated":true}]}}