{"id":21221,"date":"2022-07-06T16:41:34","date_gmt":"2022-07-06T19:41:34","guid":{"rendered":"https:\/\/jugueterialudico.com.ar\/?post_type=product&#038;p=21221"},"modified":"2026-04-28T18:04:21","modified_gmt":"2026-04-28T21:04:21","slug":"rompecabezas-re-largo-cuidad-043","status":"publish","type":"product","link":"https:\/\/jugueterialudico.com.ar\/?product=rompecabezas-re-largo-cuidad-043","title":{"rendered":"ROMPECABEZAS RE LARGO- CUIDAD- 043"},"content":{"rendered":"<p>Rompecabezas doble de 144 cm.+ Juego de Observaci\u00f3n. Adem\u00e1s en el dorso pod\u00e9s dibujar tu propio rompecabezas.<\/p>\n<p>-12 piezas para armar una ciudad larga<\/p>\n<p>-24 fichas redondas para buscar personajes y objetos escondidos.<\/p>\n<p>Materiales<br \/>\nImpreso en papel ilustraci\u00f3n, montado en ambas caras en cart\u00f3n de 2mm. y laminado para permitir su mejor conservaci\u00f3n y limpieza.<br \/>\nPresentaci\u00f3n<br \/>\nCaja de cart\u00f3n micro corrugado + manija: 16cm x 47cm.<\/p>\n","protected":false},"excerpt":{"rendered":"<p>Rompecabezas doble de 144 cm.+ Juego de Observaci\u00f3n. Adem\u00e1s en el dorso pod\u00e9s dibujar tu propio rompecabezas. -12 piezas para armar una ciudad larga -24 fichas redondas para buscar personajes y objetos escondidos. Materiales Impreso en papel ilustraci\u00f3n, montado en ambas caras en cart\u00f3n de 2mm. y laminado para permitir su mejor conservaci\u00f3n y limpieza. [&hellip;]<\/p>\n","protected":false},"featured_media":21222,"comment_status":"open","ping_status":"closed","template":"","meta":{"site-sidebar-layout":"default","site-content-layout":"default","ast-site-content-layout":"","site-content-style":"default","site-sidebar-style":"default","ast-global-header-display":"","ast-banner-title-visibility":"","ast-main-header-display":"","ast-hfb-above-header-display":"","ast-hfb-below-header-display":"","ast-hfb-mobile-header-display":"","site-post-title":"","ast-breadcrumbs-content":"","ast-featured-img":"","footer-sml-layout":"","theme-transparent-header-meta":"default","adv-header-id-meta":"","stick-header-meta":"","header-above-stick-meta":"","header-main-stick-meta":"","header-below-stick-meta":"","astra-migrate-meta-layouts":"default","ast-page-background-enabled":"default","ast-page-background-meta":{"desktop":{"background-color":"","background-image":"","background-repeat":"repeat","background-position":"center center","background-size":"auto","background-attachment":"scroll","background-type":"","background-media":"","overlay-type":"","overlay-color":"","overlay-opacity":"","overlay-gradient":""},"tablet":{"background-color":"","background-image":"","background-repeat":"repeat","background-position":"center center","background-size":"auto","background-attachment":"scroll","background-type":"","background-media":"","overlay-type":"","overlay-color":"","overlay-opacity":"","overlay-gradient":""},"mobile":{"background-color":"","background-image":"","background-repeat":"repeat","background-position":"center center","background-size":"auto","background-attachment":"scroll","background-type":"","background-media":"","overlay-type":"","overlay-color":"","overlay-opacity":"","overlay-gradient":""}},"ast-content-background-meta":{"desktop":{"background-color":"var(--ast-global-color-5)","background-image":"","background-repeat":"repeat","background-position":"center center","background-size":"auto","background-attachment":"scroll","background-type":"","background-media":"","overlay-type":"","overlay-color":"","overlay-opacity":"","overlay-gradient":""},"tablet":{"background-color":"var(--ast-global-color-5)","background-image":"","background-repeat":"repeat","background-position":"center center","background-size":"auto","background-attachment":"scroll","background-type":"","background-media":"","overlay-type":"","overlay-color":"","overlay-opacity":"","overlay-gradient":""},"mobile":{"background-color":"var(--ast-global-color-5)","background-image":"","background-repeat":"repeat","background-position":"center center","background-size":"auto","background-attachment":"scroll","background-type":"","background-media":"","overlay-type":"","overlay-color":"","overlay-opacity":"","overlay-gradient":""}},"spay_email":""},"product_cat":[163,164,165,166,167,74,72],"product_tag":[180],"_links":{"self":[{"href":"https:\/\/jugueterialudico.com.ar\/index.php?rest_route=\/wp\/v2\/product\/21221"}],"collection":[{"href":"https:\/\/jugueterialudico.com.ar\/index.php?rest_route=\/wp\/v2\/product"}],"about":[{"href":"https:\/\/jugueterialudico.com.ar\/index.php?rest_route=\/wp\/v2\/types\/product"}],"replies":[{"embeddable":true,"href":"https:\/\/jugueterialudico.com.ar\/index.php?rest_route=%2Fwp%2Fv2%2Fcomments&post=21221"}],"wp:featuredmedia":[{"embeddable":true,"href":"https:\/\/jugueterialudico.com.ar\/index.php?rest_route=\/wp\/v2\/media\/21222"}],"wp:attachment":[{"href":"https:\/\/jugueterialudico.com.ar\/index.php?rest_route=%2Fwp%2Fv2%2Fmedia&parent=21221"}],"wp:term":[{"taxonomy":"product_cat","embeddable":true,"href":"https:\/\/jugueterialudico.com.ar\/index.php?rest_route=%2Fwp%2Fv2%2Fproduct_cat&post=21221"},{"taxonomy":"product_tag","embeddable":true,"href":"https:\/\/jugueterialudico.com.ar\/index.php?rest_route=%2Fwp%2Fv2%2Fproduct_tag&post=21221"}],"curies":[{"name":"wp","href":"https:\/\/api.w.org\/{rel}","templated":true}]}}