{"id":21237,"date":"2022-07-06T17:26:34","date_gmt":"2022-07-06T20:26:34","guid":{"rendered":"https:\/\/jugueterialudico.com.ar\/?post_type=product&#038;p=21237"},"modified":"2026-04-28T18:03:57","modified_gmt":"2026-04-28T21:03:57","slug":"memo-gigante-fiesta-de-disfraces-043","status":"publish","type":"product","link":"https:\/\/jugueterialudico.com.ar\/?product=memo-gigante-fiesta-de-disfraces-043","title":{"rendered":"MEMO GIGANTE- FIESTA DE DISFRACES- 043"},"content":{"rendered":"<p>Juego de memoria con piezas gigantes y valija.<\/p>\n<p>&nbsp;<\/p>\n<p>Es un juego maravilloso que no s\u00f3lo permite al ni\u00f1o desarrollar su memoria, orientarse en el espacio, el reconocimiento visual, sino adem\u00e1s mejorar sus habilidades cognitivas, la atenci\u00f3n, la creatividad y la habilidad visual.<\/p>\n<p>&#8211; Viene en Valija para trasladarlo f\u00e1cilmente<br \/>\n&#8211; Memo gigante para jugar en el piso.<br \/>\n&#8211; 24 fichas de cart\u00f3n duro de 15 x 15 cm<br \/>\n&#8211; 12 pares de piezas<br \/>\n&#8211; Medidas de la Caja. 30cm x 17cm<\/p>\n","protected":false},"excerpt":{"rendered":"<p>Juego de memoria con piezas gigantes y valija. &nbsp; Es un juego maravilloso que no s\u00f3lo permite al ni\u00f1o desarrollar su memoria, orientarse en el espacio, el reconocimiento visual, sino adem\u00e1s mejorar sus habilidades cognitivas, la atenci\u00f3n, la creatividad y la habilidad visual. &#8211; Viene en Valija para trasladarlo f\u00e1cilmente &#8211; Memo gigante para jugar [&hellip;]<\/p>\n","protected":false},"featured_media":21238,"comment_status":"open","ping_status":"closed","template":"","meta":{"site-sidebar-layout":"default","site-content-layout":"default","ast-site-content-layout":"","site-content-style":"default","site-sidebar-style":"default","ast-global-header-display":"","ast-banner-title-visibility":"","ast-main-header-display":"","ast-hfb-above-header-display":"","ast-hfb-below-header-display":"","ast-hfb-mobile-header-display":"","site-post-title":"","ast-breadcrumbs-content":"","ast-featured-img":"","footer-sml-layout":"","theme-transparent-header-meta":"default","adv-header-id-meta":"","stick-header-meta":"","header-above-stick-meta":"","header-main-stick-meta":"","header-below-stick-meta":"","astra-migrate-meta-layouts":"default","ast-page-background-enabled":"default","ast-page-background-meta":{"desktop":{"background-color":"","background-image":"","background-repeat":"repeat","background-position":"center center","background-size":"auto","background-attachment":"scroll","background-type":"","background-media":"","overlay-type":"","overlay-color":"","overlay-opacity":"","overlay-gradient":""},"tablet":{"background-color":"","background-image":"","background-repeat":"repeat","background-position":"center center","background-size":"auto","background-attachment":"scroll","background-type":"","background-media":"","overlay-type":"","overlay-color":"","overlay-opacity":"","overlay-gradient":""},"mobile":{"background-color":"","background-image":"","background-repeat":"repeat","background-position":"center center","background-size":"auto","background-attachment":"scroll","background-type":"","background-media":"","overlay-type":"","overlay-color":"","overlay-opacity":"","overlay-gradient":""}},"ast-content-background-meta":{"desktop":{"background-color":"var(--ast-global-color-5)","background-image":"","background-repeat":"repeat","background-position":"center center","background-size":"auto","background-attachment":"scroll","background-type":"","background-media":"","overlay-type":"","overlay-color":"","overlay-opacity":"","overlay-gradient":""},"tablet":{"background-color":"var(--ast-global-color-5)","background-image":"","background-repeat":"repeat","background-position":"center center","background-size":"auto","background-attachment":"scroll","background-type":"","background-media":"","overlay-type":"","overlay-color":"","overlay-opacity":"","overlay-gradient":""},"mobile":{"background-color":"var(--ast-global-color-5)","background-image":"","background-repeat":"repeat","background-position":"center center","background-size":"auto","background-attachment":"scroll","background-type":"","background-media":"","overlay-type":"","overlay-color":"","overlay-opacity":"","overlay-gradient":""}},"spay_email":""},"product_cat":[163,164,165,75,146,74],"product_tag":[],"_links":{"self":[{"href":"https:\/\/jugueterialudico.com.ar\/index.php?rest_route=\/wp\/v2\/product\/21237"}],"collection":[{"href":"https:\/\/jugueterialudico.com.ar\/index.php?rest_route=\/wp\/v2\/product"}],"about":[{"href":"https:\/\/jugueterialudico.com.ar\/index.php?rest_route=\/wp\/v2\/types\/product"}],"replies":[{"embeddable":true,"href":"https:\/\/jugueterialudico.com.ar\/index.php?rest_route=%2Fwp%2Fv2%2Fcomments&post=21237"}],"wp:featuredmedia":[{"embeddable":true,"href":"https:\/\/jugueterialudico.com.ar\/index.php?rest_route=\/wp\/v2\/media\/21238"}],"wp:attachment":[{"href":"https:\/\/jugueterialudico.com.ar\/index.php?rest_route=%2Fwp%2Fv2%2Fmedia&parent=21237"}],"wp:term":[{"taxonomy":"product_cat","embeddable":true,"href":"https:\/\/jugueterialudico.com.ar\/index.php?rest_route=%2Fwp%2Fv2%2Fproduct_cat&post=21237"},{"taxonomy":"product_tag","embeddable":true,"href":"https:\/\/jugueterialudico.com.ar\/index.php?rest_route=%2Fwp%2Fv2%2Fproduct_tag&post=21237"}],"curies":[{"name":"wp","href":"https:\/\/api.w.org\/{rel}","templated":true}]}}