{"id":21272,"date":"2022-07-09T10:17:15","date_gmt":"2022-07-09T13:17:15","guid":{"rendered":"https:\/\/jugueterialudico.com.ar\/?post_type=product&#038;p=21272"},"modified":"2026-02-03T11:52:19","modified_gmt":"2026-02-03T14:52:19","slug":"que-ves-cuando-ves-014-2","status":"publish","type":"product","link":"https:\/\/jugueterialudico.com.ar\/?product=que-ves-cuando-ves-014-2","title":{"rendered":"\u00bfQU\u00c9 VES CUANDO VES? -014"},"content":{"rendered":"<p>Un juego para asombrarse con los efectos de las ilusiones \u00f3pticas, jugar con la mirada y descubrir porque vemos lo que vemos.<\/p>\n<p><b>L\u00edneas que se mueven, c\u00edrculos que giran, tama\u00f1os que enga\u00f1an, objetos imposibles, paralelas que se juntan. Para descubrir los secretos de im\u00e1genes tridimensionales, ilusiones de movimiento y profundidad, distorsiones de longitud, tama\u00f1o y percepci\u00f3n del color.<\/b><\/p>\n<ul>\n<li>48 desaf\u00edos \u00f3pticos para encontrar pares iguales.<\/li>\n<li>Lata 35cm x 8 cm<\/li>\n<li>\u00a048 fichas. Cart\u00f3n super resistente. Laminado laca UV para alta durabilidad.<\/li>\n<li>En cada ficha una pregunta para descubir por que vemos lo que vemos<\/li>\n<li>Incluye regla para comprobar medidas, proporciones y colores<\/li>\n<li>Favorece la atenci\u00f3n, la memoria y la agilidad visual.<\/li>\n<li>En lata que permite su\u00a0f\u00e1cil guardado y transporte, siempre listo para jugar.<\/li>\n<\/ul>\n","protected":false},"excerpt":{"rendered":"<p>Un juego para asombrarse con los efectos de las ilusiones \u00f3pticas, jugar con la mirada y descubrir porque vemos lo que vemos. L\u00edneas que se mueven, c\u00edrculos que giran, tama\u00f1os que enga\u00f1an, objetos imposibles, paralelas que se juntan. Para descubrir los secretos de im\u00e1genes tridimensionales, ilusiones de movimiento y profundidad, distorsiones de longitud, tama\u00f1o y [&hellip;]<\/p>\n","protected":false},"featured_media":21273,"comment_status":"open","ping_status":"closed","template":"","meta":{"site-sidebar-layout":"default","site-content-layout":"default","ast-site-content-layout":"","site-content-style":"default","site-sidebar-style":"default","ast-global-header-display":"","ast-banner-title-visibility":"","ast-main-header-display":"","ast-hfb-above-header-display":"","ast-hfb-below-header-display":"","ast-hfb-mobile-header-display":"","site-post-title":"","ast-breadcrumbs-content":"","ast-featured-img":"","footer-sml-layout":"","theme-transparent-header-meta":"default","adv-header-id-meta":"","stick-header-meta":"","header-above-stick-meta":"","header-main-stick-meta":"","header-below-stick-meta":"","astra-migrate-meta-layouts":"default","ast-page-background-enabled":"default","ast-page-background-meta":{"desktop":{"background-color":"","background-image":"","background-repeat":"repeat","background-position":"center center","background-size":"auto","background-attachment":"scroll","background-type":"","background-media":"","overlay-type":"","overlay-color":"","overlay-opacity":"","overlay-gradient":""},"tablet":{"background-color":"","background-image":"","background-repeat":"repeat","background-position":"center center","background-size":"auto","background-attachment":"scroll","background-type":"","background-media":"","overlay-type":"","overlay-color":"","overlay-opacity":"","overlay-gradient":""},"mobile":{"background-color":"","background-image":"","background-repeat":"repeat","background-position":"center center","background-size":"auto","background-attachment":"scroll","background-type":"","background-media":"","overlay-type":"","overlay-color":"","overlay-opacity":"","overlay-gradient":""}},"ast-content-background-meta":{"desktop":{"background-color":"var(--ast-global-color-5)","background-image":"","background-repeat":"repeat","background-position":"center center","background-size":"auto","background-attachment":"scroll","background-type":"","background-media":"","overlay-type":"","overlay-color":"","overlay-opacity":"","overlay-gradient":""},"tablet":{"background-color":"var(--ast-global-color-5)","background-image":"","background-repeat":"repeat","background-position":"center center","background-size":"auto","background-attachment":"scroll","background-type":"","background-media":"","overlay-type":"","overlay-color":"","overlay-opacity":"","overlay-gradient":""},"mobile":{"background-color":"var(--ast-global-color-5)","background-image":"","background-repeat":"repeat","background-position":"center center","background-size":"auto","background-attachment":"scroll","background-type":"","background-media":"","overlay-type":"","overlay-color":"","overlay-opacity":"","overlay-gradient":""}},"spay_email":""},"product_cat":[185,167,74],"product_tag":[],"_links":{"self":[{"href":"https:\/\/jugueterialudico.com.ar\/index.php?rest_route=\/wp\/v2\/product\/21272"}],"collection":[{"href":"https:\/\/jugueterialudico.com.ar\/index.php?rest_route=\/wp\/v2\/product"}],"about":[{"href":"https:\/\/jugueterialudico.com.ar\/index.php?rest_route=\/wp\/v2\/types\/product"}],"replies":[{"embeddable":true,"href":"https:\/\/jugueterialudico.com.ar\/index.php?rest_route=%2Fwp%2Fv2%2Fcomments&post=21272"}],"wp:featuredmedia":[{"embeddable":true,"href":"https:\/\/jugueterialudico.com.ar\/index.php?rest_route=\/wp\/v2\/media\/21273"}],"wp:attachment":[{"href":"https:\/\/jugueterialudico.com.ar\/index.php?rest_route=%2Fwp%2Fv2%2Fmedia&parent=21272"}],"wp:term":[{"taxonomy":"product_cat","embeddable":true,"href":"https:\/\/jugueterialudico.com.ar\/index.php?rest_route=%2Fwp%2Fv2%2Fproduct_cat&post=21272"},{"taxonomy":"product_tag","embeddable":true,"href":"https:\/\/jugueterialudico.com.ar\/index.php?rest_route=%2Fwp%2Fv2%2Fproduct_tag&post=21272"}],"curies":[{"name":"wp","href":"https:\/\/api.w.org\/{rel}","templated":true}]}}