{"id":21312,"date":"2022-07-19T15:06:10","date_gmt":"2022-07-19T18:06:10","guid":{"rendered":"https:\/\/jugueterialudico.com.ar\/?post_type=product&#038;p=21312"},"modified":"2025-11-20T12:09:12","modified_gmt":"2025-11-20T15:09:12","slug":"puzzle-amanecer-120","status":"publish","type":"product","link":"https:\/\/jugueterialudico.com.ar\/?product=puzzle-amanecer-120","title":{"rendered":"PUZZLE- AMANECER- 120"},"content":{"rendered":"<p>Rompecabezas de madera y encastre compuesto por 13 piezas.<\/p>\n<p>Mide 18&#215;18<\/p>\n<p>Edad recomendada +4 a\u00f1os.<\/p>\n<p>&nbsp;<\/p>\n<p>A trav\u00e9s de los\u00a0<b>puzzles<\/b>, los ni\u00f1os entrenan la motricidad fina, mejoran la coordinaci\u00f3n \u00f3culo-manual y se ejercitan en la concentraci\u00f3n y la paciencia. Asimismo, aprenden a resolver problemas con estrategias y de forma estructurada, algo que se consigue mediante la clasificaci\u00f3n repetitiva de las piezas.<\/p>\n","protected":false},"excerpt":{"rendered":"<p>Rompecabezas de madera y encastre compuesto por 13 piezas. Mide 18&#215;18 Edad recomendada +4 a\u00f1os. &nbsp; A trav\u00e9s de los\u00a0puzzles, los ni\u00f1os entrenan la motricidad fina, mejoran la coordinaci\u00f3n \u00f3culo-manual y se ejercitan en la concentraci\u00f3n y la paciencia. Asimismo, aprenden a resolver problemas con estrategias y de forma estructurada, algo que se consigue mediante [&hellip;]<\/p>\n","protected":false},"featured_media":21313,"comment_status":"open","ping_status":"closed","template":"","meta":{"site-sidebar-layout":"default","site-content-layout":"default","ast-site-content-layout":"","site-content-style":"default","site-sidebar-style":"default","ast-global-header-display":"","ast-banner-title-visibility":"","ast-main-header-display":"","ast-hfb-above-header-display":"","ast-hfb-below-header-display":"","ast-hfb-mobile-header-display":"","site-post-title":"","ast-breadcrumbs-content":"","ast-featured-img":"","footer-sml-layout":"","theme-transparent-header-meta":"default","adv-header-id-meta":"","stick-header-meta":"","header-above-stick-meta":"","header-main-stick-meta":"","header-below-stick-meta":"","astra-migrate-meta-layouts":"default","ast-page-background-enabled":"default","ast-page-background-meta":{"desktop":{"background-color":"","background-image":"","background-repeat":"repeat","background-position":"center center","background-size":"auto","background-attachment":"scroll","background-type":"","background-media":"","overlay-type":"","overlay-color":"","overlay-opacity":"","overlay-gradient":""},"tablet":{"background-color":"","background-image":"","background-repeat":"repeat","background-position":"center center","background-size":"auto","background-attachment":"scroll","background-type":"","background-media":"","overlay-type":"","overlay-color":"","overlay-opacity":"","overlay-gradient":""},"mobile":{"background-color":"","background-image":"","background-repeat":"repeat","background-position":"center center","background-size":"auto","background-attachment":"scroll","background-type":"","background-media":"","overlay-type":"","overlay-color":"","overlay-opacity":"","overlay-gradient":""}},"ast-content-background-meta":{"desktop":{"background-color":"var(--ast-global-color-5)","background-image":"","background-repeat":"repeat","background-position":"center center","background-size":"auto","background-attachment":"scroll","background-type":"","background-media":"","overlay-type":"","overlay-color":"","overlay-opacity":"","overlay-gradient":""},"tablet":{"background-color":"var(--ast-global-color-5)","background-image":"","background-repeat":"repeat","background-position":"center center","background-size":"auto","background-attachment":"scroll","background-type":"","background-media":"","overlay-type":"","overlay-color":"","overlay-opacity":"","overlay-gradient":""},"mobile":{"background-color":"var(--ast-global-color-5)","background-image":"","background-repeat":"repeat","background-position":"center center","background-size":"auto","background-attachment":"scroll","background-type":"","background-media":"","overlay-type":"","overlay-color":"","overlay-opacity":"","overlay-gradient":""}},"spay_email":""},"product_cat":[164,165,166,167,93,72],"product_tag":[],"_links":{"self":[{"href":"https:\/\/jugueterialudico.com.ar\/index.php?rest_route=\/wp\/v2\/product\/21312"}],"collection":[{"href":"https:\/\/jugueterialudico.com.ar\/index.php?rest_route=\/wp\/v2\/product"}],"about":[{"href":"https:\/\/jugueterialudico.com.ar\/index.php?rest_route=\/wp\/v2\/types\/product"}],"replies":[{"embeddable":true,"href":"https:\/\/jugueterialudico.com.ar\/index.php?rest_route=%2Fwp%2Fv2%2Fcomments&post=21312"}],"wp:featuredmedia":[{"embeddable":true,"href":"https:\/\/jugueterialudico.com.ar\/index.php?rest_route=\/wp\/v2\/media\/21313"}],"wp:attachment":[{"href":"https:\/\/jugueterialudico.com.ar\/index.php?rest_route=%2Fwp%2Fv2%2Fmedia&parent=21312"}],"wp:term":[{"taxonomy":"product_cat","embeddable":true,"href":"https:\/\/jugueterialudico.com.ar\/index.php?rest_route=%2Fwp%2Fv2%2Fproduct_cat&post=21312"},{"taxonomy":"product_tag","embeddable":true,"href":"https:\/\/jugueterialudico.com.ar\/index.php?rest_route=%2Fwp%2Fv2%2Fproduct_tag&post=21312"}],"curies":[{"name":"wp","href":"https:\/\/api.w.org\/{rel}","templated":true}]}}