{"id":21341,"date":"2022-07-25T17:27:22","date_gmt":"2022-07-25T20:27:22","guid":{"rendered":"https:\/\/jugueterialudico.com.ar\/?post_type=product&#038;p=21341"},"modified":"2026-03-10T10:48:25","modified_gmt":"2026-03-10T13:48:25","slug":"puzzle-piso-28-p-arca-de-noe-001","status":"publish","type":"product","link":"https:\/\/jugueterialudico.com.ar\/?product=puzzle-piso-28-p-arca-de-noe-001","title":{"rendered":"PUZZLE PISO 28 P. ARCA DE NOE &#8211; 001"},"content":{"rendered":"<p>\u00a1Te imaginas todos los\u00a0animales que pueden entrar en un barco! Arm\u00e1 este rompecabezas y descubrilo. AH! y despu\u00e9s dalo vuelta y pintalo!<\/p>\n<p>Los rompecabezas ayudan a ejercitar ambos lados del cerebro, incrementan la concentraci\u00f3n, desarrollan la creatividad y la paciencia y mejoran las habilidades motoras.<\/p>\n<p>&nbsp;<\/p>\n<p>Incluye 28 piezas de cart\u00f3n extra gruesas. 2 niveles de dificultad con 8 piezas enteras (cebra, elefante, jirafa, hipop\u00f3tamo, cocodrilo, suricata, oveja y mono) el dorso es para pintar<\/p>\n<p>&nbsp;<\/p>\n<p>Tama\u00f1o de caja: 25 x 23 x 10 cm.<\/p>\n<p>Peso: 720 gr.<\/p>\n<p>&nbsp;<\/p>\n<p><strong>Habilidades que desarrolla: motricidad, espacio y paciencia.<\/strong><\/p>\n","protected":false},"excerpt":{"rendered":"<p>\u00a1Te imaginas todos los\u00a0animales que pueden entrar en un barco! Arm\u00e1 este rompecabezas y descubrilo. AH! y despu\u00e9s dalo vuelta y pintalo! Los rompecabezas ayudan a ejercitar ambos lados del cerebro, incrementan la concentraci\u00f3n, desarrollan la creatividad y la paciencia y mejoran las habilidades motoras. &nbsp; Incluye 28 piezas de cart\u00f3n extra gruesas. 2 niveles [&hellip;]<\/p>\n","protected":false},"featured_media":21342,"comment_status":"open","ping_status":"closed","template":"","meta":{"site-sidebar-layout":"default","site-content-layout":"default","ast-site-content-layout":"","site-content-style":"default","site-sidebar-style":"default","ast-global-header-display":"","ast-banner-title-visibility":"","ast-main-header-display":"","ast-hfb-above-header-display":"","ast-hfb-below-header-display":"","ast-hfb-mobile-header-display":"","site-post-title":"","ast-breadcrumbs-content":"","ast-featured-img":"","footer-sml-layout":"","theme-transparent-header-meta":"default","adv-header-id-meta":"","stick-header-meta":"","header-above-stick-meta":"","header-main-stick-meta":"","header-below-stick-meta":"","astra-migrate-meta-layouts":"default","ast-page-background-enabled":"default","ast-page-background-meta":{"desktop":{"background-color":"","background-image":"","background-repeat":"repeat","background-position":"center center","background-size":"auto","background-attachment":"scroll","background-type":"","background-media":"","overlay-type":"","overlay-color":"","overlay-opacity":"","overlay-gradient":""},"tablet":{"background-color":"","background-image":"","background-repeat":"repeat","background-position":"center center","background-size":"auto","background-attachment":"scroll","background-type":"","background-media":"","overlay-type":"","overlay-color":"","overlay-opacity":"","overlay-gradient":""},"mobile":{"background-color":"","background-image":"","background-repeat":"repeat","background-position":"center center","background-size":"auto","background-attachment":"scroll","background-type":"","background-media":"","overlay-type":"","overlay-color":"","overlay-opacity":"","overlay-gradient":""}},"ast-content-background-meta":{"desktop":{"background-color":"var(--ast-global-color-5)","background-image":"","background-repeat":"repeat","background-position":"center center","background-size":"auto","background-attachment":"scroll","background-type":"","background-media":"","overlay-type":"","overlay-color":"","overlay-opacity":"","overlay-gradient":""},"tablet":{"background-color":"var(--ast-global-color-5)","background-image":"","background-repeat":"repeat","background-position":"center center","background-size":"auto","background-attachment":"scroll","background-type":"","background-media":"","overlay-type":"","overlay-color":"","overlay-opacity":"","overlay-gradient":""},"mobile":{"background-color":"var(--ast-global-color-5)","background-image":"","background-repeat":"repeat","background-position":"center center","background-size":"auto","background-attachment":"scroll","background-type":"","background-media":"","overlay-type":"","overlay-color":"","overlay-opacity":"","overlay-gradient":""}},"spay_email":""},"product_cat":[161,163,164,165,72],"product_tag":[],"_links":{"self":[{"href":"https:\/\/jugueterialudico.com.ar\/index.php?rest_route=\/wp\/v2\/product\/21341"}],"collection":[{"href":"https:\/\/jugueterialudico.com.ar\/index.php?rest_route=\/wp\/v2\/product"}],"about":[{"href":"https:\/\/jugueterialudico.com.ar\/index.php?rest_route=\/wp\/v2\/types\/product"}],"replies":[{"embeddable":true,"href":"https:\/\/jugueterialudico.com.ar\/index.php?rest_route=%2Fwp%2Fv2%2Fcomments&post=21341"}],"wp:featuredmedia":[{"embeddable":true,"href":"https:\/\/jugueterialudico.com.ar\/index.php?rest_route=\/wp\/v2\/media\/21342"}],"wp:attachment":[{"href":"https:\/\/jugueterialudico.com.ar\/index.php?rest_route=%2Fwp%2Fv2%2Fmedia&parent=21341"}],"wp:term":[{"taxonomy":"product_cat","embeddable":true,"href":"https:\/\/jugueterialudico.com.ar\/index.php?rest_route=%2Fwp%2Fv2%2Fproduct_cat&post=21341"},{"taxonomy":"product_tag","embeddable":true,"href":"https:\/\/jugueterialudico.com.ar\/index.php?rest_route=%2Fwp%2Fv2%2Fproduct_tag&post=21341"}],"curies":[{"name":"wp","href":"https:\/\/api.w.org\/{rel}","templated":true}]}}