{"id":21365,"date":"2022-07-25T19:33:18","date_gmt":"2022-07-25T22:33:18","guid":{"rendered":"https:\/\/jugueterialudico.com.ar\/?post_type=product&#038;p=21365"},"modified":"2026-04-25T10:41:51","modified_gmt":"2026-04-25T13:41:51","slug":"puzzle-piso-28-p-formula-z-001","status":"publish","type":"product","link":"https:\/\/jugueterialudico.com.ar\/?product=puzzle-piso-28-p-formula-z-001","title":{"rendered":"PUZZLE PISO 28 P. FORMULA Z &#8211; 001"},"content":{"rendered":"<p><strong>3 juegos en 1<\/strong><\/p>\n<p>\u00a1Siii! Este rompecabezas de piso es LO M\u00c1S!!<\/p>\n<p>Lo arm\u00e1s, luego con los dados y los autos jug\u00e1s a las carreras y despu\u00e9s lo das vuelta y pintas \u00bfQu\u00e9 m\u00e1s quer\u00e9s?<\/p>\n<p>Los rompecabezas ayudan a ejercitar ambos lados del cerebro, incrementan la concentraci\u00f3n, desarrollan la creatividad y la paciencia y mejoran las habilidades motoras.<\/p>\n<p>&nbsp;<\/p>\n<p>Incluye 28 piezas de cart\u00f3n extra gruesas + crayones + dado y autitos en Goma Eva para la carrera.<\/p>\n<p>&nbsp;<\/p>\n<p>Tama\u00f1o de caja: 25 x 23 x 10 cm.<\/p>\n<p>Peso: 720 gr.<\/p>\n<p>&nbsp;<\/p>\n<p><strong>Habilidades que desarrolla: motricidad, espacio y paciencia.<\/strong><\/p>\n","protected":false},"excerpt":{"rendered":"<p>Rompecabezas gigante de 28 piezas.<\/p>\n","protected":false},"featured_media":21366,"comment_status":"open","ping_status":"closed","template":"","meta":{"site-sidebar-layout":"default","site-content-layout":"default","ast-site-content-layout":"","site-content-style":"default","site-sidebar-style":"default","ast-global-header-display":"","ast-banner-title-visibility":"","ast-main-header-display":"","ast-hfb-above-header-display":"","ast-hfb-below-header-display":"","ast-hfb-mobile-header-display":"","site-post-title":"","ast-breadcrumbs-content":"","ast-featured-img":"","footer-sml-layout":"","theme-transparent-header-meta":"default","adv-header-id-meta":"","stick-header-meta":"","header-above-stick-meta":"","header-main-stick-meta":"","header-below-stick-meta":"","astra-migrate-meta-layouts":"default","ast-page-background-enabled":"default","ast-page-background-meta":{"desktop":{"background-color":"","background-image":"","background-repeat":"repeat","background-position":"center center","background-size":"auto","background-attachment":"scroll","background-type":"","background-media":"","overlay-type":"","overlay-color":"","overlay-opacity":"","overlay-gradient":""},"tablet":{"background-color":"","background-image":"","background-repeat":"repeat","background-position":"center center","background-size":"auto","background-attachment":"scroll","background-type":"","background-media":"","overlay-type":"","overlay-color":"","overlay-opacity":"","overlay-gradient":""},"mobile":{"background-color":"","background-image":"","background-repeat":"repeat","background-position":"center center","background-size":"auto","background-attachment":"scroll","background-type":"","background-media":"","overlay-type":"","overlay-color":"","overlay-opacity":"","overlay-gradient":""}},"ast-content-background-meta":{"desktop":{"background-color":"var(--ast-global-color-5)","background-image":"","background-repeat":"repeat","background-position":"center center","background-size":"auto","background-attachment":"scroll","background-type":"","background-media":"","overlay-type":"","overlay-color":"","overlay-opacity":"","overlay-gradient":""},"tablet":{"background-color":"var(--ast-global-color-5)","background-image":"","background-repeat":"repeat","background-position":"center center","background-size":"auto","background-attachment":"scroll","background-type":"","background-media":"","overlay-type":"","overlay-color":"","overlay-opacity":"","overlay-gradient":""},"mobile":{"background-color":"var(--ast-global-color-5)","background-image":"","background-repeat":"repeat","background-position":"center center","background-size":"auto","background-attachment":"scroll","background-type":"","background-media":"","overlay-type":"","overlay-color":"","overlay-opacity":"","overlay-gradient":""}},"spay_email":""},"product_cat":[163,164,165,72],"product_tag":[],"_links":{"self":[{"href":"https:\/\/jugueterialudico.com.ar\/index.php?rest_route=\/wp\/v2\/product\/21365"}],"collection":[{"href":"https:\/\/jugueterialudico.com.ar\/index.php?rest_route=\/wp\/v2\/product"}],"about":[{"href":"https:\/\/jugueterialudico.com.ar\/index.php?rest_route=\/wp\/v2\/types\/product"}],"replies":[{"embeddable":true,"href":"https:\/\/jugueterialudico.com.ar\/index.php?rest_route=%2Fwp%2Fv2%2Fcomments&post=21365"}],"wp:featuredmedia":[{"embeddable":true,"href":"https:\/\/jugueterialudico.com.ar\/index.php?rest_route=\/wp\/v2\/media\/21366"}],"wp:attachment":[{"href":"https:\/\/jugueterialudico.com.ar\/index.php?rest_route=%2Fwp%2Fv2%2Fmedia&parent=21365"}],"wp:term":[{"taxonomy":"product_cat","embeddable":true,"href":"https:\/\/jugueterialudico.com.ar\/index.php?rest_route=%2Fwp%2Fv2%2Fproduct_cat&post=21365"},{"taxonomy":"product_tag","embeddable":true,"href":"https:\/\/jugueterialudico.com.ar\/index.php?rest_route=%2Fwp%2Fv2%2Fproduct_tag&post=21365"}],"curies":[{"name":"wp","href":"https:\/\/api.w.org\/{rel}","templated":true}]}}