{"id":21428,"date":"2022-08-27T11:39:13","date_gmt":"2022-08-27T14:39:13","guid":{"rendered":"https:\/\/jugueterialudico.com.ar\/?post_type=product&#038;p=21428"},"modified":"2025-09-06T16:29:13","modified_gmt":"2025-09-06T19:29:13","slug":"tren-de-madera-129","status":"publish","type":"product","link":"https:\/\/jugueterialudico.com.ar\/?product=tren-de-madera-129","title":{"rendered":"TREN DE MADERA UN VAGON- 129"},"content":{"rendered":"<p>EDAD RECOMENDADA<br \/>\nEl tren armable es un juego sugerido para ni\u00f1os de 2 y 5 a\u00f1os.<\/p>\n<p>C\u00d3MO SE JUEGA<br \/>\nJuguete did\u00e1ctico artesanal de madera para encastrar cuyo objetivo es encajar las figuras geom\u00e9tricas de distintos colores y tama\u00f1os en sus correspondientes lugares, dando como resultando un tren de carga personalizado. El mismo tambi\u00e9n se puede arrastrar por los peque\u00f1os gracias a un hilo que conecta desde la parte delantera.<\/p>\n<p>Esta versi\u00f3n contiene una locomotora y un vag\u00f3n con ruedas, adem\u00e1s de otros seis bloques encastrables para sacar y poner piezas a gusto.<\/p>\n<p>BENEFICIOS<br \/>\nEntre los beneficios del tren de madera encontramos el desarrollo de la motricidad fina, gruesa, la identificaci\u00f3n de colores y el reconocimiento de formas geom\u00e9tricas. Al jugarse mediante el arrastre y empuje, estimula tambi\u00e9n el caminar.<\/p>\n<p>Tren chico juego did\u00e1ctico encastre de madera medidas: Alto: 10 cm.- Largo: 25 cm.- Ancho: 9 cm.- Peso: 0,4 kg.<\/p>\n","protected":false},"excerpt":{"rendered":"<p>EDAD RECOMENDADA El tren armable es un juego sugerido para ni\u00f1os de 2 y 5 a\u00f1os. C\u00d3MO SE JUEGA Juguete did\u00e1ctico artesanal de madera para encastrar cuyo objetivo es encajar las figuras geom\u00e9tricas de distintos colores y tama\u00f1os en sus correspondientes lugares, dando como resultando un tren de carga personalizado. El mismo tambi\u00e9n se puede [&hellip;]<\/p>\n","protected":false},"featured_media":21431,"comment_status":"open","ping_status":"closed","template":"","meta":{"site-sidebar-layout":"default","site-content-layout":"default","ast-site-content-layout":"","site-content-style":"default","site-sidebar-style":"default","ast-global-header-display":"","ast-banner-title-visibility":"","ast-main-header-display":"","ast-hfb-above-header-display":"","ast-hfb-below-header-display":"","ast-hfb-mobile-header-display":"","site-post-title":"","ast-breadcrumbs-content":"","ast-featured-img":"","footer-sml-layout":"","theme-transparent-header-meta":"default","adv-header-id-meta":"","stick-header-meta":"","header-above-stick-meta":"","header-main-stick-meta":"","header-below-stick-meta":"","astra-migrate-meta-layouts":"default","ast-page-background-enabled":"default","ast-page-background-meta":{"desktop":{"background-color":"","background-image":"","background-repeat":"repeat","background-position":"center center","background-size":"auto","background-attachment":"scroll","background-type":"","background-media":"","overlay-type":"","overlay-color":"","overlay-opacity":"","overlay-gradient":""},"tablet":{"background-color":"","background-image":"","background-repeat":"repeat","background-position":"center center","background-size":"auto","background-attachment":"scroll","background-type":"","background-media":"","overlay-type":"","overlay-color":"","overlay-opacity":"","overlay-gradient":""},"mobile":{"background-color":"","background-image":"","background-repeat":"repeat","background-position":"center center","background-size":"auto","background-attachment":"scroll","background-type":"","background-media":"","overlay-type":"","overlay-color":"","overlay-opacity":"","overlay-gradient":""}},"ast-content-background-meta":{"desktop":{"background-color":"var(--ast-global-color-5)","background-image":"","background-repeat":"repeat","background-position":"center center","background-size":"auto","background-attachment":"scroll","background-type":"","background-media":"","overlay-type":"","overlay-color":"","overlay-opacity":"","overlay-gradient":""},"tablet":{"background-color":"var(--ast-global-color-5)","background-image":"","background-repeat":"repeat","background-position":"center center","background-size":"auto","background-attachment":"scroll","background-type":"","background-media":"","overlay-type":"","overlay-color":"","overlay-opacity":"","overlay-gradient":""},"mobile":{"background-color":"var(--ast-global-color-5)","background-image":"","background-repeat":"repeat","background-position":"center center","background-size":"auto","background-attachment":"scroll","background-type":"","background-media":"","overlay-type":"","overlay-color":"","overlay-opacity":"","overlay-gradient":""}},"spay_email":""},"product_cat":[163,164,165,190,188,93],"product_tag":[],"_links":{"self":[{"href":"https:\/\/jugueterialudico.com.ar\/index.php?rest_route=\/wp\/v2\/product\/21428"}],"collection":[{"href":"https:\/\/jugueterialudico.com.ar\/index.php?rest_route=\/wp\/v2\/product"}],"about":[{"href":"https:\/\/jugueterialudico.com.ar\/index.php?rest_route=\/wp\/v2\/types\/product"}],"replies":[{"embeddable":true,"href":"https:\/\/jugueterialudico.com.ar\/index.php?rest_route=%2Fwp%2Fv2%2Fcomments&post=21428"}],"wp:featuredmedia":[{"embeddable":true,"href":"https:\/\/jugueterialudico.com.ar\/index.php?rest_route=\/wp\/v2\/media\/21431"}],"wp:attachment":[{"href":"https:\/\/jugueterialudico.com.ar\/index.php?rest_route=%2Fwp%2Fv2%2Fmedia&parent=21428"}],"wp:term":[{"taxonomy":"product_cat","embeddable":true,"href":"https:\/\/jugueterialudico.com.ar\/index.php?rest_route=%2Fwp%2Fv2%2Fproduct_cat&post=21428"},{"taxonomy":"product_tag","embeddable":true,"href":"https:\/\/jugueterialudico.com.ar\/index.php?rest_route=%2Fwp%2Fv2%2Fproduct_tag&post=21428"}],"curies":[{"name":"wp","href":"https:\/\/api.w.org\/{rel}","templated":true}]}}