{"id":21445,"date":"2022-08-27T12:32:08","date_gmt":"2022-08-27T15:32:08","guid":{"rendered":"https:\/\/jugueterialudico.com.ar\/?post_type=product&#038;p=21445"},"modified":"2025-06-02T11:10:18","modified_gmt":"2025-06-02T14:10:18","slug":"juego-de-pesca-129","status":"publish","type":"product","link":"https:\/\/jugueterialudico.com.ar\/?product=juego-de-pesca-129","title":{"rendered":"JUEGO DE PESCA &#8211; 129"},"content":{"rendered":"<p><strong>C\u00d3MO SE JUEGA<\/strong><br \/>\nEl juego de pesca con im\u00e1n consiste en pescar los pescaditos de madera con una ca\u00f1a imantada. Al apoyarla en el ojo de los peces, estos ser\u00e1n inmediatamente atra\u00eddos por el magnetismo. Se puede jugar de manera individual o de a dos, creando un divertido reto por ver qui\u00e9n atrapa m\u00e1s. El uso del im\u00e1n genera sorpresa a esa edad, haci\u00e9ndolo todav\u00eda m\u00e1s atractivo.<br \/>\n<strong>BENEFICIOS<\/strong><br \/>\nEstimula la motricidad fina y sirve para identificar colores.<\/p>\n<p>&nbsp;<\/p>\n<p><strong style=\"font-size: 16px; font-style: normal;\">EDAD RECOMENDADA<\/strong><\/p>\n<p><span style=\"font-size: 16px; font-style: normal; font-weight: 400;\">El pesca imantado es un juguete para ni\u00f1os de 2 a 6 a\u00f1os.<\/span><br \/>\n<span style=\"font-size: 16px; font-style: normal; font-weight: 400;\">\u00a0<\/span><\/p>\n<p>Pesca imantado juego did\u00e1ctico de madera medidas:<\/p>\n<p><em>* Paquete (contiene 8 peces y 2 ca\u00f1itas con im\u00e1n): Alto: 2 cm.- Largo: 20 cm.- Ancho: 10 cm.- Peso: 0,100 kg.<br \/>\n* Pescaditos: Alto: 0,55 cm &#8211; Largo: 7 cm &#8211; Ancho: 4 cm.<br \/>\n* Ca\u00f1itas: Alto: 0,8 cm &#8211; Largo: 20 cm &#8211; Ancho: 0,8 cm.<\/em><\/p>\n","protected":false},"excerpt":{"rendered":"<p>C\u00d3MO SE JUEGA El juego de pesca con im\u00e1n consiste en pescar los pescaditos de madera con una ca\u00f1a imantada. Al apoyarla en el ojo de los peces, estos ser\u00e1n inmediatamente atra\u00eddos por el magnetismo. Se puede jugar de manera individual o de a dos, creando un divertido reto por ver qui\u00e9n atrapa m\u00e1s. El [&hellip;]<\/p>\n","protected":false},"featured_media":21447,"comment_status":"open","ping_status":"closed","template":"","meta":{"site-sidebar-layout":"default","site-content-layout":"default","ast-site-content-layout":"","site-content-style":"default","site-sidebar-style":"default","ast-global-header-display":"","ast-banner-title-visibility":"","ast-main-header-display":"","ast-hfb-above-header-display":"","ast-hfb-below-header-display":"","ast-hfb-mobile-header-display":"","site-post-title":"","ast-breadcrumbs-content":"","ast-featured-img":"","footer-sml-layout":"","theme-transparent-header-meta":"default","adv-header-id-meta":"","stick-header-meta":"","header-above-stick-meta":"","header-main-stick-meta":"","header-below-stick-meta":"","astra-migrate-meta-layouts":"default","ast-page-background-enabled":"default","ast-page-background-meta":{"desktop":{"background-color":"","background-image":"","background-repeat":"repeat","background-position":"center center","background-size":"auto","background-attachment":"scroll","background-type":"","background-media":"","overlay-type":"","overlay-color":"","overlay-opacity":"","overlay-gradient":""},"tablet":{"background-color":"","background-image":"","background-repeat":"repeat","background-position":"center center","background-size":"auto","background-attachment":"scroll","background-type":"","background-media":"","overlay-type":"","overlay-color":"","overlay-opacity":"","overlay-gradient":""},"mobile":{"background-color":"","background-image":"","background-repeat":"repeat","background-position":"center center","background-size":"auto","background-attachment":"scroll","background-type":"","background-media":"","overlay-type":"","overlay-color":"","overlay-opacity":"","overlay-gradient":""}},"ast-content-background-meta":{"desktop":{"background-color":"var(--ast-global-color-5)","background-image":"","background-repeat":"repeat","background-position":"center center","background-size":"auto","background-attachment":"scroll","background-type":"","background-media":"","overlay-type":"","overlay-color":"","overlay-opacity":"","overlay-gradient":""},"tablet":{"background-color":"var(--ast-global-color-5)","background-image":"","background-repeat":"repeat","background-position":"center center","background-size":"auto","background-attachment":"scroll","background-type":"","background-media":"","overlay-type":"","overlay-color":"","overlay-opacity":"","overlay-gradient":""},"mobile":{"background-color":"var(--ast-global-color-5)","background-image":"","background-repeat":"repeat","background-position":"center center","background-size":"auto","background-attachment":"scroll","background-type":"","background-media":"","overlay-type":"","overlay-color":"","overlay-opacity":"","overlay-gradient":""}},"spay_email":""},"product_cat":[163,164,165,151,93],"product_tag":[],"_links":{"self":[{"href":"https:\/\/jugueterialudico.com.ar\/index.php?rest_route=\/wp\/v2\/product\/21445"}],"collection":[{"href":"https:\/\/jugueterialudico.com.ar\/index.php?rest_route=\/wp\/v2\/product"}],"about":[{"href":"https:\/\/jugueterialudico.com.ar\/index.php?rest_route=\/wp\/v2\/types\/product"}],"replies":[{"embeddable":true,"href":"https:\/\/jugueterialudico.com.ar\/index.php?rest_route=%2Fwp%2Fv2%2Fcomments&post=21445"}],"wp:featuredmedia":[{"embeddable":true,"href":"https:\/\/jugueterialudico.com.ar\/index.php?rest_route=\/wp\/v2\/media\/21447"}],"wp:attachment":[{"href":"https:\/\/jugueterialudico.com.ar\/index.php?rest_route=%2Fwp%2Fv2%2Fmedia&parent=21445"}],"wp:term":[{"taxonomy":"product_cat","embeddable":true,"href":"https:\/\/jugueterialudico.com.ar\/index.php?rest_route=%2Fwp%2Fv2%2Fproduct_cat&post=21445"},{"taxonomy":"product_tag","embeddable":true,"href":"https:\/\/jugueterialudico.com.ar\/index.php?rest_route=%2Fwp%2Fv2%2Fproduct_tag&post=21445"}],"curies":[{"name":"wp","href":"https:\/\/api.w.org\/{rel}","templated":true}]}}