{"id":21449,"date":"2022-08-27T12:38:42","date_gmt":"2022-08-27T15:38:42","guid":{"rendered":"https:\/\/jugueterialudico.com.ar\/?post_type=product&#038;p=21449"},"modified":"2025-09-06T16:28:58","modified_gmt":"2025-09-06T19:28:58","slug":"arrastre-gusano-129","status":"publish","type":"product","link":"https:\/\/jugueterialudico.com.ar\/?product=arrastre-gusano-129","title":{"rendered":"ARRASTRE GUSANO &#8211; 129"},"content":{"rendered":"<div class=\"col-xs-12 user-content m-top\" data-store=\"product-description-51947786\">\n<div class=\"description user-content\">\n<p>&nbsp;<\/p>\n<p><strong>C\u00d3MO SE JUEGA<\/strong><br \/>\nCuando el gusano de juguete se mueve al ser arrastrado mediante una soga, sus piezas de madera comienzan a golpear entre s\u00ed produciendo un sonido llamativo.<br \/>\n<strong>BENEFICIOS<\/strong><br \/>\nEs uno de los mejores juguetes did\u00e1cticos para beb\u00e9s y ni\u00f1os peque\u00f1os gracias a sus diversos beneficios. Es ideal para estimular el caminar, favorece al control del equilibrio y ayuda a la comprensi\u00f3n del espacio, volumen, la distancia y velocidad.<\/p>\n<p><strong style=\"font-size: 16px; font-style: normal;\">EDAD RECOMENDADA<\/strong><\/p>\n<p><span style=\"font-size: 16px; font-style: normal; font-weight: 400;\">El arrastre gusano es un juego did\u00e1ctico de madera para ni\u00f1os de 1 a 3 a\u00f1os.<\/span><\/div>\n<div class=\"description user-content\">\n<p>&nbsp;<\/p>\n<p>Arrastre gusano juego did\u00e1ctico movible de madera medidas: Alto: 9 cm.- Largo: 15 cm.- Ancho: 10 cm.- Peso: 0,4 kg.<\/p>\n<\/div>\n<\/div>\n<div class=\"col-xs-12 visible-when-content-ready\"><\/div>\n","protected":false},"excerpt":{"rendered":"<p>&nbsp; C\u00d3MO SE JUEGA Cuando el gusano de juguete se mueve al ser arrastrado mediante una soga, sus piezas de madera comienzan a golpear entre s\u00ed produciendo un sonido llamativo. BENEFICIOS Es uno de los mejores juguetes did\u00e1cticos para beb\u00e9s y ni\u00f1os peque\u00f1os gracias a sus diversos beneficios. Es ideal para estimular el caminar, favorece [&hellip;]<\/p>\n","protected":false},"featured_media":21451,"comment_status":"open","ping_status":"closed","template":"","meta":{"site-sidebar-layout":"default","site-content-layout":"default","ast-site-content-layout":"","site-content-style":"default","site-sidebar-style":"default","ast-global-header-display":"","ast-banner-title-visibility":"","ast-main-header-display":"","ast-hfb-above-header-display":"","ast-hfb-below-header-display":"","ast-hfb-mobile-header-display":"","site-post-title":"","ast-breadcrumbs-content":"","ast-featured-img":"","footer-sml-layout":"","theme-transparent-header-meta":"default","adv-header-id-meta":"","stick-header-meta":"","header-above-stick-meta":"","header-main-stick-meta":"","header-below-stick-meta":"","astra-migrate-meta-layouts":"default","ast-page-background-enabled":"default","ast-page-background-meta":{"desktop":{"background-color":"","background-image":"","background-repeat":"repeat","background-position":"center center","background-size":"auto","background-attachment":"scroll","background-type":"","background-media":"","overlay-type":"","overlay-color":"","overlay-opacity":"","overlay-gradient":""},"tablet":{"background-color":"","background-image":"","background-repeat":"repeat","background-position":"center center","background-size":"auto","background-attachment":"scroll","background-type":"","background-media":"","overlay-type":"","overlay-color":"","overlay-opacity":"","overlay-gradient":""},"mobile":{"background-color":"","background-image":"","background-repeat":"repeat","background-position":"center center","background-size":"auto","background-attachment":"scroll","background-type":"","background-media":"","overlay-type":"","overlay-color":"","overlay-opacity":"","overlay-gradient":""}},"ast-content-background-meta":{"desktop":{"background-color":"var(--ast-global-color-5)","background-image":"","background-repeat":"repeat","background-position":"center center","background-size":"auto","background-attachment":"scroll","background-type":"","background-media":"","overlay-type":"","overlay-color":"","overlay-opacity":"","overlay-gradient":""},"tablet":{"background-color":"var(--ast-global-color-5)","background-image":"","background-repeat":"repeat","background-position":"center center","background-size":"auto","background-attachment":"scroll","background-type":"","background-media":"","overlay-type":"","overlay-color":"","overlay-opacity":"","overlay-gradient":""},"mobile":{"background-color":"var(--ast-global-color-5)","background-image":"","background-repeat":"repeat","background-position":"center center","background-size":"auto","background-attachment":"scroll","background-type":"","background-media":"","overlay-type":"","overlay-color":"","overlay-opacity":"","overlay-gradient":""}},"spay_email":""},"product_cat":[162,161,163,164,190,93],"product_tag":[],"_links":{"self":[{"href":"https:\/\/jugueterialudico.com.ar\/index.php?rest_route=\/wp\/v2\/product\/21449"}],"collection":[{"href":"https:\/\/jugueterialudico.com.ar\/index.php?rest_route=\/wp\/v2\/product"}],"about":[{"href":"https:\/\/jugueterialudico.com.ar\/index.php?rest_route=\/wp\/v2\/types\/product"}],"replies":[{"embeddable":true,"href":"https:\/\/jugueterialudico.com.ar\/index.php?rest_route=%2Fwp%2Fv2%2Fcomments&post=21449"}],"wp:featuredmedia":[{"embeddable":true,"href":"https:\/\/jugueterialudico.com.ar\/index.php?rest_route=\/wp\/v2\/media\/21451"}],"wp:attachment":[{"href":"https:\/\/jugueterialudico.com.ar\/index.php?rest_route=%2Fwp%2Fv2%2Fmedia&parent=21449"}],"wp:term":[{"taxonomy":"product_cat","embeddable":true,"href":"https:\/\/jugueterialudico.com.ar\/index.php?rest_route=%2Fwp%2Fv2%2Fproduct_cat&post=21449"},{"taxonomy":"product_tag","embeddable":true,"href":"https:\/\/jugueterialudico.com.ar\/index.php?rest_route=%2Fwp%2Fv2%2Fproduct_tag&post=21449"}],"curies":[{"name":"wp","href":"https:\/\/api.w.org\/{rel}","templated":true}]}}