{"id":21455,"date":"2022-08-27T13:13:56","date_gmt":"2022-08-27T16:13:56","guid":{"rendered":"https:\/\/jugueterialudico.com.ar\/?post_type=product&#038;p=21455"},"modified":"2025-03-31T15:42:06","modified_gmt":"2025-03-31T18:42:06","slug":"xilofon-129","status":"publish","type":"product","link":"https:\/\/jugueterialudico.com.ar\/?product=xilofon-129","title":{"rendered":"XILOF\u00d3N &#8211; 129"},"content":{"rendered":"<p>&nbsp;<\/p>\n<p><strong>C\u00d3MO SE JUEGA<\/strong><br \/>\nEs considerado uno de los mejores juguetes did\u00e1cticos de madera musicales a ra\u00edz de su agradable sonido y sus llamativos colores. Incluye dos baquetas\/palitos para tocar.<br \/>\n<strong>BENEFICIOS<\/strong><br \/>\nEste cl\u00e1sico instrumento infantil estimula el desarrollo musical, la identificaci\u00f3n de los colores y beneficia a la motricidad fina.<\/p>\n<p><strong style=\"font-size: 16px; font-style: normal;\">EDAD RECOMENDADA<\/strong><\/p>\n<p><span style=\"font-size: 16px; font-style: normal; font-weight: 400;\">El xilof\u00f3n (o xil\u00f3fono) es un juego recomendado para beb\u00e9s y ni\u00f1os de un a\u00f1o en adelante.<\/span><\/p>\n<p>Xilof\u00f3n juego did\u00e1ctico de madera medidas: Alto: 3 cm.- Largo: 30 cm.- Ancho: 12,5 cm.- Peso:\u00a0 0,5 kg.<\/p>\n","protected":false},"excerpt":{"rendered":"<p>&nbsp; C\u00d3MO SE JUEGA Es considerado uno de los mejores juguetes did\u00e1cticos de madera musicales a ra\u00edz de su agradable sonido y sus llamativos colores. Incluye dos baquetas\/palitos para tocar. BENEFICIOS Este cl\u00e1sico instrumento infantil estimula el desarrollo musical, la identificaci\u00f3n de los colores y beneficia a la motricidad fina. EDAD RECOMENDADA El xilof\u00f3n (o [&hellip;]<\/p>\n","protected":false},"featured_media":21458,"comment_status":"open","ping_status":"closed","template":"","meta":{"site-sidebar-layout":"default","site-content-layout":"default","ast-site-content-layout":"","site-content-style":"default","site-sidebar-style":"default","ast-global-header-display":"","ast-banner-title-visibility":"","ast-main-header-display":"","ast-hfb-above-header-display":"","ast-hfb-below-header-display":"","ast-hfb-mobile-header-display":"","site-post-title":"","ast-breadcrumbs-content":"","ast-featured-img":"","footer-sml-layout":"","theme-transparent-header-meta":"default","adv-header-id-meta":"","stick-header-meta":"","header-above-stick-meta":"","header-main-stick-meta":"","header-below-stick-meta":"","astra-migrate-meta-layouts":"default","ast-page-background-enabled":"default","ast-page-background-meta":{"desktop":{"background-color":"","background-image":"","background-repeat":"repeat","background-position":"center center","background-size":"auto","background-attachment":"scroll","background-type":"","background-media":"","overlay-type":"","overlay-color":"","overlay-opacity":"","overlay-gradient":""},"tablet":{"background-color":"","background-image":"","background-repeat":"repeat","background-position":"center center","background-size":"auto","background-attachment":"scroll","background-type":"","background-media":"","overlay-type":"","overlay-color":"","overlay-opacity":"","overlay-gradient":""},"mobile":{"background-color":"","background-image":"","background-repeat":"repeat","background-position":"center center","background-size":"auto","background-attachment":"scroll","background-type":"","background-media":"","overlay-type":"","overlay-color":"","overlay-opacity":"","overlay-gradient":""}},"ast-content-background-meta":{"desktop":{"background-color":"var(--ast-global-color-5)","background-image":"","background-repeat":"repeat","background-position":"center center","background-size":"auto","background-attachment":"scroll","background-type":"","background-media":"","overlay-type":"","overlay-color":"","overlay-opacity":"","overlay-gradient":""},"tablet":{"background-color":"var(--ast-global-color-5)","background-image":"","background-repeat":"repeat","background-position":"center center","background-size":"auto","background-attachment":"scroll","background-type":"","background-media":"","overlay-type":"","overlay-color":"","overlay-opacity":"","overlay-gradient":""},"mobile":{"background-color":"var(--ast-global-color-5)","background-image":"","background-repeat":"repeat","background-position":"center center","background-size":"auto","background-attachment":"scroll","background-type":"","background-media":"","overlay-type":"","overlay-color":"","overlay-opacity":"","overlay-gradient":""}},"spay_email":""},"product_cat":[161,163,164,165,93,73],"product_tag":[],"_links":{"self":[{"href":"https:\/\/jugueterialudico.com.ar\/index.php?rest_route=\/wp\/v2\/product\/21455"}],"collection":[{"href":"https:\/\/jugueterialudico.com.ar\/index.php?rest_route=\/wp\/v2\/product"}],"about":[{"href":"https:\/\/jugueterialudico.com.ar\/index.php?rest_route=\/wp\/v2\/types\/product"}],"replies":[{"embeddable":true,"href":"https:\/\/jugueterialudico.com.ar\/index.php?rest_route=%2Fwp%2Fv2%2Fcomments&post=21455"}],"wp:featuredmedia":[{"embeddable":true,"href":"https:\/\/jugueterialudico.com.ar\/index.php?rest_route=\/wp\/v2\/media\/21458"}],"wp:attachment":[{"href":"https:\/\/jugueterialudico.com.ar\/index.php?rest_route=%2Fwp%2Fv2%2Fmedia&parent=21455"}],"wp:term":[{"taxonomy":"product_cat","embeddable":true,"href":"https:\/\/jugueterialudico.com.ar\/index.php?rest_route=%2Fwp%2Fv2%2Fproduct_cat&post=21455"},{"taxonomy":"product_tag","embeddable":true,"href":"https:\/\/jugueterialudico.com.ar\/index.php?rest_route=%2Fwp%2Fv2%2Fproduct_tag&post=21455"}],"curies":[{"name":"wp","href":"https:\/\/api.w.org\/{rel}","templated":true}]}}