{"id":21460,"date":"2022-08-27T13:22:30","date_gmt":"2022-08-27T16:22:30","guid":{"rendered":"https:\/\/jugueterialudico.com.ar\/?post_type=product&#038;p=21460"},"modified":"2025-01-14T17:09:22","modified_gmt":"2025-01-14T20:09:22","slug":"tabla-de-descarga-129","status":"publish","type":"product","link":"https:\/\/jugueterialudico.com.ar\/?product=tabla-de-descarga-129","title":{"rendered":"TABLA DE DESCARGA &#8211; 129"},"content":{"rendered":"<p>&nbsp;<\/p>\n<p><strong>C\u00d3MO SE JUEGA<\/strong><br \/>\nComo su nombre lo indica, sirve para que el ni\u00f1o se descargue golpeando con el martillo de madera a los palitos de colores, hasta que \u00e9stos hagan tope. Al llegar a este punto se da vuelta la tabla y el juego comienza nuevamente. Por otra parte, tambi\u00e9n se podr\u00e1n extraer dichos palitos y volver a poner a modo de encastre.<br \/>\n<strong>BENEFICIOS<\/strong><br \/>\nEl golpear el martillito de juguete, resulta una actividad adecuada para reducir el estr\u00e9s y relajar a los m\u00e1s peque\u00f1os, adem\u00e1s de ayudar al desarrollo de la motricidad gruesa. Al usarlo como encastre, tambi\u00e9n es muy beneficioso para mejorar la motricidad fina.<\/p>\n<p><strong style=\"font-size: 16px; font-style: normal;\">EDAD RECOMENDADA<\/strong><\/p>\n<p><span style=\"font-size: 16px; font-style: normal; font-weight: 400;\">El banco de descarga infantil es un juego recomendado para ni\u00f1os de 1-4 a\u00f1os.<\/span><\/p>\n<p>Banco de descarga juego did\u00e1ctico de madera medidas: Alto: 9 cm.- Largo: 15 cm.- Ancho: 15 cm.- Peso: 0,27 kg.<\/p>\n","protected":false},"excerpt":{"rendered":"<p>&nbsp; C\u00d3MO SE JUEGA Como su nombre lo indica, sirve para que el ni\u00f1o se descargue golpeando con el martillo de madera a los palitos de colores, hasta que \u00e9stos hagan tope. Al llegar a este punto se da vuelta la tabla y el juego comienza nuevamente. Por otra parte, tambi\u00e9n se podr\u00e1n extraer dichos [&hellip;]<\/p>\n","protected":false},"featured_media":21461,"comment_status":"open","ping_status":"closed","template":"","meta":{"site-sidebar-layout":"default","site-content-layout":"default","ast-site-content-layout":"","site-content-style":"default","site-sidebar-style":"default","ast-global-header-display":"","ast-banner-title-visibility":"","ast-main-header-display":"","ast-hfb-above-header-display":"","ast-hfb-below-header-display":"","ast-hfb-mobile-header-display":"","site-post-title":"","ast-breadcrumbs-content":"","ast-featured-img":"","footer-sml-layout":"","theme-transparent-header-meta":"default","adv-header-id-meta":"","stick-header-meta":"","header-above-stick-meta":"","header-main-stick-meta":"","header-below-stick-meta":"","astra-migrate-meta-layouts":"default","ast-page-background-enabled":"default","ast-page-background-meta":{"desktop":{"background-color":"","background-image":"","background-repeat":"repeat","background-position":"center center","background-size":"auto","background-attachment":"scroll","background-type":"","background-media":"","overlay-type":"","overlay-color":"","overlay-opacity":"","overlay-gradient":""},"tablet":{"background-color":"","background-image":"","background-repeat":"repeat","background-position":"center center","background-size":"auto","background-attachment":"scroll","background-type":"","background-media":"","overlay-type":"","overlay-color":"","overlay-opacity":"","overlay-gradient":""},"mobile":{"background-color":"","background-image":"","background-repeat":"repeat","background-position":"center center","background-size":"auto","background-attachment":"scroll","background-type":"","background-media":"","overlay-type":"","overlay-color":"","overlay-opacity":"","overlay-gradient":""}},"ast-content-background-meta":{"desktop":{"background-color":"var(--ast-global-color-5)","background-image":"","background-repeat":"repeat","background-position":"center center","background-size":"auto","background-attachment":"scroll","background-type":"","background-media":"","overlay-type":"","overlay-color":"","overlay-opacity":"","overlay-gradient":""},"tablet":{"background-color":"var(--ast-global-color-5)","background-image":"","background-repeat":"repeat","background-position":"center center","background-size":"auto","background-attachment":"scroll","background-type":"","background-media":"","overlay-type":"","overlay-color":"","overlay-opacity":"","overlay-gradient":""},"mobile":{"background-color":"var(--ast-global-color-5)","background-image":"","background-repeat":"repeat","background-position":"center center","background-size":"auto","background-attachment":"scroll","background-type":"","background-media":"","overlay-type":"","overlay-color":"","overlay-opacity":"","overlay-gradient":""}},"spay_email":""},"product_cat":[161,163,164,93],"product_tag":[],"_links":{"self":[{"href":"https:\/\/jugueterialudico.com.ar\/index.php?rest_route=\/wp\/v2\/product\/21460"}],"collection":[{"href":"https:\/\/jugueterialudico.com.ar\/index.php?rest_route=\/wp\/v2\/product"}],"about":[{"href":"https:\/\/jugueterialudico.com.ar\/index.php?rest_route=\/wp\/v2\/types\/product"}],"replies":[{"embeddable":true,"href":"https:\/\/jugueterialudico.com.ar\/index.php?rest_route=%2Fwp%2Fv2%2Fcomments&post=21460"}],"wp:featuredmedia":[{"embeddable":true,"href":"https:\/\/jugueterialudico.com.ar\/index.php?rest_route=\/wp\/v2\/media\/21461"}],"wp:attachment":[{"href":"https:\/\/jugueterialudico.com.ar\/index.php?rest_route=%2Fwp%2Fv2%2Fmedia&parent=21460"}],"wp:term":[{"taxonomy":"product_cat","embeddable":true,"href":"https:\/\/jugueterialudico.com.ar\/index.php?rest_route=%2Fwp%2Fv2%2Fproduct_cat&post=21460"},{"taxonomy":"product_tag","embeddable":true,"href":"https:\/\/jugueterialudico.com.ar\/index.php?rest_route=%2Fwp%2Fv2%2Fproduct_tag&post=21460"}],"curies":[{"name":"wp","href":"https:\/\/api.w.org\/{rel}","templated":true}]}}