{"id":21462,"date":"2022-08-27T13:46:58","date_gmt":"2022-08-27T16:46:58","guid":{"rendered":"https:\/\/jugueterialudico.com.ar\/?post_type=product&#038;p=21462"},"modified":"2025-09-06T16:30:32","modified_gmt":"2025-09-06T19:30:32","slug":"tejo-imantado-129","status":"publish","type":"product","link":"https:\/\/jugueterialudico.com.ar\/?product=tejo-imantado-129","title":{"rendered":"TEJO IMANTADO &#8211; 129"},"content":{"rendered":"<p>&nbsp;<\/p>\n<p><strong>C\u00d3MO SE JUEGA<\/strong><br \/>\nEs un juego de f\u00fatbol de mesa para jugar de a dos. Cada uno de los participantes manejar\u00e1 un jugador y lo mover\u00e1 en la direcci\u00f3n que desee por medio de un im\u00e1n, para que pueda impactar la bolita y as\u00ed convertir goles a su oponente, que a su vez intentar\u00e1 obstruir el tiro moviendo su respectiva ficha. Si se quiere aumentar la dificultad, est\u00e1 en los jugadores decidir si se podr\u00e1 traspasar o no la l\u00ednea de la mitad de la cancha.<\/p>\n<p>El uso del im\u00e1n genera sorpresa especialmente en los m\u00e1s peque\u00f1os, haciendo el juego a\u00fan m\u00e1s atractivo. Contiene dos bolitas para usar como pelota.<br \/>\n<strong>BENEFICIOS<\/strong><br \/>\nAdem\u00e1s de garantizar entretenidos ratos, nuestro metegol con imanes sirve para estimular la motricidad fina.<\/p>\n<p><strong style=\"font-size: 16px; font-style: normal;\">EDAD RECOMENDADA<\/strong><\/p>\n<p><span style=\"font-size: 16px; font-style: normal; font-weight: 400;\">El tejo imantado es un juguete de madera recomendado para ni\u00f1os de 4 a\u00f1os en adelante.<\/span><\/p>\n<p>Mini tejo de mesa juego did\u00e1ctico artesanal de madera medidas: Alto: 20 cm.- Largo: 30 cm.- Ancho: 4 cm.- Peso: 0,65 kg.<\/p>\n","protected":false},"excerpt":{"rendered":"<p>&nbsp; C\u00d3MO SE JUEGA Es un juego de f\u00fatbol de mesa para jugar de a dos. Cada uno de los participantes manejar\u00e1 un jugador y lo mover\u00e1 en la direcci\u00f3n que desee por medio de un im\u00e1n, para que pueda impactar la bolita y as\u00ed convertir goles a su oponente, que a su vez intentar\u00e1 [&hellip;]<\/p>\n","protected":false},"featured_media":21465,"comment_status":"open","ping_status":"closed","template":"","meta":{"site-sidebar-layout":"default","site-content-layout":"default","ast-site-content-layout":"","site-content-style":"default","site-sidebar-style":"default","ast-global-header-display":"","ast-banner-title-visibility":"","ast-main-header-display":"","ast-hfb-above-header-display":"","ast-hfb-below-header-display":"","ast-hfb-mobile-header-display":"","site-post-title":"","ast-breadcrumbs-content":"","ast-featured-img":"","footer-sml-layout":"","theme-transparent-header-meta":"default","adv-header-id-meta":"","stick-header-meta":"","header-above-stick-meta":"","header-main-stick-meta":"","header-below-stick-meta":"","astra-migrate-meta-layouts":"default","ast-page-background-enabled":"default","ast-page-background-meta":{"desktop":{"background-color":"","background-image":"","background-repeat":"repeat","background-position":"center center","background-size":"auto","background-attachment":"scroll","background-type":"","background-media":"","overlay-type":"","overlay-color":"","overlay-opacity":"","overlay-gradient":""},"tablet":{"background-color":"","background-image":"","background-repeat":"repeat","background-position":"center center","background-size":"auto","background-attachment":"scroll","background-type":"","background-media":"","overlay-type":"","overlay-color":"","overlay-opacity":"","overlay-gradient":""},"mobile":{"background-color":"","background-image":"","background-repeat":"repeat","background-position":"center center","background-size":"auto","background-attachment":"scroll","background-type":"","background-media":"","overlay-type":"","overlay-color":"","overlay-opacity":"","overlay-gradient":""}},"ast-content-background-meta":{"desktop":{"background-color":"var(--ast-global-color-5)","background-image":"","background-repeat":"repeat","background-position":"center center","background-size":"auto","background-attachment":"scroll","background-type":"","background-media":"","overlay-type":"","overlay-color":"","overlay-opacity":"","overlay-gradient":""},"tablet":{"background-color":"var(--ast-global-color-5)","background-image":"","background-repeat":"repeat","background-position":"center center","background-size":"auto","background-attachment":"scroll","background-type":"","background-media":"","overlay-type":"","overlay-color":"","overlay-opacity":"","overlay-gradient":""},"mobile":{"background-color":"var(--ast-global-color-5)","background-image":"","background-repeat":"repeat","background-position":"center center","background-size":"auto","background-attachment":"scroll","background-type":"","background-media":"","overlay-type":"","overlay-color":"","overlay-opacity":"","overlay-gradient":""}},"spay_email":""},"product_cat":[165,166,167,158],"product_tag":[],"_links":{"self":[{"href":"https:\/\/jugueterialudico.com.ar\/index.php?rest_route=\/wp\/v2\/product\/21462"}],"collection":[{"href":"https:\/\/jugueterialudico.com.ar\/index.php?rest_route=\/wp\/v2\/product"}],"about":[{"href":"https:\/\/jugueterialudico.com.ar\/index.php?rest_route=\/wp\/v2\/types\/product"}],"replies":[{"embeddable":true,"href":"https:\/\/jugueterialudico.com.ar\/index.php?rest_route=%2Fwp%2Fv2%2Fcomments&post=21462"}],"wp:featuredmedia":[{"embeddable":true,"href":"https:\/\/jugueterialudico.com.ar\/index.php?rest_route=\/wp\/v2\/media\/21465"}],"wp:attachment":[{"href":"https:\/\/jugueterialudico.com.ar\/index.php?rest_route=%2Fwp%2Fv2%2Fmedia&parent=21462"}],"wp:term":[{"taxonomy":"product_cat","embeddable":true,"href":"https:\/\/jugueterialudico.com.ar\/index.php?rest_route=%2Fwp%2Fv2%2Fproduct_cat&post=21462"},{"taxonomy":"product_tag","embeddable":true,"href":"https:\/\/jugueterialudico.com.ar\/index.php?rest_route=%2Fwp%2Fv2%2Fproduct_tag&post=21462"}],"curies":[{"name":"wp","href":"https:\/\/api.w.org\/{rel}","templated":true}]}}