{"id":21467,"date":"2022-08-27T16:42:03","date_gmt":"2022-08-27T19:42:03","guid":{"rendered":"https:\/\/jugueterialudico.com.ar\/?post_type=product&#038;p=21467"},"modified":"2025-09-06T16:31:20","modified_gmt":"2025-09-06T19:31:20","slug":"imantados-bolitas-129","status":"publish","type":"product","link":"https:\/\/jugueterialudico.com.ar\/?product=imantados-bolitas-129","title":{"rendered":"IMANTADOS BOLITAS &#8211; 129"},"content":{"rendered":"<p>&nbsp;<\/p>\n<p><strong>C\u00d3MO SE JUEGA<\/strong><br \/>\nEl prop\u00f3sito es ubicar todas las bolitas en la cima, utilizando un im\u00e1n que permite moverlas, debiendo esquivar las varillas que obstaculizan el cumplimiento del objetivo. Cuando se juntan muchas en la parte superior se empujan unas con otras y aumenta la dificultad para cumplir la meta. El uso del im\u00e1n genera sorpresa a esa edad, haciendo el juego m\u00e1s atractivo.<br \/>\n<strong>BENEFICIOS<\/strong><br \/>\nAdem\u00e1s de su entretenida din\u00e1mica con imanes, es uno de los juguetes did\u00e1cticos que m\u00e1s ayudan a trabajar y mejorar la motricidad fina, adem\u00e1s de estimular la coordinaci\u00f3n motora.<\/p>\n<p><strong style=\"font-size: 16px; font-style: normal;\">EDAD RECOMENDADA<\/strong><\/p>\n<p><span style=\"font-size: 16px; font-style: normal; font-weight: 400;\">Es un juego educativo recomendado para ni\u00f1os de 3 a 7 a\u00f1os.<\/span><\/p>\n<p>Imantados bolitas juego did\u00e1ctico de madera. Medidas: Alto: 30 cm.- Largo: 20 cm.- Ancho: 7,5 cm.- Peso: 1,100 kg.<\/p>\n","protected":false},"excerpt":{"rendered":"<p>&nbsp; C\u00d3MO SE JUEGA El prop\u00f3sito es ubicar todas las bolitas en la cima, utilizando un im\u00e1n que permite moverlas, debiendo esquivar las varillas que obstaculizan el cumplimiento del objetivo. Cuando se juntan muchas en la parte superior se empujan unas con otras y aumenta la dificultad para cumplir la meta. El uso del im\u00e1n [&hellip;]<\/p>\n","protected":false},"featured_media":21469,"comment_status":"open","ping_status":"closed","template":"","meta":{"site-sidebar-layout":"default","site-content-layout":"default","ast-site-content-layout":"","site-content-style":"default","site-sidebar-style":"default","ast-global-header-display":"","ast-banner-title-visibility":"","ast-main-header-display":"","ast-hfb-above-header-display":"","ast-hfb-below-header-display":"","ast-hfb-mobile-header-display":"","site-post-title":"","ast-breadcrumbs-content":"","ast-featured-img":"","footer-sml-layout":"","theme-transparent-header-meta":"default","adv-header-id-meta":"","stick-header-meta":"","header-above-stick-meta":"","header-main-stick-meta":"","header-below-stick-meta":"","astra-migrate-meta-layouts":"default","ast-page-background-enabled":"default","ast-page-background-meta":{"desktop":{"background-color":"","background-image":"","background-repeat":"repeat","background-position":"center center","background-size":"auto","background-attachment":"scroll","background-type":"","background-media":"","overlay-type":"","overlay-color":"","overlay-opacity":"","overlay-gradient":""},"tablet":{"background-color":"","background-image":"","background-repeat":"repeat","background-position":"center center","background-size":"auto","background-attachment":"scroll","background-type":"","background-media":"","overlay-type":"","overlay-color":"","overlay-opacity":"","overlay-gradient":""},"mobile":{"background-color":"","background-image":"","background-repeat":"repeat","background-position":"center center","background-size":"auto","background-attachment":"scroll","background-type":"","background-media":"","overlay-type":"","overlay-color":"","overlay-opacity":"","overlay-gradient":""}},"ast-content-background-meta":{"desktop":{"background-color":"var(--ast-global-color-5)","background-image":"","background-repeat":"repeat","background-position":"center center","background-size":"auto","background-attachment":"scroll","background-type":"","background-media":"","overlay-type":"","overlay-color":"","overlay-opacity":"","overlay-gradient":""},"tablet":{"background-color":"var(--ast-global-color-5)","background-image":"","background-repeat":"repeat","background-position":"center center","background-size":"auto","background-attachment":"scroll","background-type":"","background-media":"","overlay-type":"","overlay-color":"","overlay-opacity":"","overlay-gradient":""},"mobile":{"background-color":"var(--ast-global-color-5)","background-image":"","background-repeat":"repeat","background-position":"center center","background-size":"auto","background-attachment":"scroll","background-type":"","background-media":"","overlay-type":"","overlay-color":"","overlay-opacity":"","overlay-gradient":""}},"spay_email":""},"product_cat":[164,165,166,158,93],"product_tag":[],"_links":{"self":[{"href":"https:\/\/jugueterialudico.com.ar\/index.php?rest_route=\/wp\/v2\/product\/21467"}],"collection":[{"href":"https:\/\/jugueterialudico.com.ar\/index.php?rest_route=\/wp\/v2\/product"}],"about":[{"href":"https:\/\/jugueterialudico.com.ar\/index.php?rest_route=\/wp\/v2\/types\/product"}],"replies":[{"embeddable":true,"href":"https:\/\/jugueterialudico.com.ar\/index.php?rest_route=%2Fwp%2Fv2%2Fcomments&post=21467"}],"wp:featuredmedia":[{"embeddable":true,"href":"https:\/\/jugueterialudico.com.ar\/index.php?rest_route=\/wp\/v2\/media\/21469"}],"wp:attachment":[{"href":"https:\/\/jugueterialudico.com.ar\/index.php?rest_route=%2Fwp%2Fv2%2Fmedia&parent=21467"}],"wp:term":[{"taxonomy":"product_cat","embeddable":true,"href":"https:\/\/jugueterialudico.com.ar\/index.php?rest_route=%2Fwp%2Fv2%2Fproduct_cat&post=21467"},{"taxonomy":"product_tag","embeddable":true,"href":"https:\/\/jugueterialudico.com.ar\/index.php?rest_route=%2Fwp%2Fv2%2Fproduct_tag&post=21467"}],"curies":[{"name":"wp","href":"https:\/\/api.w.org\/{rel}","templated":true}]}}