{"id":21470,"date":"2022-08-27T16:49:59","date_gmt":"2022-08-27T19:49:59","guid":{"rendered":"https:\/\/jugueterialudico.com.ar\/?post_type=product&#038;p=21470"},"modified":"2025-09-06T16:30:12","modified_gmt":"2025-09-06T19:30:12","slug":"buscacaminos-imantado-129","status":"publish","type":"product","link":"https:\/\/jugueterialudico.com.ar\/?product=buscacaminos-imantado-129","title":{"rendered":"BUSCACAMINOS IMANTADO &#8211; 129"},"content":{"rendered":"<p>&nbsp;<\/p>\n<p><strong>C\u00d3MO SE JUEGA<\/strong><br \/>\nJuego de recorrido cuya meta es ubicar las fichas en los extremos del mismo color, llev\u00e1ndolas con un im\u00e1n que permite moverlas. Luego de cumplido el objetivo, se da vuelta la tabla y las piezas vuelven a estar desordenadas, comenzando nuevamente del otro lado. El uso de los imanes genera sorpresa a esa edad, haciendo el juego a\u00fan m\u00e1s atractivo.<br \/>\n<strong>BENEFICIOS<\/strong><br \/>\nEste laberinto did\u00e1ctico magn\u00e9tico sirve para el desarrollo cognitivo, la motricidad fina y gruesa. Otro de los beneficios de este juguete es el reconocimiento de colores, convirti\u00e9ndolo en uno de los mejores juegos educativos para ni\u00f1os.<\/p>\n<p><strong style=\"font-size: 16px; font-style: normal;\">EDAD RECOMENDADA<\/strong><\/p>\n<p><span style=\"font-size: 16px; font-style: normal; font-weight: 400;\">El busca caminos imantado es un juguete did\u00e1ctico de madera para ni\u00f1os de 2 a 6 a\u00f1os.<\/span><\/p>\n<p>Busca camino imantado juego did\u00e1ctico artesanal de madera medidas: Alto: 22 cm.- Largo: 22 cm.- Ancho: 8 cm.- Peso: 0,55 kg.<\/p>\n","protected":false},"excerpt":{"rendered":"<p>&nbsp; C\u00d3MO SE JUEGA Juego de recorrido cuya meta es ubicar las fichas en los extremos del mismo color, llev\u00e1ndolas con un im\u00e1n que permite moverlas. Luego de cumplido el objetivo, se da vuelta la tabla y las piezas vuelven a estar desordenadas, comenzando nuevamente del otro lado. El uso de los imanes genera sorpresa [&hellip;]<\/p>\n","protected":false},"featured_media":21471,"comment_status":"open","ping_status":"closed","template":"","meta":{"site-sidebar-layout":"default","site-content-layout":"default","ast-site-content-layout":"","site-content-style":"default","site-sidebar-style":"default","ast-global-header-display":"","ast-banner-title-visibility":"","ast-main-header-display":"","ast-hfb-above-header-display":"","ast-hfb-below-header-display":"","ast-hfb-mobile-header-display":"","site-post-title":"","ast-breadcrumbs-content":"","ast-featured-img":"","footer-sml-layout":"","theme-transparent-header-meta":"default","adv-header-id-meta":"","stick-header-meta":"","header-above-stick-meta":"","header-main-stick-meta":"","header-below-stick-meta":"","astra-migrate-meta-layouts":"default","ast-page-background-enabled":"default","ast-page-background-meta":{"desktop":{"background-color":"","background-image":"","background-repeat":"repeat","background-position":"center center","background-size":"auto","background-attachment":"scroll","background-type":"","background-media":"","overlay-type":"","overlay-color":"","overlay-opacity":"","overlay-gradient":""},"tablet":{"background-color":"","background-image":"","background-repeat":"repeat","background-position":"center center","background-size":"auto","background-attachment":"scroll","background-type":"","background-media":"","overlay-type":"","overlay-color":"","overlay-opacity":"","overlay-gradient":""},"mobile":{"background-color":"","background-image":"","background-repeat":"repeat","background-position":"center center","background-size":"auto","background-attachment":"scroll","background-type":"","background-media":"","overlay-type":"","overlay-color":"","overlay-opacity":"","overlay-gradient":""}},"ast-content-background-meta":{"desktop":{"background-color":"var(--ast-global-color-5)","background-image":"","background-repeat":"repeat","background-position":"center center","background-size":"auto","background-attachment":"scroll","background-type":"","background-media":"","overlay-type":"","overlay-color":"","overlay-opacity":"","overlay-gradient":""},"tablet":{"background-color":"var(--ast-global-color-5)","background-image":"","background-repeat":"repeat","background-position":"center center","background-size":"auto","background-attachment":"scroll","background-type":"","background-media":"","overlay-type":"","overlay-color":"","overlay-opacity":"","overlay-gradient":""},"mobile":{"background-color":"var(--ast-global-color-5)","background-image":"","background-repeat":"repeat","background-position":"center center","background-size":"auto","background-attachment":"scroll","background-type":"","background-media":"","overlay-type":"","overlay-color":"","overlay-opacity":"","overlay-gradient":""}},"spay_email":""},"product_cat":[163,164,165,158],"product_tag":[],"_links":{"self":[{"href":"https:\/\/jugueterialudico.com.ar\/index.php?rest_route=\/wp\/v2\/product\/21470"}],"collection":[{"href":"https:\/\/jugueterialudico.com.ar\/index.php?rest_route=\/wp\/v2\/product"}],"about":[{"href":"https:\/\/jugueterialudico.com.ar\/index.php?rest_route=\/wp\/v2\/types\/product"}],"replies":[{"embeddable":true,"href":"https:\/\/jugueterialudico.com.ar\/index.php?rest_route=%2Fwp%2Fv2%2Fcomments&post=21470"}],"wp:featuredmedia":[{"embeddable":true,"href":"https:\/\/jugueterialudico.com.ar\/index.php?rest_route=\/wp\/v2\/media\/21471"}],"wp:attachment":[{"href":"https:\/\/jugueterialudico.com.ar\/index.php?rest_route=%2Fwp%2Fv2%2Fmedia&parent=21470"}],"wp:term":[{"taxonomy":"product_cat","embeddable":true,"href":"https:\/\/jugueterialudico.com.ar\/index.php?rest_route=%2Fwp%2Fv2%2Fproduct_cat&post=21470"},{"taxonomy":"product_tag","embeddable":true,"href":"https:\/\/jugueterialudico.com.ar\/index.php?rest_route=%2Fwp%2Fv2%2Fproduct_tag&post=21470"}],"curies":[{"name":"wp","href":"https:\/\/api.w.org\/{rel}","templated":true}]}}