{"id":21529,"date":"2022-08-29T18:40:55","date_gmt":"2022-08-29T21:40:55","guid":{"rendered":"https:\/\/jugueterialudico.com.ar\/?post_type=product&#038;p=21529"},"modified":"2023-11-03T09:50:56","modified_gmt":"2023-11-03T12:50:56","slug":"dino-mecedor-144","status":"publish","type":"product","link":"https:\/\/jugueterialudico.com.ar\/?product=dino-mecedor-144","title":{"rendered":"DINO MECEDOR &#8211; 144"},"content":{"rendered":"<div class=\"co8aDb\" role=\"heading\" aria-level=\"3\"><b>\u00a1Horas de diversi\u00f3n con el Dino balanc\u00edn!<\/b><\/div>\n<div class=\"RqBzHd\">\n<ul class=\"i8Z77e\">\n<li class=\"TrT0Xe\">Mejora el equilibrio y coordinaci\u00f3n.<\/li>\n<li class=\"TrT0Xe\">Fortalece los m\u00fasculos.<\/li>\n<li class=\"TrT0Xe\">Estimula la imaginaci\u00f3n a trav\u00e9s del juego libre y simb\u00f3lico.<\/li>\n<li class=\"TrT0Xe\">Desarrolla la motricidad.<\/li>\n<\/ul>\n<\/div>\n<p>Dino balanc\u00edn, en dos colores : verde manzana y rosa.<\/p>\n<p>Medidas:<\/p>\n<p>Altura : 57 cm<\/p>\n<p>Largo : 67 cm<\/p>\n<p>Altura del asiento al piso: 32<\/p>\n<p>Altura de la manija a la base mecedora: 42 cm<\/p>\n<p>&nbsp;<\/p>\n<p>Edad recomendada: +2<\/p>\n","protected":false},"excerpt":{"rendered":"<p>\u00a1Horas de diversi\u00f3n con el Dino balanc\u00edn! Mejora el equilibrio y coordinaci\u00f3n. Fortalece los m\u00fasculos. Estimula la imaginaci\u00f3n a trav\u00e9s del juego libre y simb\u00f3lico. Desarrolla la motricidad. Dino balanc\u00edn, en dos colores : verde manzana y rosa. Medidas: Altura : 57 cm Largo : 67 cm Altura del asiento al piso: 32 Altura de [&hellip;]<\/p>\n","protected":false},"featured_media":21534,"comment_status":"open","ping_status":"closed","template":"","meta":{"site-sidebar-layout":"default","site-content-layout":"default","ast-site-content-layout":"","site-content-style":"default","site-sidebar-style":"default","ast-global-header-display":"","ast-banner-title-visibility":"","ast-main-header-display":"","ast-hfb-above-header-display":"","ast-hfb-below-header-display":"","ast-hfb-mobile-header-display":"","site-post-title":"","ast-breadcrumbs-content":"","ast-featured-img":"","footer-sml-layout":"","theme-transparent-header-meta":"default","adv-header-id-meta":"","stick-header-meta":"","header-above-stick-meta":"","header-main-stick-meta":"","header-below-stick-meta":"","astra-migrate-meta-layouts":"default","ast-page-background-enabled":"default","ast-page-background-meta":{"desktop":{"background-color":"","background-image":"","background-repeat":"repeat","background-position":"center center","background-size":"auto","background-attachment":"scroll","background-type":"","background-media":"","overlay-type":"","overlay-color":"","overlay-opacity":"","overlay-gradient":""},"tablet":{"background-color":"","background-image":"","background-repeat":"repeat","background-position":"center center","background-size":"auto","background-attachment":"scroll","background-type":"","background-media":"","overlay-type":"","overlay-color":"","overlay-opacity":"","overlay-gradient":""},"mobile":{"background-color":"","background-image":"","background-repeat":"repeat","background-position":"center center","background-size":"auto","background-attachment":"scroll","background-type":"","background-media":"","overlay-type":"","overlay-color":"","overlay-opacity":"","overlay-gradient":""}},"ast-content-background-meta":{"desktop":{"background-color":"var(--ast-global-color-5)","background-image":"","background-repeat":"repeat","background-position":"center center","background-size":"auto","background-attachment":"scroll","background-type":"","background-media":"","overlay-type":"","overlay-color":"","overlay-opacity":"","overlay-gradient":""},"tablet":{"background-color":"var(--ast-global-color-5)","background-image":"","background-repeat":"repeat","background-position":"center center","background-size":"auto","background-attachment":"scroll","background-type":"","background-media":"","overlay-type":"","overlay-color":"","overlay-opacity":"","overlay-gradient":""},"mobile":{"background-color":"var(--ast-global-color-5)","background-image":"","background-repeat":"repeat","background-position":"center center","background-size":"auto","background-attachment":"scroll","background-type":"","background-media":"","overlay-type":"","overlay-color":"","overlay-opacity":"","overlay-gradient":""}},"spay_email":""},"product_cat":[18],"product_tag":[],"_links":{"self":[{"href":"https:\/\/jugueterialudico.com.ar\/index.php?rest_route=\/wp\/v2\/product\/21529"}],"collection":[{"href":"https:\/\/jugueterialudico.com.ar\/index.php?rest_route=\/wp\/v2\/product"}],"about":[{"href":"https:\/\/jugueterialudico.com.ar\/index.php?rest_route=\/wp\/v2\/types\/product"}],"replies":[{"embeddable":true,"href":"https:\/\/jugueterialudico.com.ar\/index.php?rest_route=%2Fwp%2Fv2%2Fcomments&post=21529"}],"wp:featuredmedia":[{"embeddable":true,"href":"https:\/\/jugueterialudico.com.ar\/index.php?rest_route=\/wp\/v2\/media\/21534"}],"wp:attachment":[{"href":"https:\/\/jugueterialudico.com.ar\/index.php?rest_route=%2Fwp%2Fv2%2Fmedia&parent=21529"}],"wp:term":[{"taxonomy":"product_cat","embeddable":true,"href":"https:\/\/jugueterialudico.com.ar\/index.php?rest_route=%2Fwp%2Fv2%2Fproduct_cat&post=21529"},{"taxonomy":"product_tag","embeddable":true,"href":"https:\/\/jugueterialudico.com.ar\/index.php?rest_route=%2Fwp%2Fv2%2Fproduct_tag&post=21529"}],"curies":[{"name":"wp","href":"https:\/\/api.w.org\/{rel}","templated":true}]}}