{"id":21545,"date":"2022-08-29T19:17:39","date_gmt":"2022-08-29T22:17:39","guid":{"rendered":"https:\/\/jugueterialudico.com.ar\/?post_type=product&#038;p=21545"},"modified":"2024-10-14T19:39:46","modified_gmt":"2024-10-14T22:39:46","slug":"set-doctor-030","status":"publish","type":"product","link":"https:\/\/jugueterialudico.com.ar\/?product=set-doctor-030","title":{"rendered":"SET DOCTOR\/A &#8211; 030"},"content":{"rendered":"<p><em>Juego simb\u00f3lico\u00a0de Doctor\/a<\/em><\/p>\n<p><em>Incluye:<\/em>\u00a01 estetoscopio, 1 martillo, 1 frasco de remedios,\u00a01 tableta de pastillas, 1 jeringa, 1 tijerita 1 term\u00f3metro y 1 malet\u00edn<br \/>\n<em>Dimensiones aproximadas:<\/em><br \/>\nPartes del estetoscopio: 5 cm de di\u00e1metro,<br \/>\ntableta de pastillas 5.5 cm x 3,5 cm.<br \/>\nJeringa 11 cm de largo x 2.5 de di\u00e1metro.<br \/>\nTijera 11 cm de largo x 5 cm de ancho.<br \/>\nMartillo 5 cm de ancho x 12 cm de largo.<br \/>\nTerm\u00f3metro 12 cm de largo x 2 cm de ancho.<br \/>\nMateriales: Madera mdf..<\/p>\n","protected":false},"excerpt":{"rendered":"<p>Juego simb\u00f3lico\u00a0de Doctor\/a Incluye:\u00a01 estetoscopio, 1 martillo, 1 frasco de remedios,\u00a01 tableta de pastillas, 1 jeringa, 1 tijerita 1 term\u00f3metro y 1 malet\u00edn Dimensiones aproximadas: Partes del estetoscopio: 5 cm de di\u00e1metro, tableta de pastillas 5.5 cm x 3,5 cm. Jeringa 11 cm de largo x 2.5 de di\u00e1metro. Tijera 11 cm de largo x [&hellip;]<\/p>\n","protected":false},"featured_media":21549,"comment_status":"open","ping_status":"closed","template":"","meta":{"site-sidebar-layout":"default","site-content-layout":"default","ast-site-content-layout":"","site-content-style":"default","site-sidebar-style":"default","ast-global-header-display":"","ast-banner-title-visibility":"","ast-main-header-display":"","ast-hfb-above-header-display":"","ast-hfb-below-header-display":"","ast-hfb-mobile-header-display":"","site-post-title":"","ast-breadcrumbs-content":"","ast-featured-img":"","footer-sml-layout":"","theme-transparent-header-meta":"default","adv-header-id-meta":"","stick-header-meta":"","header-above-stick-meta":"","header-main-stick-meta":"","header-below-stick-meta":"","astra-migrate-meta-layouts":"default","ast-page-background-enabled":"default","ast-page-background-meta":{"desktop":{"background-color":"","background-image":"","background-repeat":"repeat","background-position":"center center","background-size":"auto","background-attachment":"scroll","background-type":"","background-media":"","overlay-type":"","overlay-color":"","overlay-opacity":"","overlay-gradient":""},"tablet":{"background-color":"","background-image":"","background-repeat":"repeat","background-position":"center center","background-size":"auto","background-attachment":"scroll","background-type":"","background-media":"","overlay-type":"","overlay-color":"","overlay-opacity":"","overlay-gradient":""},"mobile":{"background-color":"","background-image":"","background-repeat":"repeat","background-position":"center center","background-size":"auto","background-attachment":"scroll","background-type":"","background-media":"","overlay-type":"","overlay-color":"","overlay-opacity":"","overlay-gradient":""}},"ast-content-background-meta":{"desktop":{"background-color":"var(--ast-global-color-5)","background-image":"","background-repeat":"repeat","background-position":"center center","background-size":"auto","background-attachment":"scroll","background-type":"","background-media":"","overlay-type":"","overlay-color":"","overlay-opacity":"","overlay-gradient":""},"tablet":{"background-color":"var(--ast-global-color-5)","background-image":"","background-repeat":"repeat","background-position":"center center","background-size":"auto","background-attachment":"scroll","background-type":"","background-media":"","overlay-type":"","overlay-color":"","overlay-opacity":"","overlay-gradient":""},"mobile":{"background-color":"var(--ast-global-color-5)","background-image":"","background-repeat":"repeat","background-position":"center center","background-size":"auto","background-attachment":"scroll","background-type":"","background-media":"","overlay-type":"","overlay-color":"","overlay-opacity":"","overlay-gradient":""}},"spay_email":""},"product_cat":[164,165,166,93],"product_tag":[],"_links":{"self":[{"href":"https:\/\/jugueterialudico.com.ar\/index.php?rest_route=\/wp\/v2\/product\/21545"}],"collection":[{"href":"https:\/\/jugueterialudico.com.ar\/index.php?rest_route=\/wp\/v2\/product"}],"about":[{"href":"https:\/\/jugueterialudico.com.ar\/index.php?rest_route=\/wp\/v2\/types\/product"}],"replies":[{"embeddable":true,"href":"https:\/\/jugueterialudico.com.ar\/index.php?rest_route=%2Fwp%2Fv2%2Fcomments&post=21545"}],"wp:featuredmedia":[{"embeddable":true,"href":"https:\/\/jugueterialudico.com.ar\/index.php?rest_route=\/wp\/v2\/media\/21549"}],"wp:attachment":[{"href":"https:\/\/jugueterialudico.com.ar\/index.php?rest_route=%2Fwp%2Fv2%2Fmedia&parent=21545"}],"wp:term":[{"taxonomy":"product_cat","embeddable":true,"href":"https:\/\/jugueterialudico.com.ar\/index.php?rest_route=%2Fwp%2Fv2%2Fproduct_cat&post=21545"},{"taxonomy":"product_tag","embeddable":true,"href":"https:\/\/jugueterialudico.com.ar\/index.php?rest_route=%2Fwp%2Fv2%2Fproduct_tag&post=21545"}],"curies":[{"name":"wp","href":"https:\/\/api.w.org\/{rel}","templated":true}]}}