{"id":21581,"date":"2022-08-30T11:46:55","date_gmt":"2022-08-30T14:46:55","guid":{"rendered":"https:\/\/jugueterialudico.com.ar\/?post_type=product&#038;p=21581"},"modified":"2026-02-23T16:40:28","modified_gmt":"2026-02-23T19:40:28","slug":"set-bombas-de-bano-069","status":"publish","type":"product","link":"https:\/\/jugueterialudico.com.ar\/?product=set-bombas-de-bano-069","title":{"rendered":"SET MINI BOMBAS DE BA\u00d1O &#8211; 069"},"content":{"rendered":"<section class=\"page-header \">\n<div class=\"\" data-store=\"page-title\">\n<div class=\"breadcrumbs \"><\/div>\n<\/div>\n<\/section>\n<div data-store=\"product-description-118187012\">\n<div class=\"product-description user-content\">\n<p><strong>\u00bfQu\u00e9 son las bombas de ba\u00f1o o bath bombs?<\/strong><\/p>\n<p><strong>Son pelotitas de sales efervescentes que se tiran en la ba\u00f1adera y mientras giran, limpian el cuerpo y colorean el agua.\u2060<\/strong><\/p>\n<p>Contiene 4 bombas de colores (rosa, celeste, amarillo y violeta)<\/p>\n<p>Rinde hasta 4 ba\u00f1os divertidos!<\/p>\n<p>Est\u00e1n aprobadas para uso en ni\u00f1xs desde 3 a\u00f1os y dejan un perfume rico y suave. \u00a1Puro color en el agua y sin manchar el cuerpo ni la ba\u00f1adera!<\/p>\n<p>Son veganas, cruelty free y biodegradables. Est\u00e1n hechas a mano en un laboratorio argentino.<\/p>\n<p>&nbsp;<\/p>\n<p>Para que el efecto efervescente funcione, el agua tiene que estar tibia o caliente, pero no fr\u00eda.<\/p>\n<p>Cada bomba de ba\u00f1o rinde un uso.<\/p>\n<p>Contenido neto : 4 bombas de 40gr cada una.<\/p>\n<\/div>\n<\/div>\n","protected":false},"excerpt":{"rendered":"<p>\u00bfQu\u00e9 son las bombas de ba\u00f1o o bath bombs? Son pelotitas de sales efervescentes que se tiran en la ba\u00f1adera y mientras giran, limpian el cuerpo y colorean el agua.\u2060 Contiene 4 bombas de colores (rosa, celeste, amarillo y violeta) Rinde hasta 4 ba\u00f1os divertidos! Est\u00e1n aprobadas para uso en ni\u00f1xs desde 3 a\u00f1os y [&hellip;]<\/p>\n","protected":false},"featured_media":21585,"comment_status":"open","ping_status":"closed","template":"","meta":{"site-sidebar-layout":"default","site-content-layout":"default","ast-site-content-layout":"","site-content-style":"default","site-sidebar-style":"default","ast-global-header-display":"","ast-banner-title-visibility":"","ast-main-header-display":"","ast-hfb-above-header-display":"","ast-hfb-below-header-display":"","ast-hfb-mobile-header-display":"","site-post-title":"","ast-breadcrumbs-content":"","ast-featured-img":"","footer-sml-layout":"","theme-transparent-header-meta":"default","adv-header-id-meta":"","stick-header-meta":"","header-above-stick-meta":"","header-main-stick-meta":"","header-below-stick-meta":"","astra-migrate-meta-layouts":"default","ast-page-background-enabled":"default","ast-page-background-meta":{"desktop":{"background-color":"","background-image":"","background-repeat":"repeat","background-position":"center center","background-size":"auto","background-attachment":"scroll","background-type":"","background-media":"","overlay-type":"","overlay-color":"","overlay-opacity":"","overlay-gradient":""},"tablet":{"background-color":"","background-image":"","background-repeat":"repeat","background-position":"center center","background-size":"auto","background-attachment":"scroll","background-type":"","background-media":"","overlay-type":"","overlay-color":"","overlay-opacity":"","overlay-gradient":""},"mobile":{"background-color":"","background-image":"","background-repeat":"repeat","background-position":"center center","background-size":"auto","background-attachment":"scroll","background-type":"","background-media":"","overlay-type":"","overlay-color":"","overlay-opacity":"","overlay-gradient":""}},"ast-content-background-meta":{"desktop":{"background-color":"var(--ast-global-color-5)","background-image":"","background-repeat":"repeat","background-position":"center center","background-size":"auto","background-attachment":"scroll","background-type":"","background-media":"","overlay-type":"","overlay-color":"","overlay-opacity":"","overlay-gradient":""},"tablet":{"background-color":"var(--ast-global-color-5)","background-image":"","background-repeat":"repeat","background-position":"center center","background-size":"auto","background-attachment":"scroll","background-type":"","background-media":"","overlay-type":"","overlay-color":"","overlay-opacity":"","overlay-gradient":""},"mobile":{"background-color":"var(--ast-global-color-5)","background-image":"","background-repeat":"repeat","background-position":"center center","background-size":"auto","background-attachment":"scroll","background-type":"","background-media":"","overlay-type":"","overlay-color":"","overlay-opacity":"","overlay-gradient":""}},"spay_email":""},"product_cat":[164,165,166,167,153],"product_tag":[],"_links":{"self":[{"href":"https:\/\/jugueterialudico.com.ar\/index.php?rest_route=\/wp\/v2\/product\/21581"}],"collection":[{"href":"https:\/\/jugueterialudico.com.ar\/index.php?rest_route=\/wp\/v2\/product"}],"about":[{"href":"https:\/\/jugueterialudico.com.ar\/index.php?rest_route=\/wp\/v2\/types\/product"}],"replies":[{"embeddable":true,"href":"https:\/\/jugueterialudico.com.ar\/index.php?rest_route=%2Fwp%2Fv2%2Fcomments&post=21581"}],"wp:featuredmedia":[{"embeddable":true,"href":"https:\/\/jugueterialudico.com.ar\/index.php?rest_route=\/wp\/v2\/media\/21585"}],"wp:attachment":[{"href":"https:\/\/jugueterialudico.com.ar\/index.php?rest_route=%2Fwp%2Fv2%2Fmedia&parent=21581"}],"wp:term":[{"taxonomy":"product_cat","embeddable":true,"href":"https:\/\/jugueterialudico.com.ar\/index.php?rest_route=%2Fwp%2Fv2%2Fproduct_cat&post=21581"},{"taxonomy":"product_tag","embeddable":true,"href":"https:\/\/jugueterialudico.com.ar\/index.php?rest_route=%2Fwp%2Fv2%2Fproduct_tag&post=21581"}],"curies":[{"name":"wp","href":"https:\/\/api.w.org\/{rel}","templated":true}]}}