{"id":21586,"date":"2022-08-30T11:55:59","date_gmt":"2022-08-30T14:55:59","guid":{"rendered":"https:\/\/jugueterialudico.com.ar\/?post_type=product&#038;p=21586"},"modified":"2024-12-02T16:20:45","modified_gmt":"2024-12-02T19:20:45","slug":"polvo-de-bomba-de-bano-glow-069","status":"publish","type":"product","link":"https:\/\/jugueterialudico.com.ar\/?product=polvo-de-bomba-de-bano-glow-069","title":{"rendered":"SALES DE BA\u00d1O DINO &#8211; 069"},"content":{"rendered":"<p><strong>Sales efervescentes para\u00a0la ba\u00f1adera. Limpian el cuerpo y colorean el agua.\u2060<\/strong><\/p>\n<p>&nbsp;<\/p>\n<p>Est\u00e1n aprobadas para uso en ni\u00f1xs desde 3 a\u00f1os y dejan un perfume rico y suave. \u00a1Puro color en el agua y sin manchar el cuerpo ni la ba\u00f1adera!<\/p>\n<p>Son veganas, cruelty free y biodegradables. Est\u00e1n hechas a mano en un laboratorio argentino.<\/p>\n<p><strong>Los polvos GLOW incluyen 1 dino sorpresa que brilla en la oscuridad. Son coleccionables, hay muchos modelos!<\/strong><\/p>\n<p>&nbsp;<\/p>\n<p>Para que el efecto efervescente funcione, el agua tiene que estar tibia o caliente, pero no fr\u00eda.<\/p>\n<p>Forma de uso: colocar aproximadamente 4 cucharadas del polvo para cada ba\u00f1o.<\/p>\n<p>Contenido neto 120gr<\/p>\n","protected":false},"excerpt":{"rendered":"<p>Sales efervescentes para\u00a0la ba\u00f1adera. Limpian el cuerpo y colorean el agua.\u2060 &nbsp; Est\u00e1n aprobadas para uso en ni\u00f1xs desde 3 a\u00f1os y dejan un perfume rico y suave. \u00a1Puro color en el agua y sin manchar el cuerpo ni la ba\u00f1adera! Son veganas, cruelty free y biodegradables. Est\u00e1n hechas a mano en un laboratorio argentino. [&hellip;]<\/p>\n","protected":false},"featured_media":21587,"comment_status":"open","ping_status":"closed","template":"","meta":{"site-sidebar-layout":"default","site-content-layout":"default","ast-site-content-layout":"","site-content-style":"default","site-sidebar-style":"default","ast-global-header-display":"","ast-banner-title-visibility":"","ast-main-header-display":"","ast-hfb-above-header-display":"","ast-hfb-below-header-display":"","ast-hfb-mobile-header-display":"","site-post-title":"","ast-breadcrumbs-content":"","ast-featured-img":"","footer-sml-layout":"","theme-transparent-header-meta":"default","adv-header-id-meta":"","stick-header-meta":"","header-above-stick-meta":"","header-main-stick-meta":"","header-below-stick-meta":"","astra-migrate-meta-layouts":"default","ast-page-background-enabled":"default","ast-page-background-meta":{"desktop":{"background-color":"","background-image":"","background-repeat":"repeat","background-position":"center center","background-size":"auto","background-attachment":"scroll","background-type":"","background-media":"","overlay-type":"","overlay-color":"","overlay-opacity":"","overlay-gradient":""},"tablet":{"background-color":"","background-image":"","background-repeat":"repeat","background-position":"center center","background-size":"auto","background-attachment":"scroll","background-type":"","background-media":"","overlay-type":"","overlay-color":"","overlay-opacity":"","overlay-gradient":""},"mobile":{"background-color":"","background-image":"","background-repeat":"repeat","background-position":"center center","background-size":"auto","background-attachment":"scroll","background-type":"","background-media":"","overlay-type":"","overlay-color":"","overlay-opacity":"","overlay-gradient":""}},"ast-content-background-meta":{"desktop":{"background-color":"var(--ast-global-color-5)","background-image":"","background-repeat":"repeat","background-position":"center center","background-size":"auto","background-attachment":"scroll","background-type":"","background-media":"","overlay-type":"","overlay-color":"","overlay-opacity":"","overlay-gradient":""},"tablet":{"background-color":"var(--ast-global-color-5)","background-image":"","background-repeat":"repeat","background-position":"center center","background-size":"auto","background-attachment":"scroll","background-type":"","background-media":"","overlay-type":"","overlay-color":"","overlay-opacity":"","overlay-gradient":""},"mobile":{"background-color":"var(--ast-global-color-5)","background-image":"","background-repeat":"repeat","background-position":"center center","background-size":"auto","background-attachment":"scroll","background-type":"","background-media":"","overlay-type":"","overlay-color":"","overlay-opacity":"","overlay-gradient":""}},"spay_email":""},"product_cat":[164,165,166,167,153],"product_tag":[],"_links":{"self":[{"href":"https:\/\/jugueterialudico.com.ar\/index.php?rest_route=\/wp\/v2\/product\/21586"}],"collection":[{"href":"https:\/\/jugueterialudico.com.ar\/index.php?rest_route=\/wp\/v2\/product"}],"about":[{"href":"https:\/\/jugueterialudico.com.ar\/index.php?rest_route=\/wp\/v2\/types\/product"}],"replies":[{"embeddable":true,"href":"https:\/\/jugueterialudico.com.ar\/index.php?rest_route=%2Fwp%2Fv2%2Fcomments&post=21586"}],"wp:featuredmedia":[{"embeddable":true,"href":"https:\/\/jugueterialudico.com.ar\/index.php?rest_route=\/wp\/v2\/media\/21587"}],"wp:attachment":[{"href":"https:\/\/jugueterialudico.com.ar\/index.php?rest_route=%2Fwp%2Fv2%2Fmedia&parent=21586"}],"wp:term":[{"taxonomy":"product_cat","embeddable":true,"href":"https:\/\/jugueterialudico.com.ar\/index.php?rest_route=%2Fwp%2Fv2%2Fproduct_cat&post=21586"},{"taxonomy":"product_tag","embeddable":true,"href":"https:\/\/jugueterialudico.com.ar\/index.php?rest_route=%2Fwp%2Fv2%2Fproduct_tag&post=21586"}],"curies":[{"name":"wp","href":"https:\/\/api.w.org\/{rel}","templated":true}]}}