{"id":21657,"date":"2022-08-30T18:22:22","date_gmt":"2022-08-30T21:22:22","guid":{"rendered":"https:\/\/jugueterialudico.com.ar\/?post_type=product&#038;p=21657"},"modified":"2026-04-08T19:30:16","modified_gmt":"2026-04-08T22:30:16","slug":"bloques-de-construccion-018","status":"publish","type":"product","link":"https:\/\/jugueterialudico.com.ar\/?product=bloques-de-construccion-018","title":{"rendered":"BLOQUES DE CONSTRUCCI\u00d3N &#8211; 018"},"content":{"rendered":"<p>Contiene 24 unidades de diferentes formas y colores<\/p>\n<p>&nbsp;<\/p>\n<p>Agudizan la inteligencia espacial y la visual, necesarias para el proceso de montaje y creaci\u00f3n del propio\u00a0<b>juego<\/b>. Fomentan el aprendizaje de conceptos geom\u00e9tricos y matem\u00e1ticos b\u00e1sicos. Refuerzan la autoestima de los\u00a0<b>ni\u00f1os<\/b>\u00a0y ni\u00f1as ya\u00a0<b>que<\/b>\u00a0de forma sencilla son capaces de visualizar y crear nuevas estructuras.<\/p>\n<p>&nbsp;<\/p>\n<p>Edad recomendada: +12 meses<\/p>\n","protected":false},"excerpt":{"rendered":"<p>Contiene 24 unidades de diferentes formas y colores &nbsp; Agudizan la inteligencia espacial y la visual, necesarias para el proceso de montaje y creaci\u00f3n del propio\u00a0juego. Fomentan el aprendizaje de conceptos geom\u00e9tricos y matem\u00e1ticos b\u00e1sicos. Refuerzan la autoestima de los\u00a0ni\u00f1os\u00a0y ni\u00f1as ya\u00a0que\u00a0de forma sencilla son capaces de visualizar y crear nuevas estructuras. &nbsp; Edad recomendada: [&hellip;]<\/p>\n","protected":false},"featured_media":21659,"comment_status":"open","ping_status":"closed","template":"","meta":{"site-sidebar-layout":"default","site-content-layout":"default","ast-site-content-layout":"","site-content-style":"default","site-sidebar-style":"default","ast-global-header-display":"","ast-banner-title-visibility":"","ast-main-header-display":"","ast-hfb-above-header-display":"","ast-hfb-below-header-display":"","ast-hfb-mobile-header-display":"","site-post-title":"","ast-breadcrumbs-content":"","ast-featured-img":"","footer-sml-layout":"","theme-transparent-header-meta":"default","adv-header-id-meta":"","stick-header-meta":"","header-above-stick-meta":"","header-main-stick-meta":"","header-below-stick-meta":"","astra-migrate-meta-layouts":"default","ast-page-background-enabled":"default","ast-page-background-meta":{"desktop":{"background-color":"","background-image":"","background-repeat":"repeat","background-position":"center center","background-size":"auto","background-attachment":"scroll","background-type":"","background-media":"","overlay-type":"","overlay-color":"","overlay-opacity":"","overlay-gradient":""},"tablet":{"background-color":"","background-image":"","background-repeat":"repeat","background-position":"center center","background-size":"auto","background-attachment":"scroll","background-type":"","background-media":"","overlay-type":"","overlay-color":"","overlay-opacity":"","overlay-gradient":""},"mobile":{"background-color":"","background-image":"","background-repeat":"repeat","background-position":"center center","background-size":"auto","background-attachment":"scroll","background-type":"","background-media":"","overlay-type":"","overlay-color":"","overlay-opacity":"","overlay-gradient":""}},"ast-content-background-meta":{"desktop":{"background-color":"var(--ast-global-color-5)","background-image":"","background-repeat":"repeat","background-position":"center center","background-size":"auto","background-attachment":"scroll","background-type":"","background-media":"","overlay-type":"","overlay-color":"","overlay-opacity":"","overlay-gradient":""},"tablet":{"background-color":"var(--ast-global-color-5)","background-image":"","background-repeat":"repeat","background-position":"center center","background-size":"auto","background-attachment":"scroll","background-type":"","background-media":"","overlay-type":"","overlay-color":"","overlay-opacity":"","overlay-gradient":""},"mobile":{"background-color":"var(--ast-global-color-5)","background-image":"","background-repeat":"repeat","background-position":"center center","background-size":"auto","background-attachment":"scroll","background-type":"","background-media":"","overlay-type":"","overlay-color":"","overlay-opacity":"","overlay-gradient":""}},"spay_email":""},"product_cat":[162,161,163,164,77,93],"product_tag":[],"_links":{"self":[{"href":"https:\/\/jugueterialudico.com.ar\/index.php?rest_route=\/wp\/v2\/product\/21657"}],"collection":[{"href":"https:\/\/jugueterialudico.com.ar\/index.php?rest_route=\/wp\/v2\/product"}],"about":[{"href":"https:\/\/jugueterialudico.com.ar\/index.php?rest_route=\/wp\/v2\/types\/product"}],"replies":[{"embeddable":true,"href":"https:\/\/jugueterialudico.com.ar\/index.php?rest_route=%2Fwp%2Fv2%2Fcomments&post=21657"}],"wp:featuredmedia":[{"embeddable":true,"href":"https:\/\/jugueterialudico.com.ar\/index.php?rest_route=\/wp\/v2\/media\/21659"}],"wp:attachment":[{"href":"https:\/\/jugueterialudico.com.ar\/index.php?rest_route=%2Fwp%2Fv2%2Fmedia&parent=21657"}],"wp:term":[{"taxonomy":"product_cat","embeddable":true,"href":"https:\/\/jugueterialudico.com.ar\/index.php?rest_route=%2Fwp%2Fv2%2Fproduct_cat&post=21657"},{"taxonomy":"product_tag","embeddable":true,"href":"https:\/\/jugueterialudico.com.ar\/index.php?rest_route=%2Fwp%2Fv2%2Fproduct_tag&post=21657"}],"curies":[{"name":"wp","href":"https:\/\/api.w.org\/{rel}","templated":true}]}}