{"id":21701,"date":"2022-08-31T14:29:19","date_gmt":"2022-08-31T17:29:19","guid":{"rendered":"https:\/\/jugueterialudico.com.ar\/?post_type=product&#038;p=21701"},"modified":"2023-11-23T12:37:32","modified_gmt":"2023-11-23T15:37:32","slug":"magneticos-21-p-con-ruedas-031","status":"publish","type":"product","link":"https:\/\/jugueterialudico.com.ar\/?product=magneticos-21-p-con-ruedas-031","title":{"rendered":"MAGN\u00c9TICOS 21 P. (CON RUEDAS) &#8211; 031"},"content":{"rendered":"<p>Magn\u00e9ticos<br \/>\nLibre e infinitas construcciones creativas<\/p>\n<p>&#8211; 21 piezas \u00a1Con ruedas! Se puede armar un auto<br \/>\n&#8211; Piezas de pl\u00e1stico con imanes en su interior<br \/>\n&#8211; \u00a1Seguro! Puntas redondeadas.<\/p>\n<p>Magn\u00e9ticos es un set de construcci\u00f3n que fomenta el desarrollo del cerebro a trav\u00e9s de la diversi\u00f3n, educaci\u00f3n y exploraci\u00f3n.<br \/>\nEs un producto de ALTA CALIDAD, durable, con imanes inteligentes dise\u00f1ados para posibilidades infinitas.<\/p>\n<p>Edad: + 3 a\u00f1os<\/p>\n","protected":false},"excerpt":{"rendered":"<p>Magn\u00e9ticos Libre e infinitas construcciones creativas &#8211; 21 piezas \u00a1Con ruedas! Se puede armar un auto &#8211; Piezas de pl\u00e1stico con imanes en su interior &#8211; \u00a1Seguro! Puntas redondeadas. Magn\u00e9ticos es un set de construcci\u00f3n que fomenta el desarrollo del cerebro a trav\u00e9s de la diversi\u00f3n, educaci\u00f3n y exploraci\u00f3n. Es un producto de ALTA CALIDAD, [&hellip;]<\/p>\n","protected":false},"featured_media":21702,"comment_status":"open","ping_status":"closed","template":"","meta":{"site-sidebar-layout":"default","site-content-layout":"default","ast-site-content-layout":"","site-content-style":"default","site-sidebar-style":"default","ast-global-header-display":"","ast-banner-title-visibility":"","ast-main-header-display":"","ast-hfb-above-header-display":"","ast-hfb-below-header-display":"","ast-hfb-mobile-header-display":"","site-post-title":"","ast-breadcrumbs-content":"","ast-featured-img":"","footer-sml-layout":"","theme-transparent-header-meta":"default","adv-header-id-meta":"","stick-header-meta":"","header-above-stick-meta":"","header-main-stick-meta":"","header-below-stick-meta":"","astra-migrate-meta-layouts":"default","ast-page-background-enabled":"default","ast-page-background-meta":{"desktop":{"background-color":"","background-image":"","background-repeat":"repeat","background-position":"center center","background-size":"auto","background-attachment":"scroll","background-type":"","background-media":"","overlay-type":"","overlay-color":"","overlay-opacity":"","overlay-gradient":""},"tablet":{"background-color":"","background-image":"","background-repeat":"repeat","background-position":"center center","background-size":"auto","background-attachment":"scroll","background-type":"","background-media":"","overlay-type":"","overlay-color":"","overlay-opacity":"","overlay-gradient":""},"mobile":{"background-color":"","background-image":"","background-repeat":"repeat","background-position":"center center","background-size":"auto","background-attachment":"scroll","background-type":"","background-media":"","overlay-type":"","overlay-color":"","overlay-opacity":"","overlay-gradient":""}},"ast-content-background-meta":{"desktop":{"background-color":"var(--ast-global-color-5)","background-image":"","background-repeat":"repeat","background-position":"center center","background-size":"auto","background-attachment":"scroll","background-type":"","background-media":"","overlay-type":"","overlay-color":"","overlay-opacity":"","overlay-gradient":""},"tablet":{"background-color":"var(--ast-global-color-5)","background-image":"","background-repeat":"repeat","background-position":"center center","background-size":"auto","background-attachment":"scroll","background-type":"","background-media":"","overlay-type":"","overlay-color":"","overlay-opacity":"","overlay-gradient":""},"mobile":{"background-color":"var(--ast-global-color-5)","background-image":"","background-repeat":"repeat","background-position":"center center","background-size":"auto","background-attachment":"scroll","background-type":"","background-media":"","overlay-type":"","overlay-color":"","overlay-opacity":"","overlay-gradient":""}},"spay_email":""},"product_cat":[164,165,166,167,158,77],"product_tag":[],"_links":{"self":[{"href":"https:\/\/jugueterialudico.com.ar\/index.php?rest_route=\/wp\/v2\/product\/21701"}],"collection":[{"href":"https:\/\/jugueterialudico.com.ar\/index.php?rest_route=\/wp\/v2\/product"}],"about":[{"href":"https:\/\/jugueterialudico.com.ar\/index.php?rest_route=\/wp\/v2\/types\/product"}],"replies":[{"embeddable":true,"href":"https:\/\/jugueterialudico.com.ar\/index.php?rest_route=%2Fwp%2Fv2%2Fcomments&post=21701"}],"wp:featuredmedia":[{"embeddable":true,"href":"https:\/\/jugueterialudico.com.ar\/index.php?rest_route=\/wp\/v2\/media\/21702"}],"wp:attachment":[{"href":"https:\/\/jugueterialudico.com.ar\/index.php?rest_route=%2Fwp%2Fv2%2Fmedia&parent=21701"}],"wp:term":[{"taxonomy":"product_cat","embeddable":true,"href":"https:\/\/jugueterialudico.com.ar\/index.php?rest_route=%2Fwp%2Fv2%2Fproduct_cat&post=21701"},{"taxonomy":"product_tag","embeddable":true,"href":"https:\/\/jugueterialudico.com.ar\/index.php?rest_route=%2Fwp%2Fv2%2Fproduct_tag&post=21701"}],"curies":[{"name":"wp","href":"https:\/\/api.w.org\/{rel}","templated":true}]}}