{"id":21706,"date":"2022-08-31T16:37:55","date_gmt":"2022-08-31T19:37:55","guid":{"rendered":"https:\/\/jugueterialudico.com.ar\/?post_type=product&#038;p=21706"},"modified":"2023-11-23T12:36:37","modified_gmt":"2023-11-23T15:36:37","slug":"magneticos-26-piezas-031","status":"publish","type":"product","link":"https:\/\/jugueterialudico.com.ar\/?product=magneticos-26-piezas-031","title":{"rendered":"MAGN\u00c9TICOS 26 PIEZAS &#8211; 031"},"content":{"rendered":"<p>Bloques Magn\u00e9ticos juguete did\u00e1ctico con im\u00e1n<br \/>\nPiezas: 26<br \/>\n-Medidas de las piezas<br \/>\n18 Cuadradas: 4 caras de 6 cm. c\/u<br \/>\n8 Triangulares: 3 caras de 6 cm. c\/u<\/p>\n<p>Imanes cubiertos para enlazar las piezas y puntas redondeadas.<br \/>\nEs un set de construcci\u00f3n que fomenta el desarrollo del cerebro a trav\u00e9s de la diversi\u00f3n, la educaci\u00f3n y la exploraci\u00f3n.<br \/>\nEs un producto de alta calidad, durable y con im\u00e1genes inteligentes dise\u00f1adas para posibilidades infinitas.<\/p>\n<p>Edad sugerida: +3 a\u00f1os<\/p>\n","protected":false},"excerpt":{"rendered":"<p>Bloques Magn\u00e9ticos juguete did\u00e1ctico con im\u00e1n Piezas: 26 -Medidas de las piezas 18 Cuadradas: 4 caras de 6 cm. c\/u 8 Triangulares: 3 caras de 6 cm. c\/u Imanes cubiertos para enlazar las piezas y puntas redondeadas. Es un set de construcci\u00f3n que fomenta el desarrollo del cerebro a trav\u00e9s de la diversi\u00f3n, la educaci\u00f3n [&hellip;]<\/p>\n","protected":false},"featured_media":21707,"comment_status":"open","ping_status":"closed","template":"","meta":{"site-sidebar-layout":"default","site-content-layout":"default","ast-site-content-layout":"","site-content-style":"default","site-sidebar-style":"default","ast-global-header-display":"","ast-banner-title-visibility":"","ast-main-header-display":"","ast-hfb-above-header-display":"","ast-hfb-below-header-display":"","ast-hfb-mobile-header-display":"","site-post-title":"","ast-breadcrumbs-content":"","ast-featured-img":"","footer-sml-layout":"","theme-transparent-header-meta":"default","adv-header-id-meta":"","stick-header-meta":"","header-above-stick-meta":"","header-main-stick-meta":"","header-below-stick-meta":"","astra-migrate-meta-layouts":"default","ast-page-background-enabled":"default","ast-page-background-meta":{"desktop":{"background-color":"","background-image":"","background-repeat":"repeat","background-position":"center center","background-size":"auto","background-attachment":"scroll","background-type":"","background-media":"","overlay-type":"","overlay-color":"","overlay-opacity":"","overlay-gradient":""},"tablet":{"background-color":"","background-image":"","background-repeat":"repeat","background-position":"center center","background-size":"auto","background-attachment":"scroll","background-type":"","background-media":"","overlay-type":"","overlay-color":"","overlay-opacity":"","overlay-gradient":""},"mobile":{"background-color":"","background-image":"","background-repeat":"repeat","background-position":"center center","background-size":"auto","background-attachment":"scroll","background-type":"","background-media":"","overlay-type":"","overlay-color":"","overlay-opacity":"","overlay-gradient":""}},"ast-content-background-meta":{"desktop":{"background-color":"var(--ast-global-color-5)","background-image":"","background-repeat":"repeat","background-position":"center center","background-size":"auto","background-attachment":"scroll","background-type":"","background-media":"","overlay-type":"","overlay-color":"","overlay-opacity":"","overlay-gradient":""},"tablet":{"background-color":"var(--ast-global-color-5)","background-image":"","background-repeat":"repeat","background-position":"center center","background-size":"auto","background-attachment":"scroll","background-type":"","background-media":"","overlay-type":"","overlay-color":"","overlay-opacity":"","overlay-gradient":""},"mobile":{"background-color":"var(--ast-global-color-5)","background-image":"","background-repeat":"repeat","background-position":"center center","background-size":"auto","background-attachment":"scroll","background-type":"","background-media":"","overlay-type":"","overlay-color":"","overlay-opacity":"","overlay-gradient":""}},"spay_email":""},"product_cat":[164,165,166,167,158,77],"product_tag":[],"_links":{"self":[{"href":"https:\/\/jugueterialudico.com.ar\/index.php?rest_route=\/wp\/v2\/product\/21706"}],"collection":[{"href":"https:\/\/jugueterialudico.com.ar\/index.php?rest_route=\/wp\/v2\/product"}],"about":[{"href":"https:\/\/jugueterialudico.com.ar\/index.php?rest_route=\/wp\/v2\/types\/product"}],"replies":[{"embeddable":true,"href":"https:\/\/jugueterialudico.com.ar\/index.php?rest_route=%2Fwp%2Fv2%2Fcomments&post=21706"}],"wp:featuredmedia":[{"embeddable":true,"href":"https:\/\/jugueterialudico.com.ar\/index.php?rest_route=\/wp\/v2\/media\/21707"}],"wp:attachment":[{"href":"https:\/\/jugueterialudico.com.ar\/index.php?rest_route=%2Fwp%2Fv2%2Fmedia&parent=21706"}],"wp:term":[{"taxonomy":"product_cat","embeddable":true,"href":"https:\/\/jugueterialudico.com.ar\/index.php?rest_route=%2Fwp%2Fv2%2Fproduct_cat&post=21706"},{"taxonomy":"product_tag","embeddable":true,"href":"https:\/\/jugueterialudico.com.ar\/index.php?rest_route=%2Fwp%2Fv2%2Fproduct_tag&post=21706"}],"curies":[{"name":"wp","href":"https:\/\/api.w.org\/{rel}","templated":true}]}}