{"id":21821,"date":"2022-09-09T11:41:31","date_gmt":"2022-09-09T14:41:31","guid":{"rendered":"https:\/\/jugueterialudico.com.ar\/?post_type=product&#038;p=21821"},"modified":"2025-11-20T12:08:28","modified_gmt":"2025-11-20T15:08:28","slug":"set-de-construccion-piramidal-120","status":"publish","type":"product","link":"https:\/\/jugueterialudico.com.ar\/?product=set-de-construccion-piramidal-120","title":{"rendered":"SET DE CONSTRUCCI\u00d3N PIRAMIDAL &#8211; 120"},"content":{"rendered":"<p>INCRE\u00cdBLE JUEGO PIRAMIDAL Y MADERITAS.<\/p>\n<p>&nbsp;<\/p>\n<p>\u00a1LOS ELEMENTOS SIMPLES LE PERMITEN AL NI\u00d1O TRABAJAR LA MOTRICIDAD FINA, EL EFECTO EQUILIBRIO AL APILARLOS O CREAR INFINIDAD DE IM\u00c1GENES!<\/p>\n<p>AS\u00cd MISMO SUS FORMAS, SON EXCELENTES COMPA\u00d1EROS DE JUEGO PARA ARMAR INCRE\u00cdBLES ESCENARIOS DE JUEGO, COMO PUEDEN SER RUTAS DE AUTOS, CASITAS, TORRES&#8230; LA IMAGINACI\u00d3N ES EL LIMITE!<\/p>\n<p>&nbsp;<\/p>\n<p>COMPUESTO POR 25 PIEZAS (16 TRI\u00c1NGULOS Y 9 MADERITAS NATURALES).<\/p>\n<p>ESTA ACOMPA\u00d1ADO DE UNA BOLSITA DE TELA, QUE FACILITA SU CONSERVACI\u00d3N Y TRASLADO A LA HORA DE JUGAR.<\/p>\n<p>&nbsp;<\/p>\n<p>LA MEDIDA DE SUS CUBOS ES DE 4.5 CM y 2 CM DE ESPESOR.<\/p>\n<p>&nbsp;<\/p>\n<p>A PARTIR DE LOS 2 A\u00d1OS Y SIN LIMITE DE EDAD!!!<\/p>\n","protected":false},"excerpt":{"rendered":"<p>INCRE\u00cdBLE JUEGO PIRAMIDAL Y MADERITAS. &nbsp; \u00a1LOS ELEMENTOS SIMPLES LE PERMITEN AL NI\u00d1O TRABAJAR LA MOTRICIDAD FINA, EL EFECTO EQUILIBRIO AL APILARLOS O CREAR INFINIDAD DE IM\u00c1GENES! AS\u00cd MISMO SUS FORMAS, SON EXCELENTES COMPA\u00d1EROS DE JUEGO PARA ARMAR INCRE\u00cdBLES ESCENARIOS DE JUEGO, COMO PUEDEN SER RUTAS DE AUTOS, CASITAS, TORRES&#8230; LA IMAGINACI\u00d3N ES EL LIMITE! [&hellip;]<\/p>\n","protected":false},"featured_media":21824,"comment_status":"open","ping_status":"closed","template":"","meta":{"site-sidebar-layout":"default","site-content-layout":"default","ast-site-content-layout":"","site-content-style":"default","site-sidebar-style":"default","ast-global-header-display":"","ast-banner-title-visibility":"","ast-main-header-display":"","ast-hfb-above-header-display":"","ast-hfb-below-header-display":"","ast-hfb-mobile-header-display":"","site-post-title":"","ast-breadcrumbs-content":"","ast-featured-img":"","footer-sml-layout":"","theme-transparent-header-meta":"default","adv-header-id-meta":"","stick-header-meta":"","header-above-stick-meta":"","header-main-stick-meta":"","header-below-stick-meta":"","astra-migrate-meta-layouts":"default","ast-page-background-enabled":"default","ast-page-background-meta":{"desktop":{"background-color":"","background-image":"","background-repeat":"repeat","background-position":"center center","background-size":"auto","background-attachment":"scroll","background-type":"","background-media":"","overlay-type":"","overlay-color":"","overlay-opacity":"","overlay-gradient":""},"tablet":{"background-color":"","background-image":"","background-repeat":"repeat","background-position":"center center","background-size":"auto","background-attachment":"scroll","background-type":"","background-media":"","overlay-type":"","overlay-color":"","overlay-opacity":"","overlay-gradient":""},"mobile":{"background-color":"","background-image":"","background-repeat":"repeat","background-position":"center center","background-size":"auto","background-attachment":"scroll","background-type":"","background-media":"","overlay-type":"","overlay-color":"","overlay-opacity":"","overlay-gradient":""}},"ast-content-background-meta":{"desktop":{"background-color":"var(--ast-global-color-5)","background-image":"","background-repeat":"repeat","background-position":"center center","background-size":"auto","background-attachment":"scroll","background-type":"","background-media":"","overlay-type":"","overlay-color":"","overlay-opacity":"","overlay-gradient":""},"tablet":{"background-color":"var(--ast-global-color-5)","background-image":"","background-repeat":"repeat","background-position":"center center","background-size":"auto","background-attachment":"scroll","background-type":"","background-media":"","overlay-type":"","overlay-color":"","overlay-opacity":"","overlay-gradient":""},"mobile":{"background-color":"var(--ast-global-color-5)","background-image":"","background-repeat":"repeat","background-position":"center center","background-size":"auto","background-attachment":"scroll","background-type":"","background-media":"","overlay-type":"","overlay-color":"","overlay-opacity":"","overlay-gradient":""}},"spay_email":""},"product_cat":[163,164,165,166,77,93,169],"product_tag":[],"_links":{"self":[{"href":"https:\/\/jugueterialudico.com.ar\/index.php?rest_route=\/wp\/v2\/product\/21821"}],"collection":[{"href":"https:\/\/jugueterialudico.com.ar\/index.php?rest_route=\/wp\/v2\/product"}],"about":[{"href":"https:\/\/jugueterialudico.com.ar\/index.php?rest_route=\/wp\/v2\/types\/product"}],"replies":[{"embeddable":true,"href":"https:\/\/jugueterialudico.com.ar\/index.php?rest_route=%2Fwp%2Fv2%2Fcomments&post=21821"}],"wp:featuredmedia":[{"embeddable":true,"href":"https:\/\/jugueterialudico.com.ar\/index.php?rest_route=\/wp\/v2\/media\/21824"}],"wp:attachment":[{"href":"https:\/\/jugueterialudico.com.ar\/index.php?rest_route=%2Fwp%2Fv2%2Fmedia&parent=21821"}],"wp:term":[{"taxonomy":"product_cat","embeddable":true,"href":"https:\/\/jugueterialudico.com.ar\/index.php?rest_route=%2Fwp%2Fv2%2Fproduct_cat&post=21821"},{"taxonomy":"product_tag","embeddable":true,"href":"https:\/\/jugueterialudico.com.ar\/index.php?rest_route=%2Fwp%2Fv2%2Fproduct_tag&post=21821"}],"curies":[{"name":"wp","href":"https:\/\/api.w.org\/{rel}","templated":true}]}}