{"id":21845,"date":"2022-09-12T10:15:07","date_gmt":"2022-09-12T13:15:07","guid":{"rendered":"https:\/\/jugueterialudico.com.ar\/?post_type=product&#038;p=21845"},"modified":"2023-11-02T10:43:01","modified_gmt":"2023-11-02T13:43:01","slug":"mente-pequenes-162","status":"publish","type":"product","link":"https:\/\/jugueterialudico.com.ar\/?product=mente-pequenes-162","title":{"rendered":"MENTE PEQUES -162"},"content":{"rendered":"<h4><strong>\u00a1Mi primer juego de mesa! A partir de consignas que involucran el cuerpo, el lenguaje, la creatividad y el razonamiento es un juego que estimula de manera din\u00e1mica la comprensi\u00f3n de consignas, el lenguaje, la atenci\u00f3n, la percepci\u00f3n del espacio y el tiempo, la coordinaci\u00f3n motora fina y gruesa, el vocabulario \u00a1y mucho m\u00e1s!<\/strong><\/h4>\n<h4><\/h4>\n<h4>2 niveles en el mismo juego: +3 a\u00f1os y +5 a\u00f1os<\/h4>\n<h4><\/h4>\n<h4>Objetivo y modalidad de juego:<\/h4>\n<div>\n<p>2 modalidades de juego: con tablero y moneditas para los m\u00e1s grandes o s\u00f3lo con las tarjetas para los m\u00e1s m\u00e1s peques. Con tablero: se elige un animalito para ir completando el camino de moneditas \u00bfC\u00f3mo? se tira el dado y se realizan las actividades propuestas. Por cada actividad se gana una monedita .. \u00a1a no ser que toque multicolor x 2!. Sin tablero: se realizan las actividades de la manera que prefieran.<\/p>\n<h4>Desaf\u00edos:<\/h4>\n<\/div>\n<ul>\n<li><b>DECIR:\u00a0<\/b>Mencionar objetos de la vida cotidiana.<\/li>\n<li><b>HACER: \u00a1<\/b>Todo tipo de actividades! imitar animales, simular emociones, traer o se\u00f1alar objetos, saltar en una pata.<\/li>\n<li><b>ADIVINAR:\u00a0<\/b>Adivinanzas muy sencillas para descubrir el objeto de la tarjeta.<\/li>\n<li><b>DIBUJAR: \u00a1<\/b>L\u00e1piz y papel! a dibujar.<\/li>\n<\/ul>\n","protected":false},"excerpt":{"rendered":"<p>\u00a1Mi primer juego de mesa! A partir de consignas que involucran el cuerpo, el lenguaje, la creatividad y el razonamiento es un juego que estimula de manera din\u00e1mica la comprensi\u00f3n de consignas, el lenguaje, la atenci\u00f3n, la percepci\u00f3n del espacio y el tiempo, la coordinaci\u00f3n motora fina y gruesa, el vocabulario \u00a1y mucho m\u00e1s! 2 [&hellip;]<\/p>\n","protected":false},"featured_media":21846,"comment_status":"open","ping_status":"closed","template":"","meta":{"site-sidebar-layout":"default","site-content-layout":"default","ast-site-content-layout":"","site-content-style":"default","site-sidebar-style":"default","ast-global-header-display":"","ast-banner-title-visibility":"","ast-main-header-display":"","ast-hfb-above-header-display":"","ast-hfb-below-header-display":"","ast-hfb-mobile-header-display":"","site-post-title":"","ast-breadcrumbs-content":"","ast-featured-img":"","footer-sml-layout":"","theme-transparent-header-meta":"default","adv-header-id-meta":"","stick-header-meta":"","header-above-stick-meta":"","header-main-stick-meta":"","header-below-stick-meta":"","astra-migrate-meta-layouts":"default","ast-page-background-enabled":"default","ast-page-background-meta":{"desktop":{"background-color":"","background-image":"","background-repeat":"repeat","background-position":"center center","background-size":"auto","background-attachment":"scroll","background-type":"","background-media":"","overlay-type":"","overlay-color":"","overlay-opacity":"","overlay-gradient":""},"tablet":{"background-color":"","background-image":"","background-repeat":"repeat","background-position":"center center","background-size":"auto","background-attachment":"scroll","background-type":"","background-media":"","overlay-type":"","overlay-color":"","overlay-opacity":"","overlay-gradient":""},"mobile":{"background-color":"","background-image":"","background-repeat":"repeat","background-position":"center center","background-size":"auto","background-attachment":"scroll","background-type":"","background-media":"","overlay-type":"","overlay-color":"","overlay-opacity":"","overlay-gradient":""}},"ast-content-background-meta":{"desktop":{"background-color":"var(--ast-global-color-5)","background-image":"","background-repeat":"repeat","background-position":"center center","background-size":"auto","background-attachment":"scroll","background-type":"","background-media":"","overlay-type":"","overlay-color":"","overlay-opacity":"","overlay-gradient":""},"tablet":{"background-color":"var(--ast-global-color-5)","background-image":"","background-repeat":"repeat","background-position":"center center","background-size":"auto","background-attachment":"scroll","background-type":"","background-media":"","overlay-type":"","overlay-color":"","overlay-opacity":"","overlay-gradient":""},"mobile":{"background-color":"var(--ast-global-color-5)","background-image":"","background-repeat":"repeat","background-position":"center center","background-size":"auto","background-attachment":"scroll","background-type":"","background-media":"","overlay-type":"","overlay-color":"","overlay-opacity":"","overlay-gradient":""}},"spay_email":""},"product_cat":[164,165,166,146,74],"product_tag":[],"_links":{"self":[{"href":"https:\/\/jugueterialudico.com.ar\/index.php?rest_route=\/wp\/v2\/product\/21845"}],"collection":[{"href":"https:\/\/jugueterialudico.com.ar\/index.php?rest_route=\/wp\/v2\/product"}],"about":[{"href":"https:\/\/jugueterialudico.com.ar\/index.php?rest_route=\/wp\/v2\/types\/product"}],"replies":[{"embeddable":true,"href":"https:\/\/jugueterialudico.com.ar\/index.php?rest_route=%2Fwp%2Fv2%2Fcomments&post=21845"}],"wp:featuredmedia":[{"embeddable":true,"href":"https:\/\/jugueterialudico.com.ar\/index.php?rest_route=\/wp\/v2\/media\/21846"}],"wp:attachment":[{"href":"https:\/\/jugueterialudico.com.ar\/index.php?rest_route=%2Fwp%2Fv2%2Fmedia&parent=21845"}],"wp:term":[{"taxonomy":"product_cat","embeddable":true,"href":"https:\/\/jugueterialudico.com.ar\/index.php?rest_route=%2Fwp%2Fv2%2Fproduct_cat&post=21845"},{"taxonomy":"product_tag","embeddable":true,"href":"https:\/\/jugueterialudico.com.ar\/index.php?rest_route=%2Fwp%2Fv2%2Fproduct_tag&post=21845"}],"curies":[{"name":"wp","href":"https:\/\/api.w.org\/{rel}","templated":true}]}}