{"id":21848,"date":"2022-09-12T10:19:26","date_gmt":"2022-09-12T13:19:26","guid":{"rendered":"https:\/\/jugueterialudico.com.ar\/?post_type=product&#038;p=21848"},"modified":"2023-11-02T10:42:53","modified_gmt":"2023-11-02T13:42:53","slug":"fonoloco-162","status":"publish","type":"product","link":"https:\/\/jugueterialudico.com.ar\/?product=fonoloco-162","title":{"rendered":"FONOLOCO -162"},"content":{"rendered":"<p><strong>Fonoloco\u00a0es un juego especialmente dise\u00f1ado para ejercitar y desarrollar habilidades fonol\u00f3gicas de una manera din\u00e1mica y divertida. Incluye\u00a06 modalidades de juego\u00a0y m\u00e1s de\u00a020 desaf\u00edos\u00a0s\u00faper divertidos. La propuesta did\u00e1ctica es muy variada y vers\u00e1til, lo que permite adaptar el juego al nivel de cada ni\u00f1o.<\/strong><\/p>\n<p><strong>4 a 11 a\u00f1os aproximadamente.<\/strong><\/p>\n<p>&nbsp;<\/p>\n<h4>Objetivo:<\/h4>\n<div>\u00a0Elegir una de las 6 modalidades de juego (tarjetas grandes) e ir resolviendo las diferentes actividades. Cada vez que se resuelve correctamente un desaf\u00edo, se juntan estrellitas. Quien junte m\u00e1s \u00a1gana!. Se puede elegir jugar con una sola modalidad o varias, es un juego muy vers\u00e1til.<\/div>\n<p>&nbsp;<\/p>\n<h4>Modalidades de juego (6 tarjetas grandes):<\/h4>\n<ul>\n<li><b>FONOLOCO RUIDOSO 1<\/b>: invita a poner el cuerpo en movimiento (actuando como robot, como conejo, como cantante, etc.) mientras se ejercitan habilidades fonol\u00f3gicas como la segmentaci\u00f3n sil\u00e1bica y fon\u00e9mica, y la identificaci\u00f3n de la s\u00edlaba t\u00f3nica y las rimas. La representaci\u00f3n corporal de los desaf\u00edos aporta diversi\u00f3n y mayor dinamismo, y facilita la comprensi\u00f3n y el aprendizaje de las tareas.<\/li>\n<li><b>FONOLOCO RUIDOSO 2<\/b>:\u00a0implica el reconocimiento de las secuencias de sonidos que forman las palabras, con el objetivo de trabajar habilidades fonol\u00f3gicas como deletreo, manipulaci\u00f3n de sonidos y habilidades sint\u00e1cticas.<\/li>\n<li><b>ARMANDO PAREJAS<\/b>:\u00a0juego veloz y din\u00e1mico, trabaja habilidades fonol\u00f3gicas y habilidades sem\u00e1nticas como vocabulario, clasificaci\u00f3n, campos sem\u00e1nticos y expresi\u00f3n oral.<\/li>\n<li><strong>MEMO MEMORIA<\/strong>:\u00a0incluye actividades que ejercitan la memoria visual, la memoria sem\u00e1ntica y la memoria verbal.<\/li>\n<li><b>JUNTO LO QUE VA JUNTO<\/b>: desaf\u00eda a encontrar relaciones entre las palabras y a trabajar habilidades sem\u00e1nticas como la conformaci\u00f3n de campos sem\u00e1nticos, la capacidad de clasificaci\u00f3n y jerarquizaci\u00f3n de palabras, y la expresi\u00f3n oral.<\/li>\n<li><b>ADIVINA ADIVINADOR<\/b>: Incluye actividades que implican la b\u00fasqueda de relaciones entre las palabras para trabajar habilidades sem\u00e1nticas: inducci\u00f3n y la deducci\u00f3n.<\/li>\n<\/ul>\n","protected":false},"excerpt":{"rendered":"<p>Fonoloco\u00a0es un juego especialmente dise\u00f1ado para ejercitar y desarrollar habilidades fonol\u00f3gicas de una manera din\u00e1mica y divertida. Incluye\u00a06 modalidades de juego\u00a0y m\u00e1s de\u00a020 desaf\u00edos\u00a0s\u00faper divertidos. La propuesta did\u00e1ctica es muy variada y vers\u00e1til, lo que permite adaptar el juego al nivel de cada ni\u00f1o. 4 a 11 a\u00f1os aproximadamente. &nbsp; Objetivo: \u00a0Elegir una de las [&hellip;]<\/p>\n","protected":false},"featured_media":21849,"comment_status":"open","ping_status":"closed","template":"","meta":{"site-sidebar-layout":"default","site-content-layout":"default","ast-site-content-layout":"","site-content-style":"default","site-sidebar-style":"default","ast-global-header-display":"","ast-banner-title-visibility":"","ast-main-header-display":"","ast-hfb-above-header-display":"","ast-hfb-below-header-display":"","ast-hfb-mobile-header-display":"","site-post-title":"","ast-breadcrumbs-content":"","ast-featured-img":"","footer-sml-layout":"","theme-transparent-header-meta":"default","adv-header-id-meta":"","stick-header-meta":"","header-above-stick-meta":"","header-main-stick-meta":"","header-below-stick-meta":"","astra-migrate-meta-layouts":"default","ast-page-background-enabled":"default","ast-page-background-meta":{"desktop":{"background-color":"","background-image":"","background-repeat":"repeat","background-position":"center center","background-size":"auto","background-attachment":"scroll","background-type":"","background-media":"","overlay-type":"","overlay-color":"","overlay-opacity":"","overlay-gradient":""},"tablet":{"background-color":"","background-image":"","background-repeat":"repeat","background-position":"center center","background-size":"auto","background-attachment":"scroll","background-type":"","background-media":"","overlay-type":"","overlay-color":"","overlay-opacity":"","overlay-gradient":""},"mobile":{"background-color":"","background-image":"","background-repeat":"repeat","background-position":"center center","background-size":"auto","background-attachment":"scroll","background-type":"","background-media":"","overlay-type":"","overlay-color":"","overlay-opacity":"","overlay-gradient":""}},"ast-content-background-meta":{"desktop":{"background-color":"var(--ast-global-color-5)","background-image":"","background-repeat":"repeat","background-position":"center center","background-size":"auto","background-attachment":"scroll","background-type":"","background-media":"","overlay-type":"","overlay-color":"","overlay-opacity":"","overlay-gradient":""},"tablet":{"background-color":"var(--ast-global-color-5)","background-image":"","background-repeat":"repeat","background-position":"center center","background-size":"auto","background-attachment":"scroll","background-type":"","background-media":"","overlay-type":"","overlay-color":"","overlay-opacity":"","overlay-gradient":""},"mobile":{"background-color":"var(--ast-global-color-5)","background-image":"","background-repeat":"repeat","background-position":"center center","background-size":"auto","background-attachment":"scroll","background-type":"","background-media":"","overlay-type":"","overlay-color":"","overlay-opacity":"","overlay-gradient":""}},"spay_email":""},"product_cat":[165,166,167,146,74],"product_tag":[],"_links":{"self":[{"href":"https:\/\/jugueterialudico.com.ar\/index.php?rest_route=\/wp\/v2\/product\/21848"}],"collection":[{"href":"https:\/\/jugueterialudico.com.ar\/index.php?rest_route=\/wp\/v2\/product"}],"about":[{"href":"https:\/\/jugueterialudico.com.ar\/index.php?rest_route=\/wp\/v2\/types\/product"}],"replies":[{"embeddable":true,"href":"https:\/\/jugueterialudico.com.ar\/index.php?rest_route=%2Fwp%2Fv2%2Fcomments&post=21848"}],"wp:featuredmedia":[{"embeddable":true,"href":"https:\/\/jugueterialudico.com.ar\/index.php?rest_route=\/wp\/v2\/media\/21849"}],"wp:attachment":[{"href":"https:\/\/jugueterialudico.com.ar\/index.php?rest_route=%2Fwp%2Fv2%2Fmedia&parent=21848"}],"wp:term":[{"taxonomy":"product_cat","embeddable":true,"href":"https:\/\/jugueterialudico.com.ar\/index.php?rest_route=%2Fwp%2Fv2%2Fproduct_cat&post=21848"},{"taxonomy":"product_tag","embeddable":true,"href":"https:\/\/jugueterialudico.com.ar\/index.php?rest_route=%2Fwp%2Fv2%2Fproduct_tag&post=21848"}],"curies":[{"name":"wp","href":"https:\/\/api.w.org\/{rel}","templated":true}]}}