{"id":21854,"date":"2022-09-12T10:27:22","date_gmt":"2022-09-12T13:27:22","guid":{"rendered":"https:\/\/jugueterialudico.com.ar\/?post_type=product&#038;p=21854"},"modified":"2023-11-02T10:42:35","modified_gmt":"2023-11-02T13:42:35","slug":"laboratorio-de-palabras-162","status":"publish","type":"product","link":"https:\/\/jugueterialudico.com.ar\/?product=laboratorio-de-palabras-162","title":{"rendered":"LABORATORIO DE PALABRAS -162"},"content":{"rendered":"<p><strong>\u00a1Para\u00a0jugar en familia, con amigos o para el consultorio!<\/strong><\/p>\n<div>\n<h4><strong>Versi\u00f3n nueva y mejorada del Jugando con palabras 1! Mantiene lo mejor y suma nuevos recursos haci\u00e9ndolo m\u00e1s divertido, din\u00e1mico y completo.<\/strong><\/h4>\n<h4><strong>Es un juego ideal para jugar en familia y con amigos, para el consultorio y\/o en la escuela. Sin darnos cuenta trabajamos habilidades ling\u00fc\u00edsticas, expresivas, vocabulario y ortograf\u00eda.<\/strong><\/h4>\n<div>\n<h4>A partir de los 6 a\u00f1os (6 a 14 aprox)<\/h4>\n<\/div>\n<\/div>\n<p>&nbsp;<\/p>\n<h4>Objetivo y modalidad de juego:<\/h4>\n<div>Tirar el dado y avanzar por el camino del laboratorio de palabras. Acompa\u00f1ados del cient\u00edfico loco y su monstruito azul. Resolver el desaf\u00edo del casillero en donde se cay\u00f3. Quien llega primero al final del camino\u00a0 \u00a1gana! y ayuda al monstruito a aprender a comportarse.<\/div>\n<p>Incluye 2 niveles. Tarjetas m\u00e1s sencillas acompa\u00f1adas por ilustraciones y tarjetas \u00fanicamente con palabras escritas.<\/p>\n<h4>Desaf\u00edos:<\/h4>\n<ul>\n<li><b><strong>D\u00cdGALO CON M\u00cdMICA:\u00a0<\/strong><\/b>quien tir\u00f3 el dado debe hacer la m\u00edmica de la palabra que le toc\u00f3 para que el otro jugador adivine.<\/li>\n<li><b><strong>AHORCADO:\u00a0<\/strong><\/b>quien tir\u00f3 el dado deber\u00e1 jugar al cl\u00e1sico ahorcado utilizando la pizarra.<\/li>\n<li><b><strong>DIBUJAR:\u00a0<\/strong><\/b>quien tir\u00f3 el dado deber\u00e1 ilustrar la palabra que le toc\u00f3 en la pizarra para que el otro jugador adivine.<\/li>\n<li><b><strong>INVENTAR PISTAS:\u00a0<\/strong><\/b>quien tir\u00f3 el dado deber\u00e1 inventar pistas para que el otro jugador adivine la palabra que le toc\u00f3.<\/li>\n<li><b><strong>DELETREO:<\/strong><\/b>\u00a0quien tir\u00f3 el dado deber\u00e1 deletrear correctamente la palabra que le toc\u00f3. Para los m\u00e1s grandes y para aumentar la dificultad, se puede proponer deletrear alrev\u00e9s.<\/li>\n<\/ul>\n<h4>\u00a0Habilidades espec\u00edficas:<\/h4>\n<ul>\n<li>Trabajar habilidades verbales.<\/li>\n<li>\u00a0Incrementar y fijar vocabulario.<\/li>\n<li>Automatizar la conversi\u00f3n grafema-fonema (Habilidades fonol\u00f3gicas y ortogr\u00e1ficas).<\/li>\n<li>Trabajar sintaxis y ortograf\u00eda.<\/li>\n<li>Trabajar comprensi\u00f3n y expresi\u00f3n oral y escrita.<\/li>\n<li>Ejercitar y ampliar la memoria de trabajo y la memoria fonol\u00f3gica.<\/li>\n<li>Promover el desarrollo del razonamiento l\u00f3gico deductivo e inductivo.<\/li>\n<li>Desarrollar la expresividad y la creatividad.<\/li>\n<li>Ampliar la capacidad de atenci\u00f3n y de planificaci\u00f3n.<\/li>\n<li>Promover la participaci\u00f3n activa de los ni\u00f1os y la integraci\u00f3n grupal, en un clima l\u00fadico y distendido, en beneficio de la expresi\u00f3n de ideas, sentimientos y respeto por las opiniones de otros.<\/li>\n<\/ul>\n<p><b><strong>Las tarjetas ilustradas incluye diferentes palabras para trabajar:<\/strong><\/b><\/p>\n<ul>\n<li>Dificultades ortogr\u00e1ficas (MB\/MP\/V\/B\/QUE\/QUI\/CE\/CI\/H)<\/li>\n<li>Acentuaci\u00f3n (palabras agudas, graves y esdr\u00fajulas)<\/li>\n<li>Tipos de palabras (sustantivos concretos, abstractos y colectivos\/adjetivos\/<\/li>\n<\/ul>\n<p>verbos)<\/p>\n<ul>\n<li>Campos sem\u00e1nticos (animales, comidas, partes del cuerpo, ropa y profesiones\/lugares)<\/li>\n<li>\u00a1Las palabras que quieras! Se puede adaptar para trabajar con la lista de palabras que se desee. Por ejemplo: vocabulario de un texto en particular, palabras con una dificultad espec\u00edfica, etc<\/li>\n<\/ul>\n","protected":false},"excerpt":{"rendered":"<p>\u00a1Para\u00a0jugar en familia, con amigos o para el consultorio! Versi\u00f3n nueva y mejorada del Jugando con palabras 1! Mantiene lo mejor y suma nuevos recursos haci\u00e9ndolo m\u00e1s divertido, din\u00e1mico y completo. Es un juego ideal para jugar en familia y con amigos, para el consultorio y\/o en la escuela. Sin darnos cuenta trabajamos habilidades ling\u00fc\u00edsticas, [&hellip;]<\/p>\n","protected":false},"featured_media":21855,"comment_status":"open","ping_status":"closed","template":"","meta":{"site-sidebar-layout":"default","site-content-layout":"default","ast-site-content-layout":"","site-content-style":"default","site-sidebar-style":"default","ast-global-header-display":"","ast-banner-title-visibility":"","ast-main-header-display":"","ast-hfb-above-header-display":"","ast-hfb-below-header-display":"","ast-hfb-mobile-header-display":"","site-post-title":"","ast-breadcrumbs-content":"","ast-featured-img":"","footer-sml-layout":"","theme-transparent-header-meta":"default","adv-header-id-meta":"","stick-header-meta":"","header-above-stick-meta":"","header-main-stick-meta":"","header-below-stick-meta":"","astra-migrate-meta-layouts":"default","ast-page-background-enabled":"default","ast-page-background-meta":{"desktop":{"background-color":"","background-image":"","background-repeat":"repeat","background-position":"center center","background-size":"auto","background-attachment":"scroll","background-type":"","background-media":"","overlay-type":"","overlay-color":"","overlay-opacity":"","overlay-gradient":""},"tablet":{"background-color":"","background-image":"","background-repeat":"repeat","background-position":"center center","background-size":"auto","background-attachment":"scroll","background-type":"","background-media":"","overlay-type":"","overlay-color":"","overlay-opacity":"","overlay-gradient":""},"mobile":{"background-color":"","background-image":"","background-repeat":"repeat","background-position":"center center","background-size":"auto","background-attachment":"scroll","background-type":"","background-media":"","overlay-type":"","overlay-color":"","overlay-opacity":"","overlay-gradient":""}},"ast-content-background-meta":{"desktop":{"background-color":"var(--ast-global-color-5)","background-image":"","background-repeat":"repeat","background-position":"center center","background-size":"auto","background-attachment":"scroll","background-type":"","background-media":"","overlay-type":"","overlay-color":"","overlay-opacity":"","overlay-gradient":""},"tablet":{"background-color":"var(--ast-global-color-5)","background-image":"","background-repeat":"repeat","background-position":"center center","background-size":"auto","background-attachment":"scroll","background-type":"","background-media":"","overlay-type":"","overlay-color":"","overlay-opacity":"","overlay-gradient":""},"mobile":{"background-color":"var(--ast-global-color-5)","background-image":"","background-repeat":"repeat","background-position":"center center","background-size":"auto","background-attachment":"scroll","background-type":"","background-media":"","overlay-type":"","overlay-color":"","overlay-opacity":"","overlay-gradient":""}},"spay_email":""},"product_cat":[166,167,146,74],"product_tag":[],"_links":{"self":[{"href":"https:\/\/jugueterialudico.com.ar\/index.php?rest_route=\/wp\/v2\/product\/21854"}],"collection":[{"href":"https:\/\/jugueterialudico.com.ar\/index.php?rest_route=\/wp\/v2\/product"}],"about":[{"href":"https:\/\/jugueterialudico.com.ar\/index.php?rest_route=\/wp\/v2\/types\/product"}],"replies":[{"embeddable":true,"href":"https:\/\/jugueterialudico.com.ar\/index.php?rest_route=%2Fwp%2Fv2%2Fcomments&post=21854"}],"wp:featuredmedia":[{"embeddable":true,"href":"https:\/\/jugueterialudico.com.ar\/index.php?rest_route=\/wp\/v2\/media\/21855"}],"wp:attachment":[{"href":"https:\/\/jugueterialudico.com.ar\/index.php?rest_route=%2Fwp%2Fv2%2Fmedia&parent=21854"}],"wp:term":[{"taxonomy":"product_cat","embeddable":true,"href":"https:\/\/jugueterialudico.com.ar\/index.php?rest_route=%2Fwp%2Fv2%2Fproduct_cat&post=21854"},{"taxonomy":"product_tag","embeddable":true,"href":"https:\/\/jugueterialudico.com.ar\/index.php?rest_route=%2Fwp%2Fv2%2Fproduct_tag&post=21854"}],"curies":[{"name":"wp","href":"https:\/\/api.w.org\/{rel}","templated":true}]}}