{"id":21865,"date":"2022-09-12T10:47:59","date_gmt":"2022-09-12T13:47:59","guid":{"rendered":"https:\/\/jugueterialudico.com.ar\/?post_type=product&#038;p=21865"},"modified":"2023-11-02T10:42:16","modified_gmt":"2023-11-02T13:42:16","slug":"mente-adivina-2-162","status":"publish","type":"product","link":"https:\/\/jugueterialudico.com.ar\/?product=mente-adivina-2-162","title":{"rendered":"MENTE ADIVINA 2 -162"},"content":{"rendered":"<div class=\"elementor-element elementor-element-dd85535 elementor-widget elementor-widget-text-editor\" data-id=\"dd85535\" data-element_type=\"widget\" data-widget_type=\"text-editor.default\">\n<div class=\"elementor-widget-container\">\n<div class=\"elementor-text-editor elementor-clearfix\">\n<h4><strong>IMPORTANTE: \u00a1Nuevo dise\u00f1o del Mente Adivina 2! Mismas tarjetas, mismo contenido \u00a1nuevo dise\u00f1o y nueva caja! conoc\u00e9 la nueva y mejorada versi\u00f3n del cl\u00e1sico Mente Adivina 2.<\/strong><\/h4>\n<h4><strong>\u00a1Para divertirse y ejercitar una gran variedad de habilidades ling\u00fc\u00edsticas! Principalmente lectura y comprensi\u00f3n.<\/strong><\/h4>\n<h4><strong>8 a 12 a\u00f1os aproximadamente.<\/strong><\/h4>\n<\/div>\n<\/div>\n<\/div>\n<div class=\"elementor-element elementor-element-f906dc3 elementor-widget-divider--view-line elementor-widget elementor-widget-divider\" data-id=\"f906dc3\" data-element_type=\"widget\" data-widget_type=\"divider.default\">\n<div class=\"elementor-widget-container\">\n<div class=\"elementor-divider\"><\/div>\n<\/div>\n<\/div>\n<div class=\"elementor-element elementor-element-47e8ff0 elementor-widget elementor-widget-text-editor\" data-id=\"47e8ff0\" data-element_type=\"widget\" data-widget_type=\"text-editor.default\">\n<div class=\"elementor-widget-container\">\n<div class=\"elementor-text-editor elementor-clearfix\">\n<h4><strong>Objetivo y m<\/strong><b>odalidad de juego:<\/b><\/h4>\n<p>Tirar el dado y avanzar por el camino de los robots. Resolver el desaf\u00edo del casillero en donde se cay\u00f3. Si resulta dif\u00edcil \u00a1puede pedir ayuda! y avanza un casillero. Si se resuelve a la primera \u00a1avanza dos casilleros! si no puede resolver, se queda en el lugar. Quien llega primero \u00a1gana! y ayuda a los robots a perfeccionarse en el lenguaje humano.<\/p>\n<h4><strong>Desaf\u00edos y habilidades espec\u00edficas:<\/strong><\/h4>\n<p>Cada uno estimula habilidades y procesos cognitivos espec\u00edficos:<\/p>\n<ul>\n<li><b>ADIVINA PALABRA<\/b>: ejercita la comprensi\u00f3n verbal, el razonamiento l\u00f3gico y la capacidad para jerarquizar, integrar y sintetizar informaci\u00f3n.<\/li>\n<li><b>FRASES HECHAS<\/b>: ejercita el pensamiento metaf\u00f3rico y simb\u00f3lico a partir de la reflexi\u00f3n activa de frases del lenguaje cotidiano.<\/li>\n<li><b>ADIVINANZAS<\/b>: promueve el razonamiento l\u00f3gico, la generaci\u00f3n de inferencias y la fluidez verbal.<\/li>\n<li><b>DELETREO<\/b>: estimula las habilidades de segmentaci\u00f3n fon\u00e9mica y el aprendizaje de la ortograf\u00eda correcta de las palabras. Ejercita la atenci\u00f3n, la concentraci\u00f3n y la memoria visual.<\/li>\n<\/ul>\n<\/div>\n<\/div>\n<\/div>\n","protected":false},"excerpt":{"rendered":"<p>IMPORTANTE: \u00a1Nuevo dise\u00f1o del Mente Adivina 2! Mismas tarjetas, mismo contenido \u00a1nuevo dise\u00f1o y nueva caja! conoc\u00e9 la nueva y mejorada versi\u00f3n del cl\u00e1sico Mente Adivina 2. \u00a1Para divertirse y ejercitar una gran variedad de habilidades ling\u00fc\u00edsticas! Principalmente lectura y comprensi\u00f3n. 8 a 12 a\u00f1os aproximadamente. Objetivo y modalidad de juego: Tirar el dado y [&hellip;]<\/p>\n","protected":false},"featured_media":21866,"comment_status":"open","ping_status":"closed","template":"","meta":{"site-sidebar-layout":"default","site-content-layout":"default","ast-site-content-layout":"","site-content-style":"default","site-sidebar-style":"default","ast-global-header-display":"","ast-banner-title-visibility":"","ast-main-header-display":"","ast-hfb-above-header-display":"","ast-hfb-below-header-display":"","ast-hfb-mobile-header-display":"","site-post-title":"","ast-breadcrumbs-content":"","ast-featured-img":"","footer-sml-layout":"","theme-transparent-header-meta":"default","adv-header-id-meta":"","stick-header-meta":"","header-above-stick-meta":"","header-main-stick-meta":"","header-below-stick-meta":"","astra-migrate-meta-layouts":"default","ast-page-background-enabled":"default","ast-page-background-meta":{"desktop":{"background-color":"","background-image":"","background-repeat":"repeat","background-position":"center center","background-size":"auto","background-attachment":"scroll","background-type":"","background-media":"","overlay-type":"","overlay-color":"","overlay-opacity":"","overlay-gradient":""},"tablet":{"background-color":"","background-image":"","background-repeat":"repeat","background-position":"center center","background-size":"auto","background-attachment":"scroll","background-type":"","background-media":"","overlay-type":"","overlay-color":"","overlay-opacity":"","overlay-gradient":""},"mobile":{"background-color":"","background-image":"","background-repeat":"repeat","background-position":"center center","background-size":"auto","background-attachment":"scroll","background-type":"","background-media":"","overlay-type":"","overlay-color":"","overlay-opacity":"","overlay-gradient":""}},"ast-content-background-meta":{"desktop":{"background-color":"var(--ast-global-color-5)","background-image":"","background-repeat":"repeat","background-position":"center center","background-size":"auto","background-attachment":"scroll","background-type":"","background-media":"","overlay-type":"","overlay-color":"","overlay-opacity":"","overlay-gradient":""},"tablet":{"background-color":"var(--ast-global-color-5)","background-image":"","background-repeat":"repeat","background-position":"center center","background-size":"auto","background-attachment":"scroll","background-type":"","background-media":"","overlay-type":"","overlay-color":"","overlay-opacity":"","overlay-gradient":""},"mobile":{"background-color":"var(--ast-global-color-5)","background-image":"","background-repeat":"repeat","background-position":"center center","background-size":"auto","background-attachment":"scroll","background-type":"","background-media":"","overlay-type":"","overlay-color":"","overlay-opacity":"","overlay-gradient":""}},"spay_email":""},"product_cat":[167,146,74],"product_tag":[],"_links":{"self":[{"href":"https:\/\/jugueterialudico.com.ar\/index.php?rest_route=\/wp\/v2\/product\/21865"}],"collection":[{"href":"https:\/\/jugueterialudico.com.ar\/index.php?rest_route=\/wp\/v2\/product"}],"about":[{"href":"https:\/\/jugueterialudico.com.ar\/index.php?rest_route=\/wp\/v2\/types\/product"}],"replies":[{"embeddable":true,"href":"https:\/\/jugueterialudico.com.ar\/index.php?rest_route=%2Fwp%2Fv2%2Fcomments&post=21865"}],"wp:featuredmedia":[{"embeddable":true,"href":"https:\/\/jugueterialudico.com.ar\/index.php?rest_route=\/wp\/v2\/media\/21866"}],"wp:attachment":[{"href":"https:\/\/jugueterialudico.com.ar\/index.php?rest_route=%2Fwp%2Fv2%2Fmedia&parent=21865"}],"wp:term":[{"taxonomy":"product_cat","embeddable":true,"href":"https:\/\/jugueterialudico.com.ar\/index.php?rest_route=%2Fwp%2Fv2%2Fproduct_cat&post=21865"},{"taxonomy":"product_tag","embeddable":true,"href":"https:\/\/jugueterialudico.com.ar\/index.php?rest_route=%2Fwp%2Fv2%2Fproduct_tag&post=21865"}],"curies":[{"name":"wp","href":"https:\/\/api.w.org\/{rel}","templated":true}]}}