{"id":21869,"date":"2022-09-12T11:14:27","date_gmt":"2022-09-12T14:14:27","guid":{"rendered":"https:\/\/jugueterialudico.com.ar\/?post_type=product&#038;p=21869"},"modified":"2024-04-20T13:21:26","modified_gmt":"2024-04-20T16:21:26","slug":"conquista-numerica-162","status":"publish","type":"product","link":"https:\/\/jugueterialudico.com.ar\/?product=conquista-numerica-162","title":{"rendered":"CONQUISTA NUM\u00c9RICA -162"},"content":{"rendered":"<div class=\"elementor-element elementor-element-dd85535 elementor-widget elementor-widget-text-editor\" data-id=\"dd85535\" data-element_type=\"widget\" data-widget_type=\"text-editor.default\">\n<div class=\"elementor-widget-container\">\n<div class=\"elementor-text-editor elementor-clearfix\">\n<h3><strong>\u00a1Para ejercitar y desarrollar habilidades matem\u00e1ticas a trav\u00e9s del juego!<\/strong><\/h3>\n<h4><strong>2 niveles en el mismo juego: +6 a\u00f1os y +8 a\u00f1os<\/strong><\/h4>\n<\/div>\n<\/div>\n<\/div>\n<div class=\"elementor-element elementor-element-f906dc3 elementor-widget-divider--view-line elementor-widget elementor-widget-divider\" data-id=\"f906dc3\" data-element_type=\"widget\" data-widget_type=\"divider.default\">\n<div class=\"elementor-widget-container\">\n<div class=\"elementor-divider\"><\/div>\n<\/div>\n<\/div>\n<div class=\"elementor-element elementor-element-47e8ff0 elementor-widget elementor-widget-text-editor\" data-id=\"47e8ff0\" data-element_type=\"widget\" data-widget_type=\"text-editor.default\">\n<div class=\"elementor-widget-container\">\n<div class=\"elementor-text-editor elementor-clearfix\">\n<h4><strong>Objetivo:<\/strong><\/h4>\n<div><strong>\u00a0Avanzar por los 3 caminos hasta conquistar los 3 planetas formando n\u00fameros de 2 y 3 cifras.<\/strong><\/div>\n<h4><strong>Din\u00e1mica:<\/strong><\/h4>\n<div>Cada jugador tiene 3 fichas\u00a0de un color y las coloca en el inicio de cada camino. Las<\/div>\n<div>tarjetas con desaf\u00edos se colocan en la mesa boca abajo.<br \/>\nNivel 1 + 6 a\u00f1os: avanza utilizando los dados con unos, dieces y cienes.<br \/>\nNivel 2 + 8 a\u00f1os: avanzan utilizando los dados con unidades.<\/div>\n<div>Se tiran los dados y se avanza en el tablero seg\u00fan corresponda, componiendo y descomponiendo los n\u00fameros e identificando los unos, los dieces y los cienes.<\/div>\n<p>DESAF\u00cdOS: Cuando alg\u00fan jugador cae en un casillero que contenga un signo de pregunta (?) para avanzar deber\u00e1 resolver un desaf\u00edo con el n\u00famero que le toc\u00f3.<\/p>\n<p>Quien llega al final del recorrido con todas sus fichas, conquista los 3 planetas Cientauro, Diesauro y Unaru y \u00a1Gana el conquista num\u00e9rica!<\/p>\n<h4><strong>Habilidades que estimula:<\/strong><\/h4>\n<div>\n<div>\u2013 Habilidades l\u00f3gico-matem\u00e1ticas.<\/div>\n<div>\u2013 Habilidades visoespaciales.<\/div>\n<div>\u2013 Funciones ejecutivas.<\/div>\n<\/div>\n<h4><strong>Aprendizajes que se generan:<\/strong><\/h4>\n<div>\n<div>\u2013 Reconocimiento de n\u00fameros.<\/div>\n<div>\u2013 Conteo de 1 en 1, 10 en 10 y 100 en 100.<\/div>\n<div>\u2013 Composici\u00f3n y descomposici\u00f3n de n\u00fameros.<\/div>\n<div>\u2013 Reconocimiento de CENTENAS, DECENAS y UNIDADES.<\/div>\n<div>\u2013 Valor de posici\u00f3n de los d\u00edgitos dentro de un n\u00famero.<\/div>\n<div>\u2013 C\u00e1lculo mental de sumas y restas.<\/div>\n<\/div>\n<\/div>\n<\/div>\n<\/div>\n","protected":false},"excerpt":{"rendered":"<p>\u00a1Para ejercitar y desarrollar habilidades matem\u00e1ticas a trav\u00e9s del juego! 2 niveles en el mismo juego: +6 a\u00f1os y +8 a\u00f1os Objetivo: \u00a0Avanzar por los 3 caminos hasta conquistar los 3 planetas formando n\u00fameros de 2 y 3 cifras. Din\u00e1mica: Cada jugador tiene 3 fichas\u00a0de un color y las coloca en el inicio de cada [&hellip;]<\/p>\n","protected":false},"featured_media":21870,"comment_status":"open","ping_status":"closed","template":"","meta":{"site-sidebar-layout":"default","site-content-layout":"default","ast-site-content-layout":"","site-content-style":"default","site-sidebar-style":"default","ast-global-header-display":"","ast-banner-title-visibility":"","ast-main-header-display":"","ast-hfb-above-header-display":"","ast-hfb-below-header-display":"","ast-hfb-mobile-header-display":"","site-post-title":"","ast-breadcrumbs-content":"","ast-featured-img":"","footer-sml-layout":"","theme-transparent-header-meta":"default","adv-header-id-meta":"","stick-header-meta":"","header-above-stick-meta":"","header-main-stick-meta":"","header-below-stick-meta":"","astra-migrate-meta-layouts":"default","ast-page-background-enabled":"default","ast-page-background-meta":{"desktop":{"background-color":"","background-image":"","background-repeat":"repeat","background-position":"center center","background-size":"auto","background-attachment":"scroll","background-type":"","background-media":"","overlay-type":"","overlay-color":"","overlay-opacity":"","overlay-gradient":""},"tablet":{"background-color":"","background-image":"","background-repeat":"repeat","background-position":"center center","background-size":"auto","background-attachment":"scroll","background-type":"","background-media":"","overlay-type":"","overlay-color":"","overlay-opacity":"","overlay-gradient":""},"mobile":{"background-color":"","background-image":"","background-repeat":"repeat","background-position":"center center","background-size":"auto","background-attachment":"scroll","background-type":"","background-media":"","overlay-type":"","overlay-color":"","overlay-opacity":"","overlay-gradient":""}},"ast-content-background-meta":{"desktop":{"background-color":"var(--ast-global-color-5)","background-image":"","background-repeat":"repeat","background-position":"center center","background-size":"auto","background-attachment":"scroll","background-type":"","background-media":"","overlay-type":"","overlay-color":"","overlay-opacity":"","overlay-gradient":""},"tablet":{"background-color":"var(--ast-global-color-5)","background-image":"","background-repeat":"repeat","background-position":"center center","background-size":"auto","background-attachment":"scroll","background-type":"","background-media":"","overlay-type":"","overlay-color":"","overlay-opacity":"","overlay-gradient":""},"mobile":{"background-color":"var(--ast-global-color-5)","background-image":"","background-repeat":"repeat","background-position":"center center","background-size":"auto","background-attachment":"scroll","background-type":"","background-media":"","overlay-type":"","overlay-color":"","overlay-opacity":"","overlay-gradient":""}},"spay_email":""},"product_cat":[166,167,146,74],"product_tag":[],"_links":{"self":[{"href":"https:\/\/jugueterialudico.com.ar\/index.php?rest_route=\/wp\/v2\/product\/21869"}],"collection":[{"href":"https:\/\/jugueterialudico.com.ar\/index.php?rest_route=\/wp\/v2\/product"}],"about":[{"href":"https:\/\/jugueterialudico.com.ar\/index.php?rest_route=\/wp\/v2\/types\/product"}],"replies":[{"embeddable":true,"href":"https:\/\/jugueterialudico.com.ar\/index.php?rest_route=%2Fwp%2Fv2%2Fcomments&post=21869"}],"wp:featuredmedia":[{"embeddable":true,"href":"https:\/\/jugueterialudico.com.ar\/index.php?rest_route=\/wp\/v2\/media\/21870"}],"wp:attachment":[{"href":"https:\/\/jugueterialudico.com.ar\/index.php?rest_route=%2Fwp%2Fv2%2Fmedia&parent=21869"}],"wp:term":[{"taxonomy":"product_cat","embeddable":true,"href":"https:\/\/jugueterialudico.com.ar\/index.php?rest_route=%2Fwp%2Fv2%2Fproduct_cat&post=21869"},{"taxonomy":"product_tag","embeddable":true,"href":"https:\/\/jugueterialudico.com.ar\/index.php?rest_route=%2Fwp%2Fv2%2Fproduct_tag&post=21869"}],"curies":[{"name":"wp","href":"https:\/\/api.w.org\/{rel}","templated":true}]}}