{"id":21872,"date":"2022-09-12T11:45:34","date_gmt":"2022-09-12T14:45:34","guid":{"rendered":"https:\/\/jugueterialudico.com.ar\/?post_type=product&#038;p=21872"},"modified":"2023-11-02T10:42:08","modified_gmt":"2023-11-02T13:42:08","slug":"calculo-real-162","status":"publish","type":"product","link":"https:\/\/jugueterialudico.com.ar\/?product=calculo-real-162","title":{"rendered":"CALCULO REAL -162"},"content":{"rendered":"<div class=\"elementor-element elementor-element-dd85535 elementor-widget elementor-widget-text-editor\" data-id=\"dd85535\" data-element_type=\"widget\" data-widget_type=\"text-editor.default\">\n<div class=\"elementor-widget-container\">\n<div class=\"elementor-text-editor elementor-clearfix\">\n<h4><strong>\u00a1Para ejercitar y desarrollar c\u00e1lculo mental y resoluci\u00f3n de problemas matem\u00e1ticos a trav\u00e9s del juego! Con dos niveles de dificultad. Orientado a ni\u00f1os de 7 a 14 a\u00f1os. Para jugar en el consultorio, la escuela o en casa.\u00a0<\/strong><\/h4>\n<h4><strong>Los simp\u00e1ticos personajes del Castillo Amarillo guiar\u00e1n a los jugadores para resolver los desaf\u00edos matem\u00e1ticos y as\u00ed avanzar hasta convertirse en Calculistas Reales del palacio. A pesar de las matem\u00e1ticas, el juego motiva y divierte a los ni\u00f1os.<\/strong><\/h4>\n<div>\n<h4>2 niveles en el mismo juego: +7 a\u00f1os y +9 a\u00f1os<\/h4>\n<\/div>\n<\/div>\n<\/div>\n<\/div>\n<div class=\"elementor-element elementor-element-f906dc3 elementor-widget-divider--view-line elementor-widget elementor-widget-divider\" data-id=\"f906dc3\" data-element_type=\"widget\" data-widget_type=\"divider.default\">\n<div class=\"elementor-widget-container\">\n<div class=\"elementor-divider\"><\/div>\n<\/div>\n<\/div>\n<div class=\"elementor-element elementor-element-47e8ff0 elementor-widget elementor-widget-text-editor\" data-id=\"47e8ff0\" data-element_type=\"widget\" data-widget_type=\"text-editor.default\">\n<div class=\"elementor-widget-container\">\n<div class=\"elementor-text-editor elementor-clearfix\">\n<p>&nbsp;<\/p>\n<h4>Objetivo y modalidad de juego:<\/h4>\n<div>Tirar el dado y avanzar por el camino del Castillo Amarillo. Resolver el desaf\u00edo del casillero en donde se cay\u00f3. Si resulta dif\u00edcil \u00a1puede pedir ayuda! y se queda en el lugar. Si se resuelve a la primera \u00a1avanza un casillero m\u00e1s! si no puede resolver, retrocede. Quien llega primero \u00a1gana! y se convierte en Calculista Real (en recursos gratuitos hay un certificado oficial para imprimir\u00a0<img decoding=\"async\" class=\"emoji\" role=\"img\" draggable=\"false\" src=\"https:\/\/s.w.org\/images\/core\/emoji\/13.0.0\/svg\/1f642.svg\" alt=\"\ud83d\ude42\" \/><\/p>\n<h4>Desaf\u00edos y habilidades espec\u00edficas:<\/h4>\n<\/div>\n<ul>\n<li><b>ENIGMAS MATEM\u00c1TICOS<\/b>:\u00a0Los personajes del castillo amarillo presentan situaciones problem\u00e1ticas donde los jugadores deber\u00e1n realizar c\u00e1lculos mentales (+, -, x, %) para avanzar. Estimulan el pensamiento y el razonamiento l\u00f3gico-matem\u00e1tico, la comprensi\u00f3n de consignas, la resoluci\u00f3n de problemas, la planificaci\u00f3n, la atenci\u00f3n y las funciones ejecutivas: control inhibitorio, memoria de trabajo y flexibilidad cognitiva.<\/li>\n<li><b>ADIVINANZAS MATEM\u00c1TICAS<\/b>: Divertidos desaf\u00edos donde se tendr\u00e1n que poner en juego el razonamiento l\u00f3gico-matem\u00e1tico, el pensamiento lateral. Adem\u00e1s, se estimula el desarrollo de vocabulario, la asociaci\u00f3n de ideas y el razonamiento verbal.<\/li>\n<li><b>C\u00c1LCULOS MATEM\u00c1TICOS<\/b>: Se presentan cuentas (+, -, x, %) para desarrollar habilidades l\u00f3gico-matem\u00e1ticas, la intuici\u00f3n num\u00e9rica, el uso de estrategias de c\u00e1lculo mental, la mec\u00e1nica del c\u00e1lculo, la atenci\u00f3n y la memoria de trabajo<\/li>\n<li>Adem\u00e1s, cuenta con\u00a0<b>CARTAS M\u00c1GICAS<\/b>: Muestran distintas estrategias de c\u00e1lculo mental que pueden ser utilizadas en cualquier momento para ense\u00f1ar y mostrar al ni\u00f1o diferentes estrategias de c\u00e1lculo mental. Permiten identificar cu\u00e1l de las estrategias es la m\u00e1s adecuada en cada situaci\u00f3n y deben estar disponibles todo el tiempo dentro del contexto del juego, como Cartas M\u00e1gicas que los ayudar\u00e1n a llegar m\u00e1s r\u00e1pido a la meta.<\/li>\n<\/ul>\n<\/div>\n<\/div>\n<\/div>\n","protected":false},"excerpt":{"rendered":"<p>\u00a1Para ejercitar y desarrollar c\u00e1lculo mental y resoluci\u00f3n de problemas matem\u00e1ticos a trav\u00e9s del juego! Con dos niveles de dificultad. Orientado a ni\u00f1os de 7 a 14 a\u00f1os. Para jugar en el consultorio, la escuela o en casa.\u00a0 Los simp\u00e1ticos personajes del Castillo Amarillo guiar\u00e1n a los jugadores para resolver los desaf\u00edos matem\u00e1ticos y as\u00ed [&hellip;]<\/p>\n","protected":false},"featured_media":21874,"comment_status":"open","ping_status":"closed","template":"","meta":{"site-sidebar-layout":"default","site-content-layout":"default","ast-site-content-layout":"","site-content-style":"default","site-sidebar-style":"default","ast-global-header-display":"","ast-banner-title-visibility":"","ast-main-header-display":"","ast-hfb-above-header-display":"","ast-hfb-below-header-display":"","ast-hfb-mobile-header-display":"","site-post-title":"","ast-breadcrumbs-content":"","ast-featured-img":"","footer-sml-layout":"","theme-transparent-header-meta":"default","adv-header-id-meta":"","stick-header-meta":"","header-above-stick-meta":"","header-main-stick-meta":"","header-below-stick-meta":"","astra-migrate-meta-layouts":"default","ast-page-background-enabled":"default","ast-page-background-meta":{"desktop":{"background-color":"","background-image":"","background-repeat":"repeat","background-position":"center center","background-size":"auto","background-attachment":"scroll","background-type":"","background-media":"","overlay-type":"","overlay-color":"","overlay-opacity":"","overlay-gradient":""},"tablet":{"background-color":"","background-image":"","background-repeat":"repeat","background-position":"center center","background-size":"auto","background-attachment":"scroll","background-type":"","background-media":"","overlay-type":"","overlay-color":"","overlay-opacity":"","overlay-gradient":""},"mobile":{"background-color":"","background-image":"","background-repeat":"repeat","background-position":"center center","background-size":"auto","background-attachment":"scroll","background-type":"","background-media":"","overlay-type":"","overlay-color":"","overlay-opacity":"","overlay-gradient":""}},"ast-content-background-meta":{"desktop":{"background-color":"var(--ast-global-color-5)","background-image":"","background-repeat":"repeat","background-position":"center center","background-size":"auto","background-attachment":"scroll","background-type":"","background-media":"","overlay-type":"","overlay-color":"","overlay-opacity":"","overlay-gradient":""},"tablet":{"background-color":"var(--ast-global-color-5)","background-image":"","background-repeat":"repeat","background-position":"center center","background-size":"auto","background-attachment":"scroll","background-type":"","background-media":"","overlay-type":"","overlay-color":"","overlay-opacity":"","overlay-gradient":""},"mobile":{"background-color":"var(--ast-global-color-5)","background-image":"","background-repeat":"repeat","background-position":"center center","background-size":"auto","background-attachment":"scroll","background-type":"","background-media":"","overlay-type":"","overlay-color":"","overlay-opacity":"","overlay-gradient":""}},"spay_email":""},"product_cat":[166,167],"product_tag":[],"_links":{"self":[{"href":"https:\/\/jugueterialudico.com.ar\/index.php?rest_route=\/wp\/v2\/product\/21872"}],"collection":[{"href":"https:\/\/jugueterialudico.com.ar\/index.php?rest_route=\/wp\/v2\/product"}],"about":[{"href":"https:\/\/jugueterialudico.com.ar\/index.php?rest_route=\/wp\/v2\/types\/product"}],"replies":[{"embeddable":true,"href":"https:\/\/jugueterialudico.com.ar\/index.php?rest_route=%2Fwp%2Fv2%2Fcomments&post=21872"}],"wp:featuredmedia":[{"embeddable":true,"href":"https:\/\/jugueterialudico.com.ar\/index.php?rest_route=\/wp\/v2\/media\/21874"}],"wp:attachment":[{"href":"https:\/\/jugueterialudico.com.ar\/index.php?rest_route=%2Fwp%2Fv2%2Fmedia&parent=21872"}],"wp:term":[{"taxonomy":"product_cat","embeddable":true,"href":"https:\/\/jugueterialudico.com.ar\/index.php?rest_route=%2Fwp%2Fv2%2Fproduct_cat&post=21872"},{"taxonomy":"product_tag","embeddable":true,"href":"https:\/\/jugueterialudico.com.ar\/index.php?rest_route=%2Fwp%2Fv2%2Fproduct_tag&post=21872"}],"curies":[{"name":"wp","href":"https:\/\/api.w.org\/{rel}","templated":true}]}}