{"id":21878,"date":"2022-09-13T10:28:45","date_gmt":"2022-09-13T13:28:45","guid":{"rendered":"https:\/\/jugueterialudico.com.ar\/?post_type=product&#038;p=21878"},"modified":"2023-11-02T10:41:59","modified_gmt":"2023-11-02T13:41:59","slug":"ta-te-tri-162","status":"publish","type":"product","link":"https:\/\/jugueterialudico.com.ar\/?product=ta-te-tri-162","title":{"rendered":"TA TE TRI -162"},"content":{"rendered":"<div class=\"elementor-element elementor-element-dd85535 elementor-widget elementor-widget-text-editor\" data-id=\"dd85535\" data-element_type=\"widget\" data-widget_type=\"text-editor.default\">\n<div class=\"elementor-widget-container\">\n<div class=\"elementor-text-editor elementor-clearfix\">\n<h4><strong>FUNCIONES EJECUTIVAS Y CONCENTRACI\u00d3N<\/strong><\/h4>\n<\/div>\n<\/div>\n<\/div>\n<div class=\"elementor-element elementor-element-f906dc3 elementor-widget-divider--view-line elementor-widget elementor-widget-divider\" data-id=\"f906dc3\" data-element_type=\"widget\" data-widget_type=\"divider.default\">\n<div class=\"elementor-widget-container\">\n<div class=\"elementor-divider\"><\/div>\n<\/div>\n<\/div>\n<div class=\"elementor-element elementor-element-47e8ff0 elementor-widget elementor-widget-text-editor\" data-id=\"47e8ff0\" data-element_type=\"widget\" data-widget_type=\"text-editor.default\">\n<div class=\"elementor-widget-container\">\n<div class=\"elementor-text-editor elementor-clearfix\">\n<p dir=\"ltr\"><strong>Juego para 2-4 jugadores de m\u00e1s de 6 a\u00f1os. Ideal para jugar en familia o en el consultorio.<\/strong><\/p>\n<h4 dir=\"ltr\"><strong>Objetivo:<\/strong><\/h4>\n<p dir=\"ltr\">Ser el primero en descartarse de todas las cartas para ganar. Armar un TA TE TRI emparejando el mismo elemento en las tres cartas en l\u00ednea.<\/p>\n<h4 dir=\"ltr\">Din\u00e1mica:<\/h4>\n<p dir=\"ltr\">Para poner a prueba la capacidad de observaci\u00f3n, concentraci\u00f3n y rapidez ten\u00e9s que armar un TA TE TRI colocando tres cartas en l\u00ednea. Cada jugador mira las 9 cartas que est\u00e1n en el centro y busca hacer un TA TE TRI. Un TA TE TRI se logra cuando el jugador coloca una carta propia para que coincida con el mismo elemento (color, n\u00famero o personaje) de 2<\/p>\n<p dir=\"ltr\">cartas del centro, de modo que conformen una l\u00ednea de 3 horizontal, vertical o diagonal.\u00a0\u00a0<strong>Bonus:\u00a0<\/strong>\u00bfQui\u00e9n est\u00e1 prestando m\u00e1s atenci\u00f3n? (opcional) Para generar mayor concentraci\u00f3n y dificultad, se puede establecer que quien detecta que se han formado 2 TA TE TRI (horizontal y\/o vertical y\/o diagonal) en simult\u00e1neo, debe gritar \u00a1DOBLE TA TE TRI! Se verifica y si es correcto, \u00e9ste jugador le da 5 de las cartas de su mazo al jugador de su derecha.<\/p>\n<h4 dir=\"ltr\"><strong>Habilidades que se trabajan:<\/strong><\/h4>\n<p dir=\"ltr\">-Funciones ejecutivas<\/p>\n<p dir=\"ltr\">-Percepci\u00f3n<\/p>\n<p dir=\"ltr\">-Flexibilidad<\/p>\n<\/div>\n<\/div>\n<\/div>\n","protected":false},"excerpt":{"rendered":"<p>FUNCIONES EJECUTIVAS Y CONCENTRACI\u00d3N Juego para 2-4 jugadores de m\u00e1s de 6 a\u00f1os. Ideal para jugar en familia o en el consultorio. Objetivo: Ser el primero en descartarse de todas las cartas para ganar. Armar un TA TE TRI emparejando el mismo elemento en las tres cartas en l\u00ednea. Din\u00e1mica: Para poner a prueba la [&hellip;]<\/p>\n","protected":false},"featured_media":21879,"comment_status":"open","ping_status":"closed","template":"","meta":{"site-sidebar-layout":"default","site-content-layout":"default","ast-site-content-layout":"","site-content-style":"default","site-sidebar-style":"default","ast-global-header-display":"","ast-banner-title-visibility":"","ast-main-header-display":"","ast-hfb-above-header-display":"","ast-hfb-below-header-display":"","ast-hfb-mobile-header-display":"","site-post-title":"","ast-breadcrumbs-content":"","ast-featured-img":"","footer-sml-layout":"","theme-transparent-header-meta":"default","adv-header-id-meta":"","stick-header-meta":"","header-above-stick-meta":"","header-main-stick-meta":"","header-below-stick-meta":"","astra-migrate-meta-layouts":"default","ast-page-background-enabled":"default","ast-page-background-meta":{"desktop":{"background-color":"","background-image":"","background-repeat":"repeat","background-position":"center center","background-size":"auto","background-attachment":"scroll","background-type":"","background-media":"","overlay-type":"","overlay-color":"","overlay-opacity":"","overlay-gradient":""},"tablet":{"background-color":"","background-image":"","background-repeat":"repeat","background-position":"center center","background-size":"auto","background-attachment":"scroll","background-type":"","background-media":"","overlay-type":"","overlay-color":"","overlay-opacity":"","overlay-gradient":""},"mobile":{"background-color":"","background-image":"","background-repeat":"repeat","background-position":"center center","background-size":"auto","background-attachment":"scroll","background-type":"","background-media":"","overlay-type":"","overlay-color":"","overlay-opacity":"","overlay-gradient":""}},"ast-content-background-meta":{"desktop":{"background-color":"var(--ast-global-color-5)","background-image":"","background-repeat":"repeat","background-position":"center center","background-size":"auto","background-attachment":"scroll","background-type":"","background-media":"","overlay-type":"","overlay-color":"","overlay-opacity":"","overlay-gradient":""},"tablet":{"background-color":"var(--ast-global-color-5)","background-image":"","background-repeat":"repeat","background-position":"center center","background-size":"auto","background-attachment":"scroll","background-type":"","background-media":"","overlay-type":"","overlay-color":"","overlay-opacity":"","overlay-gradient":""},"mobile":{"background-color":"var(--ast-global-color-5)","background-image":"","background-repeat":"repeat","background-position":"center center","background-size":"auto","background-attachment":"scroll","background-type":"","background-media":"","overlay-type":"","overlay-color":"","overlay-opacity":"","overlay-gradient":""}},"spay_email":""},"product_cat":[166,167,146,74],"product_tag":[],"_links":{"self":[{"href":"https:\/\/jugueterialudico.com.ar\/index.php?rest_route=\/wp\/v2\/product\/21878"}],"collection":[{"href":"https:\/\/jugueterialudico.com.ar\/index.php?rest_route=\/wp\/v2\/product"}],"about":[{"href":"https:\/\/jugueterialudico.com.ar\/index.php?rest_route=\/wp\/v2\/types\/product"}],"replies":[{"embeddable":true,"href":"https:\/\/jugueterialudico.com.ar\/index.php?rest_route=%2Fwp%2Fv2%2Fcomments&post=21878"}],"wp:featuredmedia":[{"embeddable":true,"href":"https:\/\/jugueterialudico.com.ar\/index.php?rest_route=\/wp\/v2\/media\/21879"}],"wp:attachment":[{"href":"https:\/\/jugueterialudico.com.ar\/index.php?rest_route=%2Fwp%2Fv2%2Fmedia&parent=21878"}],"wp:term":[{"taxonomy":"product_cat","embeddable":true,"href":"https:\/\/jugueterialudico.com.ar\/index.php?rest_route=%2Fwp%2Fv2%2Fproduct_cat&post=21878"},{"taxonomy":"product_tag","embeddable":true,"href":"https:\/\/jugueterialudico.com.ar\/index.php?rest_route=%2Fwp%2Fv2%2Fproduct_tag&post=21878"}],"curies":[{"name":"wp","href":"https:\/\/api.w.org\/{rel}","templated":true}]}}