{"id":21887,"date":"2022-09-13T10:52:43","date_gmt":"2022-09-13T13:52:43","guid":{"rendered":"https:\/\/jugueterialudico.com.ar\/?post_type=product&#038;p=21887"},"modified":"2024-04-20T13:07:42","modified_gmt":"2024-04-20T16:07:42","slug":"sumo-10-162","status":"publish","type":"product","link":"https:\/\/jugueterialudico.com.ar\/?product=sumo-10-162","title":{"rendered":"SUMO 10 -162"},"content":{"rendered":"<div class=\"elementor-element elementor-element-dd85535 elementor-widget elementor-widget-text-editor\" data-id=\"dd85535\" data-element_type=\"widget\" data-widget_type=\"text-editor.default\">\n<div class=\"elementor-widget-container\">\n<div class=\"elementor-text-editor elementor-clearfix\">\n<h4><strong>\u00a1Para ejercitar y desarrollar habilidades matem\u00e1ticas a trav\u00e9s del juego!<\/strong><\/h4>\n<h4><strong>6 a 99 a\u00f1os<\/strong><\/h4>\n<\/div>\n<\/div>\n<\/div>\n<div class=\"elementor-element elementor-element-f906dc3 elementor-widget-divider--view-line elementor-widget elementor-widget-divider\" data-id=\"f906dc3\" data-element_type=\"widget\" data-widget_type=\"divider.default\">\n<div class=\"elementor-widget-container\">\n<div class=\"elementor-divider\"><\/div>\n<\/div>\n<\/div>\n<div class=\"elementor-element elementor-element-47e8ff0 elementor-widget elementor-widget-text-editor\" data-id=\"47e8ff0\" data-element_type=\"widget\" data-widget_type=\"text-editor.default\">\n<div class=\"elementor-widget-container\">\n<div class=\"elementor-text-editor elementor-clearfix\">\n<h4><b>Objetivo:<\/b><\/h4>\n<p>Quien suma m\u00e1s puntos \u00a1Gana! hay varias din\u00e1micas de juego:<\/p>\n<h4><b>Din\u00e1micas:<\/b><\/h4>\n<ul>\n<li><b>Sumo 10<\/b>: \u00a1El juego estrella! Como la Escoba del 15 pero a 10 e incorporando n\u00fameros negativos \u00a1Los jugadores intentar\u00e1n hacer los c\u00e1lculos mentales m\u00e1s complejos para llevarse m\u00e1s puntos y ganar! Desarrolla la intuici\u00f3n num\u00e9rica y las habilidades de c\u00e1lculo mental.<\/li>\n<li><b>Armando Parejas<\/b>: Se colocan varias cartas boca arriba y cronometrando el tiempo, el ni\u00f1o deber\u00e1 intentar armar las parejas que suman 10 lo m\u00e1s r\u00e1pido posible.<\/li>\n<li><b>Juego de memoria<\/b>: El cl\u00e1sico formato que los chicos adoran adaptado para automatizar las sumas a 10 y la memoria de trabajo. Pero en vez de encontrar cartas iguales, deber\u00e1n encontrar 2 que sumen 10.<\/li>\n<li><b>Secuencia did\u00e1ctica:\u00a0<\/b>Debido a la segmentaci\u00f3n por colores de las cartas, se pueden presentar en una secuencia did\u00e1ctica especialmente dise\u00f1ada para ejercitar y automatizar las sumas y restas a 10 \u00a1Base fundamental del c\u00e1lculo mental!<\/li>\n<\/ul>\n<h4><b>Habilidades que se trabajan:<\/b><\/h4>\n<p>-C\u00e1lculo mental<\/p>\n<p>\u2013 Intuici\u00f3n num\u00e9rica<\/p>\n<p>\u2013 Automatizaci\u00f3n de sumas y restas a 10<\/p>\n<p>\u2013 Memoria de trabajo<\/p>\n<\/div>\n<\/div>\n<\/div>\n","protected":false},"excerpt":{"rendered":"<p>\u00a1Para ejercitar y desarrollar habilidades matem\u00e1ticas a trav\u00e9s del juego! 6 a 99 a\u00f1os Objetivo: Quien suma m\u00e1s puntos \u00a1Gana! hay varias din\u00e1micas de juego: Din\u00e1micas: Sumo 10: \u00a1El juego estrella! Como la Escoba del 15 pero a 10 e incorporando n\u00fameros negativos \u00a1Los jugadores intentar\u00e1n hacer los c\u00e1lculos mentales m\u00e1s complejos para llevarse m\u00e1s [&hellip;]<\/p>\n","protected":false},"featured_media":21888,"comment_status":"open","ping_status":"closed","template":"","meta":{"site-sidebar-layout":"default","site-content-layout":"default","ast-site-content-layout":"","site-content-style":"default","site-sidebar-style":"default","ast-global-header-display":"","ast-banner-title-visibility":"","ast-main-header-display":"","ast-hfb-above-header-display":"","ast-hfb-below-header-display":"","ast-hfb-mobile-header-display":"","site-post-title":"","ast-breadcrumbs-content":"","ast-featured-img":"","footer-sml-layout":"","theme-transparent-header-meta":"default","adv-header-id-meta":"","stick-header-meta":"","header-above-stick-meta":"","header-main-stick-meta":"","header-below-stick-meta":"","astra-migrate-meta-layouts":"default","ast-page-background-enabled":"default","ast-page-background-meta":{"desktop":{"background-color":"","background-image":"","background-repeat":"repeat","background-position":"center center","background-size":"auto","background-attachment":"scroll","background-type":"","background-media":"","overlay-type":"","overlay-color":"","overlay-opacity":"","overlay-gradient":""},"tablet":{"background-color":"","background-image":"","background-repeat":"repeat","background-position":"center center","background-size":"auto","background-attachment":"scroll","background-type":"","background-media":"","overlay-type":"","overlay-color":"","overlay-opacity":"","overlay-gradient":""},"mobile":{"background-color":"","background-image":"","background-repeat":"repeat","background-position":"center center","background-size":"auto","background-attachment":"scroll","background-type":"","background-media":"","overlay-type":"","overlay-color":"","overlay-opacity":"","overlay-gradient":""}},"ast-content-background-meta":{"desktop":{"background-color":"var(--ast-global-color-5)","background-image":"","background-repeat":"repeat","background-position":"center center","background-size":"auto","background-attachment":"scroll","background-type":"","background-media":"","overlay-type":"","overlay-color":"","overlay-opacity":"","overlay-gradient":""},"tablet":{"background-color":"var(--ast-global-color-5)","background-image":"","background-repeat":"repeat","background-position":"center center","background-size":"auto","background-attachment":"scroll","background-type":"","background-media":"","overlay-type":"","overlay-color":"","overlay-opacity":"","overlay-gradient":""},"mobile":{"background-color":"var(--ast-global-color-5)","background-image":"","background-repeat":"repeat","background-position":"center center","background-size":"auto","background-attachment":"scroll","background-type":"","background-media":"","overlay-type":"","overlay-color":"","overlay-opacity":"","overlay-gradient":""}},"spay_email":""},"product_cat":[185,168,166,167,74],"product_tag":[],"_links":{"self":[{"href":"https:\/\/jugueterialudico.com.ar\/index.php?rest_route=\/wp\/v2\/product\/21887"}],"collection":[{"href":"https:\/\/jugueterialudico.com.ar\/index.php?rest_route=\/wp\/v2\/product"}],"about":[{"href":"https:\/\/jugueterialudico.com.ar\/index.php?rest_route=\/wp\/v2\/types\/product"}],"replies":[{"embeddable":true,"href":"https:\/\/jugueterialudico.com.ar\/index.php?rest_route=%2Fwp%2Fv2%2Fcomments&post=21887"}],"wp:featuredmedia":[{"embeddable":true,"href":"https:\/\/jugueterialudico.com.ar\/index.php?rest_route=\/wp\/v2\/media\/21888"}],"wp:attachment":[{"href":"https:\/\/jugueterialudico.com.ar\/index.php?rest_route=%2Fwp%2Fv2%2Fmedia&parent=21887"}],"wp:term":[{"taxonomy":"product_cat","embeddable":true,"href":"https:\/\/jugueterialudico.com.ar\/index.php?rest_route=%2Fwp%2Fv2%2Fproduct_cat&post=21887"},{"taxonomy":"product_tag","embeddable":true,"href":"https:\/\/jugueterialudico.com.ar\/index.php?rest_route=%2Fwp%2Fv2%2Fproduct_tag&post=21887"}],"curies":[{"name":"wp","href":"https:\/\/api.w.org\/{rel}","templated":true}]}}