{"id":21891,"date":"2022-09-20T09:52:37","date_gmt":"2022-09-20T12:52:37","guid":{"rendered":"https:\/\/jugueterialudico.com.ar\/?post_type=product&#038;p=21891"},"modified":"2026-03-20T11:11:38","modified_gmt":"2026-03-20T14:11:38","slug":"figo-035","status":"publish","type":"product","link":"https:\/\/jugueterialudico.com.ar\/?product=figo-035","title":{"rendered":"FIGO &#8211; 035"},"content":{"rendered":"<p>FIGO \u2013 UN JUEGO DE FORMAS Y FIGURAS<\/p>\n<p>El objetivo del juego es poder representar una imagen con la menor cantidad de elementos posibles.<\/p>\n<p>En cada turno, un jugador har\u00e1 de artista y el resto intentar\u00e1 adivinar lo que est\u00e1 representando en la pizarra con las figuras.<\/p>\n<p>Ten\u00e9s dos minutos para representar el objeto de tu carta con los elementos que ofrece el juego. Pero \u00a1OJO! hay que usarlos con criterio ya que cada elemento usado tendr\u00e1 un puntaje determinado.<\/p>\n<p>No se puede hablar ni gestualizar absolutamente nada!<\/p>\n<p>El resto de los jugadores de la mesa intentar\u00e1 adivinar el objeto arriesgando todas las palabras que quieran. No hay l\u00edmite de intentos.<\/p>\n<p>Si un jugador adivina el objeto del artista, ambos sumar\u00e1n puntos.<\/p>\n<p>Quien m\u00e1s puntos haya acumulado ser\u00e1 el ganador..<\/p>\n<p><strong>Jugadores:\u00a0<\/strong>3 a 8 jugadores<br \/>\n<strong>Tiempo:<\/strong>\u00a030 minutos<br \/>\n<strong>Edad:\u00a0<\/strong>8+ a\u00f1os<\/p>\n","protected":false},"excerpt":{"rendered":"<p>FIGO \u2013 UN JUEGO DE FORMAS Y FIGURAS El objetivo del juego es poder representar una imagen con la menor cantidad de elementos posibles. En cada turno, un jugador har\u00e1 de artista y el resto intentar\u00e1 adivinar lo que est\u00e1 representando en la pizarra con las figuras. Ten\u00e9s dos minutos para representar el objeto de [&hellip;]<\/p>\n","protected":false},"featured_media":21892,"comment_status":"open","ping_status":"closed","template":"","meta":{"site-sidebar-layout":"default","site-content-layout":"default","ast-site-content-layout":"","site-content-style":"default","site-sidebar-style":"default","ast-global-header-display":"","ast-banner-title-visibility":"","ast-main-header-display":"","ast-hfb-above-header-display":"","ast-hfb-below-header-display":"","ast-hfb-mobile-header-display":"","site-post-title":"","ast-breadcrumbs-content":"","ast-featured-img":"","footer-sml-layout":"","theme-transparent-header-meta":"default","adv-header-id-meta":"","stick-header-meta":"","header-above-stick-meta":"","header-main-stick-meta":"","header-below-stick-meta":"","astra-migrate-meta-layouts":"default","ast-page-background-enabled":"default","ast-page-background-meta":{"desktop":{"background-color":"","background-image":"","background-repeat":"repeat","background-position":"center center","background-size":"auto","background-attachment":"scroll","background-type":"","background-media":"","overlay-type":"","overlay-color":"","overlay-opacity":"","overlay-gradient":""},"tablet":{"background-color":"","background-image":"","background-repeat":"repeat","background-position":"center center","background-size":"auto","background-attachment":"scroll","background-type":"","background-media":"","overlay-type":"","overlay-color":"","overlay-opacity":"","overlay-gradient":""},"mobile":{"background-color":"","background-image":"","background-repeat":"repeat","background-position":"center center","background-size":"auto","background-attachment":"scroll","background-type":"","background-media":"","overlay-type":"","overlay-color":"","overlay-opacity":"","overlay-gradient":""}},"ast-content-background-meta":{"desktop":{"background-color":"var(--ast-global-color-5)","background-image":"","background-repeat":"repeat","background-position":"center center","background-size":"auto","background-attachment":"scroll","background-type":"","background-media":"","overlay-type":"","overlay-color":"","overlay-opacity":"","overlay-gradient":""},"tablet":{"background-color":"var(--ast-global-color-5)","background-image":"","background-repeat":"repeat","background-position":"center center","background-size":"auto","background-attachment":"scroll","background-type":"","background-media":"","overlay-type":"","overlay-color":"","overlay-opacity":"","overlay-gradient":""},"mobile":{"background-color":"var(--ast-global-color-5)","background-image":"","background-repeat":"repeat","background-position":"center center","background-size":"auto","background-attachment":"scroll","background-type":"","background-media":"","overlay-type":"","overlay-color":"","overlay-opacity":"","overlay-gradient":""}},"spay_email":""},"product_cat":[185,167,146,74],"product_tag":[],"_links":{"self":[{"href":"https:\/\/jugueterialudico.com.ar\/index.php?rest_route=\/wp\/v2\/product\/21891"}],"collection":[{"href":"https:\/\/jugueterialudico.com.ar\/index.php?rest_route=\/wp\/v2\/product"}],"about":[{"href":"https:\/\/jugueterialudico.com.ar\/index.php?rest_route=\/wp\/v2\/types\/product"}],"replies":[{"embeddable":true,"href":"https:\/\/jugueterialudico.com.ar\/index.php?rest_route=%2Fwp%2Fv2%2Fcomments&post=21891"}],"wp:featuredmedia":[{"embeddable":true,"href":"https:\/\/jugueterialudico.com.ar\/index.php?rest_route=\/wp\/v2\/media\/21892"}],"wp:attachment":[{"href":"https:\/\/jugueterialudico.com.ar\/index.php?rest_route=%2Fwp%2Fv2%2Fmedia&parent=21891"}],"wp:term":[{"taxonomy":"product_cat","embeddable":true,"href":"https:\/\/jugueterialudico.com.ar\/index.php?rest_route=%2Fwp%2Fv2%2Fproduct_cat&post=21891"},{"taxonomy":"product_tag","embeddable":true,"href":"https:\/\/jugueterialudico.com.ar\/index.php?rest_route=%2Fwp%2Fv2%2Fproduct_tag&post=21891"}],"curies":[{"name":"wp","href":"https:\/\/api.w.org\/{rel}","templated":true}]}}