{"id":21895,"date":"2022-09-20T10:12:00","date_gmt":"2022-09-20T13:12:00","guid":{"rendered":"https:\/\/jugueterialudico.com.ar\/?post_type=product&#038;p=21895"},"modified":"2026-02-18T16:25:13","modified_gmt":"2026-02-18T19:25:13","slug":"paniclab-035","status":"publish","type":"product","link":"https:\/\/jugueterialudico.com.ar\/?product=paniclab-035","title":{"rendered":"PANIC LAB -035"},"content":{"rendered":"<p>Panic Lab es un juego de mesa en el que tenemos que cuidar nuestro preciado laboratorio de la fuga de unas amebas. \u00a1Las amebas se escaparon y est\u00e1n movi\u00e9ndose para todos lados! \u00a1Encontalas r\u00e1pido! En este juego, todos juegan juntos y al mismo tiempo. Tir\u00e1 el dado que te indicar\u00e1 de qu\u00e9 laboratorio escap\u00f3 la ameba y como es la ameba escapista. El primer jugador en encontrar la ameba correcta ganar\u00e1 un punto. Pero cuidado, \u00a1estos peque\u00f1os embaucadores no quieren ser atrapados!<\/p>\n<p>Un juego r\u00e1pido, de reglas simples para desafiar a los m\u00e1s atentos.<\/p>\n<p>&nbsp;<\/p>\n<p><strong>Co<\/strong><strong>ntenido<\/strong>: 25 cuadrados ilustrados, 4 dados muy especiales, 30 fichas de juego, reglas del juego.<\/p>\n","protected":false},"excerpt":{"rendered":"<p>Panic Lab es un juego de mesa en el que tenemos que cuidar nuestro preciado laboratorio de la fuga de unas amebas. \u00a1Las amebas se escaparon y est\u00e1n movi\u00e9ndose para todos lados! \u00a1Encontalas r\u00e1pido! En este juego, todos juegan juntos y al mismo tiempo. Tir\u00e1 el dado que te indicar\u00e1 de qu\u00e9 laboratorio escap\u00f3 la [&hellip;]<\/p>\n","protected":false},"featured_media":21896,"comment_status":"open","ping_status":"closed","template":"","meta":{"site-sidebar-layout":"default","site-content-layout":"default","ast-site-content-layout":"","site-content-style":"default","site-sidebar-style":"default","ast-global-header-display":"","ast-banner-title-visibility":"","ast-main-header-display":"","ast-hfb-above-header-display":"","ast-hfb-below-header-display":"","ast-hfb-mobile-header-display":"","site-post-title":"","ast-breadcrumbs-content":"","ast-featured-img":"","footer-sml-layout":"","theme-transparent-header-meta":"default","adv-header-id-meta":"","stick-header-meta":"","header-above-stick-meta":"","header-main-stick-meta":"","header-below-stick-meta":"","astra-migrate-meta-layouts":"default","ast-page-background-enabled":"default","ast-page-background-meta":{"desktop":{"background-color":"","background-image":"","background-repeat":"repeat","background-position":"center center","background-size":"auto","background-attachment":"scroll","background-type":"","background-media":"","overlay-type":"","overlay-color":"","overlay-opacity":"","overlay-gradient":""},"tablet":{"background-color":"","background-image":"","background-repeat":"repeat","background-position":"center center","background-size":"auto","background-attachment":"scroll","background-type":"","background-media":"","overlay-type":"","overlay-color":"","overlay-opacity":"","overlay-gradient":""},"mobile":{"background-color":"","background-image":"","background-repeat":"repeat","background-position":"center center","background-size":"auto","background-attachment":"scroll","background-type":"","background-media":"","overlay-type":"","overlay-color":"","overlay-opacity":"","overlay-gradient":""}},"ast-content-background-meta":{"desktop":{"background-color":"var(--ast-global-color-5)","background-image":"","background-repeat":"repeat","background-position":"center center","background-size":"auto","background-attachment":"scroll","background-type":"","background-media":"","overlay-type":"","overlay-color":"","overlay-opacity":"","overlay-gradient":""},"tablet":{"background-color":"var(--ast-global-color-5)","background-image":"","background-repeat":"repeat","background-position":"center center","background-size":"auto","background-attachment":"scroll","background-type":"","background-media":"","overlay-type":"","overlay-color":"","overlay-opacity":"","overlay-gradient":""},"mobile":{"background-color":"var(--ast-global-color-5)","background-image":"","background-repeat":"repeat","background-position":"center center","background-size":"auto","background-attachment":"scroll","background-type":"","background-media":"","overlay-type":"","overlay-color":"","overlay-opacity":"","overlay-gradient":""}},"spay_email":""},"product_cat":[168,167,74],"product_tag":[],"_links":{"self":[{"href":"https:\/\/jugueterialudico.com.ar\/index.php?rest_route=\/wp\/v2\/product\/21895"}],"collection":[{"href":"https:\/\/jugueterialudico.com.ar\/index.php?rest_route=\/wp\/v2\/product"}],"about":[{"href":"https:\/\/jugueterialudico.com.ar\/index.php?rest_route=\/wp\/v2\/types\/product"}],"replies":[{"embeddable":true,"href":"https:\/\/jugueterialudico.com.ar\/index.php?rest_route=%2Fwp%2Fv2%2Fcomments&post=21895"}],"wp:featuredmedia":[{"embeddable":true,"href":"https:\/\/jugueterialudico.com.ar\/index.php?rest_route=\/wp\/v2\/media\/21896"}],"wp:attachment":[{"href":"https:\/\/jugueterialudico.com.ar\/index.php?rest_route=%2Fwp%2Fv2%2Fmedia&parent=21895"}],"wp:term":[{"taxonomy":"product_cat","embeddable":true,"href":"https:\/\/jugueterialudico.com.ar\/index.php?rest_route=%2Fwp%2Fv2%2Fproduct_cat&post=21895"},{"taxonomy":"product_tag","embeddable":true,"href":"https:\/\/jugueterialudico.com.ar\/index.php?rest_route=%2Fwp%2Fv2%2Fproduct_tag&post=21895"}],"curies":[{"name":"wp","href":"https:\/\/api.w.org\/{rel}","templated":true}]}}