{"id":21902,"date":"2022-09-20T10:21:56","date_gmt":"2022-09-20T13:21:56","guid":{"rendered":"https:\/\/jugueterialudico.com.ar\/?post_type=product&#038;p=21902"},"modified":"2026-03-20T11:11:19","modified_gmt":"2026-03-20T14:11:19","slug":"the-mind-035","status":"publish","type":"product","link":"https:\/\/jugueterialudico.com.ar\/?product=the-mind-035","title":{"rendered":"THE MIND -035"},"content":{"rendered":"<p>The Mind es m\u00e1s que un simple juego. Es un experiencia grupal, un experimento, un viaje. Un juego colaborativo, donde la intuici\u00f3n cumple un rol fundamental. Hay un mazo de cartas del 1 al 100 que se reparten entre los jugadores y sin turnos y sin poder hablar entre ellos, se deben bajar en orden.<br \/>\nEs un juego Alem\u00e1n, creado por Wolfgang Warsch que el a\u00f1o pasado revolucion\u00f3 el mercado de los juegos por su originalidad y su simpleza. Gan\u00f3 todo tipo de premios incluso fue finalista de Spiel de Jahres, premio con mayor prestigio del mundo.<\/p>\n<p><strong>Edad<\/strong>: 8+<\/p>\n<p><strong>Cantidad de jugadores:<\/strong>\u00a02-4<\/p>\n","protected":false},"excerpt":{"rendered":"<p>The Mind es m\u00e1s que un simple juego. Es un experiencia grupal, un experimento, un viaje. Un juego colaborativo, donde la intuici\u00f3n cumple un rol fundamental. Hay un mazo de cartas del 1 al 100 que se reparten entre los jugadores y sin turnos y sin poder hablar entre ellos, se deben bajar en orden. [&hellip;]<\/p>\n","protected":false},"featured_media":21903,"comment_status":"open","ping_status":"closed","template":"","meta":{"site-sidebar-layout":"default","site-content-layout":"default","ast-site-content-layout":"","site-content-style":"default","site-sidebar-style":"default","ast-global-header-display":"","ast-banner-title-visibility":"","ast-main-header-display":"","ast-hfb-above-header-display":"","ast-hfb-below-header-display":"","ast-hfb-mobile-header-display":"","site-post-title":"","ast-breadcrumbs-content":"","ast-featured-img":"","footer-sml-layout":"","theme-transparent-header-meta":"default","adv-header-id-meta":"","stick-header-meta":"","header-above-stick-meta":"","header-main-stick-meta":"","header-below-stick-meta":"","astra-migrate-meta-layouts":"default","ast-page-background-enabled":"default","ast-page-background-meta":{"desktop":{"background-color":"","background-image":"","background-repeat":"repeat","background-position":"center center","background-size":"auto","background-attachment":"scroll","background-type":"","background-media":"","overlay-type":"","overlay-color":"","overlay-opacity":"","overlay-gradient":""},"tablet":{"background-color":"","background-image":"","background-repeat":"repeat","background-position":"center center","background-size":"auto","background-attachment":"scroll","background-type":"","background-media":"","overlay-type":"","overlay-color":"","overlay-opacity":"","overlay-gradient":""},"mobile":{"background-color":"","background-image":"","background-repeat":"repeat","background-position":"center center","background-size":"auto","background-attachment":"scroll","background-type":"","background-media":"","overlay-type":"","overlay-color":"","overlay-opacity":"","overlay-gradient":""}},"ast-content-background-meta":{"desktop":{"background-color":"var(--ast-global-color-5)","background-image":"","background-repeat":"repeat","background-position":"center center","background-size":"auto","background-attachment":"scroll","background-type":"","background-media":"","overlay-type":"","overlay-color":"","overlay-opacity":"","overlay-gradient":""},"tablet":{"background-color":"var(--ast-global-color-5)","background-image":"","background-repeat":"repeat","background-position":"center center","background-size":"auto","background-attachment":"scroll","background-type":"","background-media":"","overlay-type":"","overlay-color":"","overlay-opacity":"","overlay-gradient":""},"mobile":{"background-color":"var(--ast-global-color-5)","background-image":"","background-repeat":"repeat","background-position":"center center","background-size":"auto","background-attachment":"scroll","background-type":"","background-media":"","overlay-type":"","overlay-color":"","overlay-opacity":"","overlay-gradient":""}},"spay_email":""},"product_cat":[185,167,74],"product_tag":[],"_links":{"self":[{"href":"https:\/\/jugueterialudico.com.ar\/index.php?rest_route=\/wp\/v2\/product\/21902"}],"collection":[{"href":"https:\/\/jugueterialudico.com.ar\/index.php?rest_route=\/wp\/v2\/product"}],"about":[{"href":"https:\/\/jugueterialudico.com.ar\/index.php?rest_route=\/wp\/v2\/types\/product"}],"replies":[{"embeddable":true,"href":"https:\/\/jugueterialudico.com.ar\/index.php?rest_route=%2Fwp%2Fv2%2Fcomments&post=21902"}],"wp:featuredmedia":[{"embeddable":true,"href":"https:\/\/jugueterialudico.com.ar\/index.php?rest_route=\/wp\/v2\/media\/21903"}],"wp:attachment":[{"href":"https:\/\/jugueterialudico.com.ar\/index.php?rest_route=%2Fwp%2Fv2%2Fmedia&parent=21902"}],"wp:term":[{"taxonomy":"product_cat","embeddable":true,"href":"https:\/\/jugueterialudico.com.ar\/index.php?rest_route=%2Fwp%2Fv2%2Fproduct_cat&post=21902"},{"taxonomy":"product_tag","embeddable":true,"href":"https:\/\/jugueterialudico.com.ar\/index.php?rest_route=%2Fwp%2Fv2%2Fproduct_tag&post=21902"}],"curies":[{"name":"wp","href":"https:\/\/api.w.org\/{rel}","templated":true}]}}