{"id":21917,"date":"2022-10-13T09:36:11","date_gmt":"2022-10-13T12:36:11","guid":{"rendered":"https:\/\/jugueterialudico.com.ar\/?post_type=product&#038;p=21917"},"modified":"2026-02-04T18:52:43","modified_gmt":"2026-02-04T21:52:43","slug":"numeros-encastrables","status":"publish","type":"product","link":"https:\/\/jugueterialudico.com.ar\/?product=numeros-encastrables","title":{"rendered":"N\u00daMEROS ENCASTRABLES -079"},"content":{"rendered":"<p><span class=\"product-name-details text-uppercase font-weight-400 letter-spacing-2 black-text\">NUMEROS ENCASTRABLES<\/span><\/p>\n<div class=\"separator-line bg-black no-margin-lr margin-five\"><\/div>\n<div>\n<p>Esta tabla de n\u00fameros es una forma genial de introducir a los ni\u00f1os en el mundo de los n\u00fameros, las cuentas y las habilidades matem\u00e1ticas.<\/p>\n<p>El encastre es una actividad que colabora con el desarrollo de la motricidad fina, la concentraci\u00f3n y la vinculaci\u00f3n mano-ojo.<\/p>\n<p>Contiene los n\u00fameros del 0 al 9 que encastran perfectamente en la base, dentro de una bolsa estampada.<\/p>\n<p>&nbsp;<\/p>\n<p>Medidas: 28&#215;16 cm. Alto de los n\u00fameros 6cm.<\/p>\n<\/div>\n","protected":false},"excerpt":{"rendered":"<p>NUMEROS ENCASTRABLES Esta tabla de n\u00fameros es una forma genial de introducir a los ni\u00f1os en el mundo de los n\u00fameros, las cuentas y las habilidades matem\u00e1ticas. El encastre es una actividad que colabora con el desarrollo de la motricidad fina, la concentraci\u00f3n y la vinculaci\u00f3n mano-ojo. Contiene los n\u00fameros del 0 al 9 que [&hellip;]<\/p>\n","protected":false},"featured_media":21918,"comment_status":"open","ping_status":"closed","template":"","meta":{"site-sidebar-layout":"default","site-content-layout":"default","ast-site-content-layout":"","site-content-style":"default","site-sidebar-style":"default","ast-global-header-display":"","ast-banner-title-visibility":"","ast-main-header-display":"","ast-hfb-above-header-display":"","ast-hfb-below-header-display":"","ast-hfb-mobile-header-display":"","site-post-title":"","ast-breadcrumbs-content":"","ast-featured-img":"","footer-sml-layout":"","theme-transparent-header-meta":"default","adv-header-id-meta":"","stick-header-meta":"","header-above-stick-meta":"","header-main-stick-meta":"","header-below-stick-meta":"","astra-migrate-meta-layouts":"default","ast-page-background-enabled":"default","ast-page-background-meta":{"desktop":{"background-color":"","background-image":"","background-repeat":"repeat","background-position":"center center","background-size":"auto","background-attachment":"scroll","background-type":"","background-media":"","overlay-type":"","overlay-color":"","overlay-opacity":"","overlay-gradient":""},"tablet":{"background-color":"","background-image":"","background-repeat":"repeat","background-position":"center center","background-size":"auto","background-attachment":"scroll","background-type":"","background-media":"","overlay-type":"","overlay-color":"","overlay-opacity":"","overlay-gradient":""},"mobile":{"background-color":"","background-image":"","background-repeat":"repeat","background-position":"center center","background-size":"auto","background-attachment":"scroll","background-type":"","background-media":"","overlay-type":"","overlay-color":"","overlay-opacity":"","overlay-gradient":""}},"ast-content-background-meta":{"desktop":{"background-color":"var(--ast-global-color-5)","background-image":"","background-repeat":"repeat","background-position":"center center","background-size":"auto","background-attachment":"scroll","background-type":"","background-media":"","overlay-type":"","overlay-color":"","overlay-opacity":"","overlay-gradient":""},"tablet":{"background-color":"var(--ast-global-color-5)","background-image":"","background-repeat":"repeat","background-position":"center center","background-size":"auto","background-attachment":"scroll","background-type":"","background-media":"","overlay-type":"","overlay-color":"","overlay-opacity":"","overlay-gradient":""},"mobile":{"background-color":"var(--ast-global-color-5)","background-image":"","background-repeat":"repeat","background-position":"center center","background-size":"auto","background-attachment":"scroll","background-type":"","background-media":"","overlay-type":"","overlay-color":"","overlay-opacity":"","overlay-gradient":""}},"spay_email":""},"product_cat":[161,163,164,165],"product_tag":[],"_links":{"self":[{"href":"https:\/\/jugueterialudico.com.ar\/index.php?rest_route=\/wp\/v2\/product\/21917"}],"collection":[{"href":"https:\/\/jugueterialudico.com.ar\/index.php?rest_route=\/wp\/v2\/product"}],"about":[{"href":"https:\/\/jugueterialudico.com.ar\/index.php?rest_route=\/wp\/v2\/types\/product"}],"replies":[{"embeddable":true,"href":"https:\/\/jugueterialudico.com.ar\/index.php?rest_route=%2Fwp%2Fv2%2Fcomments&post=21917"}],"wp:featuredmedia":[{"embeddable":true,"href":"https:\/\/jugueterialudico.com.ar\/index.php?rest_route=\/wp\/v2\/media\/21918"}],"wp:attachment":[{"href":"https:\/\/jugueterialudico.com.ar\/index.php?rest_route=%2Fwp%2Fv2%2Fmedia&parent=21917"}],"wp:term":[{"taxonomy":"product_cat","embeddable":true,"href":"https:\/\/jugueterialudico.com.ar\/index.php?rest_route=%2Fwp%2Fv2%2Fproduct_cat&post=21917"},{"taxonomy":"product_tag","embeddable":true,"href":"https:\/\/jugueterialudico.com.ar\/index.php?rest_route=%2Fwp%2Fv2%2Fproduct_tag&post=21917"}],"curies":[{"name":"wp","href":"https:\/\/api.w.org\/{rel}","templated":true}]}}