{"id":21938,"date":"2022-10-13T09:59:47","date_gmt":"2022-10-13T12:59:47","guid":{"rendered":"https:\/\/jugueterialudico.com.ar\/?post_type=product&#038;p=21938"},"modified":"2026-02-04T18:51:40","modified_gmt":"2026-02-04T21:51:40","slug":"tabla-abc-imprenta-079","status":"publish","type":"product","link":"https:\/\/jugueterialudico.com.ar\/?product=tabla-abc-imprenta-079","title":{"rendered":"TABLA ABC IMPRENTA -079"},"content":{"rendered":"<p><span class=\"product-name-details text-uppercase font-weight-400 letter-spacing-2 black-text\">TABLA ABC IMPRENTA<\/span><\/p>\n<div class=\"separator-line bg-black no-margin-lr margin-five\"><\/div>\n<div>\n<p>Las tablas de trazo facilitan el contacto del ni\u00f1o con las letras antes\u00a0de llegar al papel.<\/p>\n<p>Como se usa?<\/p>\n<div class=\"O0\">\u2022Con el l\u00e1piz van aprendiendo el recorrido , el movimiento\u00a0y la forma de cada letra; esto los llena de confianza para poder\u00a0repetirlo con otros medios.<\/div>\n<div class=\"O0\">\u2022Si los rellenan con diferentes materiales estimula la motricidad fina, al mismo tiempo aprenden a clasificar y contar.<\/div>\n<div class=\"O0\">\u2022Apoyando\u00a0una\u00a0hoja y frotando con un cray\u00f3n descubren como aparecen las letras.<\/div>\n<div class=\"O0\">\u2022Pueden presionar diferentes masas y generar impresiones.<\/div>\n<div class=\"O0\">\u2022 Son reversibles, de un lado encontrar\u00e1s el abecedario en imprenta min\u00fascula y del otro en may\u00fasculas.<\/div>\n<p>&nbsp;<\/p>\n<div class=\"O0\">Realizada en pino y curada con aceites naturales.<\/div>\n<div class=\"O0\"><\/div>\n<div class=\"O0\"><\/div>\n<div class=\"O0\">Medidas 35 x 22 cm aprox.<\/div>\n<\/div>\n","protected":false},"excerpt":{"rendered":"<p>TABLA ABC IMPRENTA Las tablas de trazo facilitan el contacto del ni\u00f1o con las letras antes\u00a0de llegar al papel. Como se usa? \u2022Con el l\u00e1piz van aprendiendo el recorrido , el movimiento\u00a0y la forma de cada letra; esto los llena de confianza para poder\u00a0repetirlo con otros medios. \u2022Si los rellenan con diferentes materiales estimula la [&hellip;]<\/p>\n","protected":false},"featured_media":21939,"comment_status":"open","ping_status":"closed","template":"","meta":{"site-sidebar-layout":"default","site-content-layout":"default","ast-site-content-layout":"","site-content-style":"default","site-sidebar-style":"default","ast-global-header-display":"","ast-banner-title-visibility":"","ast-main-header-display":"","ast-hfb-above-header-display":"","ast-hfb-below-header-display":"","ast-hfb-mobile-header-display":"","site-post-title":"","ast-breadcrumbs-content":"","ast-featured-img":"","footer-sml-layout":"","theme-transparent-header-meta":"default","adv-header-id-meta":"","stick-header-meta":"","header-above-stick-meta":"","header-main-stick-meta":"","header-below-stick-meta":"","astra-migrate-meta-layouts":"default","ast-page-background-enabled":"default","ast-page-background-meta":{"desktop":{"background-color":"","background-image":"","background-repeat":"repeat","background-position":"center center","background-size":"auto","background-attachment":"scroll","background-type":"","background-media":"","overlay-type":"","overlay-color":"","overlay-opacity":"","overlay-gradient":""},"tablet":{"background-color":"","background-image":"","background-repeat":"repeat","background-position":"center center","background-size":"auto","background-attachment":"scroll","background-type":"","background-media":"","overlay-type":"","overlay-color":"","overlay-opacity":"","overlay-gradient":""},"mobile":{"background-color":"","background-image":"","background-repeat":"repeat","background-position":"center center","background-size":"auto","background-attachment":"scroll","background-type":"","background-media":"","overlay-type":"","overlay-color":"","overlay-opacity":"","overlay-gradient":""}},"ast-content-background-meta":{"desktop":{"background-color":"var(--ast-global-color-5)","background-image":"","background-repeat":"repeat","background-position":"center center","background-size":"auto","background-attachment":"scroll","background-type":"","background-media":"","overlay-type":"","overlay-color":"","overlay-opacity":"","overlay-gradient":""},"tablet":{"background-color":"var(--ast-global-color-5)","background-image":"","background-repeat":"repeat","background-position":"center center","background-size":"auto","background-attachment":"scroll","background-type":"","background-media":"","overlay-type":"","overlay-color":"","overlay-opacity":"","overlay-gradient":""},"mobile":{"background-color":"var(--ast-global-color-5)","background-image":"","background-repeat":"repeat","background-position":"center center","background-size":"auto","background-attachment":"scroll","background-type":"","background-media":"","overlay-type":"","overlay-color":"","overlay-opacity":"","overlay-gradient":""}},"spay_email":""},"product_cat":[164,165,166,146,93],"product_tag":[],"_links":{"self":[{"href":"https:\/\/jugueterialudico.com.ar\/index.php?rest_route=\/wp\/v2\/product\/21938"}],"collection":[{"href":"https:\/\/jugueterialudico.com.ar\/index.php?rest_route=\/wp\/v2\/product"}],"about":[{"href":"https:\/\/jugueterialudico.com.ar\/index.php?rest_route=\/wp\/v2\/types\/product"}],"replies":[{"embeddable":true,"href":"https:\/\/jugueterialudico.com.ar\/index.php?rest_route=%2Fwp%2Fv2%2Fcomments&post=21938"}],"wp:featuredmedia":[{"embeddable":true,"href":"https:\/\/jugueterialudico.com.ar\/index.php?rest_route=\/wp\/v2\/media\/21939"}],"wp:attachment":[{"href":"https:\/\/jugueterialudico.com.ar\/index.php?rest_route=%2Fwp%2Fv2%2Fmedia&parent=21938"}],"wp:term":[{"taxonomy":"product_cat","embeddable":true,"href":"https:\/\/jugueterialudico.com.ar\/index.php?rest_route=%2Fwp%2Fv2%2Fproduct_cat&post=21938"},{"taxonomy":"product_tag","embeddable":true,"href":"https:\/\/jugueterialudico.com.ar\/index.php?rest_route=%2Fwp%2Fv2%2Fproduct_tag&post=21938"}],"curies":[{"name":"wp","href":"https:\/\/api.w.org\/{rel}","templated":true}]}}