{"id":21984,"date":"2022-10-29T16:55:08","date_gmt":"2022-10-29T19:55:08","guid":{"rendered":"https:\/\/jugueterialudico.com.ar\/?post_type=product&#038;p=21984"},"modified":"2026-02-18T16:24:13","modified_gmt":"2026-02-18T19:24:13","slug":"lucky-numbers-035","status":"publish","type":"product","link":"https:\/\/jugueterialudico.com.ar\/?product=lucky-numbers-035","title":{"rendered":"LUCKY NUMBERS &#8211; 035"},"content":{"rendered":"<div class=\"js-product-left-col span7 p-relative\" data-store=\"product-image-98614395\">\n<div class=\"description product-description product-description-desktop visible-when-content-ready user-content clear-both hidden-phone pull-left m-top\" data-store=\"product-description-98614395\">\n<p><strong>LUCKY NUMBERS\u00a0\u00a0<\/strong>es un juego de mesa donde se combina la estrategia y la suerte, para toda la familia.<\/p>\n<p>El objetivo del juego es completar el tablero con n\u00fameros uno a la vez. Pero para ubicar en el tablero hay que tener en cuenta una regla simple: solo se pueden ubicar n\u00fameros en orden ascendente hacia la derecha y hacia abajo. Quien primero lo logre ser\u00e1 el ganador.<\/p>\n<p>Cada jugador debe llenar su tablero con tr\u00e9boles ordenados de manera ascendente, tanto vertical como horizontal.<\/p>\n<p>Es un juego sencillo y muy adictivo para toda la familia.\u00a0Se puede jugar hasta 4 jugadores y tiene una versi\u00f3n en solitario con 40 niveles.<\/p>\n<p><strong>Jugadores:\u00a0<\/strong>\u00a01 a 4 jugadores<br \/>\n<strong>Tiempo:\u00a0<\/strong>15\/20\u00a0minutos<br \/>\n<strong>Edad:\u00a0<\/strong>+8 a\u00f1os<\/p>\n<\/div>\n<\/div>\n<div class=\"js-product-right-col span5\" data-store=\"product-info-98614395\">\n<div class=\"product-form-container\">\n<form id=\"product_form\" class=\"js-product-form display-when-content-ready product-form clear-both\" action=\"https:\/\/tienda.maldon.com.ar\/comprar\/\" method=\"post\" data-store=\"product-form-98614395\">\n<div class=\"js-product-buy-container product-buy-fixed affix\">\n<div class=\"row-fluid\">\n<div class=\"product-buy-container span12\">\n<div class=\"js-product-left-col span7 p-relative\" data-store=\"product-image-98614395\">\n<div class=\"description product-description product-description-desktop visible-when-content-ready user-content clear-both hidden-phone pull-left m-top\" data-store=\"product-description-98614395\">\n<p>&nbsp;<\/p>\n<p>&nbsp;<\/p>\n<p><strong>RESUMEN \u00abCOMO SE JUEGA\u00bb<\/strong><\/p>\n<p><iframe loading=\"lazy\" title=\"YouTube video player\" src=\"https:\/\/www.youtube.com\/embed\/HVONEEIhFR8\" width=\"560\" height=\"315\" frameborder=\"0\" allowfullscreen=\"allowfullscreen\"><\/iframe><\/p>\n<p>&nbsp;<\/p>\n<\/div>\n<\/div>\n<div class=\"js-product-right-col span5\" data-store=\"product-info-98614395\">\n<div class=\"product-form-container\">\n<div class=\"js-product-buy-container product-buy-fixed affix\"><\/div>\n<\/div>\n<\/div>\n<\/div>\n<\/div>\n<\/div>\n<\/form>\n<\/div>\n<\/div>\n","protected":false},"excerpt":{"rendered":"<p>LUCKY NUMBERS\u00a0\u00a0es un juego de mesa donde se combina la estrategia y la suerte, para toda la familia. El objetivo del juego es completar el tablero con n\u00fameros uno a la vez. Pero para ubicar en el tablero hay que tener en cuenta una regla simple: solo se pueden ubicar n\u00fameros en orden ascendente hacia [&hellip;]<\/p>\n","protected":false},"featured_media":21986,"comment_status":"open","ping_status":"closed","template":"","meta":{"site-sidebar-layout":"default","site-content-layout":"default","ast-site-content-layout":"","site-content-style":"default","site-sidebar-style":"default","ast-global-header-display":"","ast-banner-title-visibility":"","ast-main-header-display":"","ast-hfb-above-header-display":"","ast-hfb-below-header-display":"","ast-hfb-mobile-header-display":"","site-post-title":"","ast-breadcrumbs-content":"","ast-featured-img":"","footer-sml-layout":"","theme-transparent-header-meta":"default","adv-header-id-meta":"","stick-header-meta":"","header-above-stick-meta":"","header-main-stick-meta":"","header-below-stick-meta":"","astra-migrate-meta-layouts":"default","ast-page-background-enabled":"default","ast-page-background-meta":{"desktop":{"background-color":"","background-image":"","background-repeat":"repeat","background-position":"center center","background-size":"auto","background-attachment":"scroll","background-type":"","background-media":"","overlay-type":"","overlay-color":"","overlay-opacity":"","overlay-gradient":""},"tablet":{"background-color":"","background-image":"","background-repeat":"repeat","background-position":"center center","background-size":"auto","background-attachment":"scroll","background-type":"","background-media":"","overlay-type":"","overlay-color":"","overlay-opacity":"","overlay-gradient":""},"mobile":{"background-color":"","background-image":"","background-repeat":"repeat","background-position":"center center","background-size":"auto","background-attachment":"scroll","background-type":"","background-media":"","overlay-type":"","overlay-color":"","overlay-opacity":"","overlay-gradient":""}},"ast-content-background-meta":{"desktop":{"background-color":"var(--ast-global-color-5)","background-image":"","background-repeat":"repeat","background-position":"center center","background-size":"auto","background-attachment":"scroll","background-type":"","background-media":"","overlay-type":"","overlay-color":"","overlay-opacity":"","overlay-gradient":""},"tablet":{"background-color":"var(--ast-global-color-5)","background-image":"","background-repeat":"repeat","background-position":"center center","background-size":"auto","background-attachment":"scroll","background-type":"","background-media":"","overlay-type":"","overlay-color":"","overlay-opacity":"","overlay-gradient":""},"mobile":{"background-color":"var(--ast-global-color-5)","background-image":"","background-repeat":"repeat","background-position":"center center","background-size":"auto","background-attachment":"scroll","background-type":"","background-media":"","overlay-type":"","overlay-color":"","overlay-opacity":"","overlay-gradient":""}},"spay_email":""},"product_cat":[168,167,74],"product_tag":[],"_links":{"self":[{"href":"https:\/\/jugueterialudico.com.ar\/index.php?rest_route=\/wp\/v2\/product\/21984"}],"collection":[{"href":"https:\/\/jugueterialudico.com.ar\/index.php?rest_route=\/wp\/v2\/product"}],"about":[{"href":"https:\/\/jugueterialudico.com.ar\/index.php?rest_route=\/wp\/v2\/types\/product"}],"replies":[{"embeddable":true,"href":"https:\/\/jugueterialudico.com.ar\/index.php?rest_route=%2Fwp%2Fv2%2Fcomments&post=21984"}],"wp:featuredmedia":[{"embeddable":true,"href":"https:\/\/jugueterialudico.com.ar\/index.php?rest_route=\/wp\/v2\/media\/21986"}],"wp:attachment":[{"href":"https:\/\/jugueterialudico.com.ar\/index.php?rest_route=%2Fwp%2Fv2%2Fmedia&parent=21984"}],"wp:term":[{"taxonomy":"product_cat","embeddable":true,"href":"https:\/\/jugueterialudico.com.ar\/index.php?rest_route=%2Fwp%2Fv2%2Fproduct_cat&post=21984"},{"taxonomy":"product_tag","embeddable":true,"href":"https:\/\/jugueterialudico.com.ar\/index.php?rest_route=%2Fwp%2Fv2%2Fproduct_tag&post=21984"}],"curies":[{"name":"wp","href":"https:\/\/api.w.org\/{rel}","templated":true}]}}